{"id":4749,"date":"2022-07-20T08:54:56","date_gmt":"2022-07-20T08:54:56","guid":{"rendered":"http:\/\/staging.grindeks.eu\/?page_id=4749"},"modified":"2022-10-18T12:24:01","modified_gmt":"2022-10-18T12:24:01","slug":"%d0%b8%d1%81%d1%82%d0%be%d1%80%d0%b8%d1%8f","status":"publish","type":"page","link":"https:\/\/grindeks.com\/ru\/%d0%be-%d0%bd%d0%b0%d1%81\/%d0%b8%d1%81%d1%82%d0%be%d1%80%d0%b8%d1%8f\/","title":{"rendered":"\u0418\u0441\u0442\u043e\u0440\u0438\u044f"},"content":{"rendered":"\n<p>\u0418\u0441\u0442\u043e\u0440\u0438\u044f \u0413\u0440\u0438\u043d\u0434\u0435\u043a\u0441 \u043d\u0430\u0447\u0430\u043b\u0430\u0441\u044c \u0432 1946 \u0433\u043e\u0434\u0443 \u043d\u0430 \u0417\u0430\u0432\u043e\u0434\u0435 \u0432\u0438\u0442\u0430\u043c\u0438\u043d\u043e\u0432 \u0438 \u0433\u043e\u0440\u043c\u043e\u043d\u043e\u0432, \u043a\u043e\u0442\u043e\u0440\u044b\u0439 \u0441\u043e \u0432\u0440\u0435\u043c\u0435\u043d\u0435\u043c \u0441\u0442\u0430\u043b \u0432\u0435\u0440\u0442\u0438\u043a\u0430\u043b\u044c\u043d\u043e \u0438\u043d\u0442\u0435\u0433\u0440\u0438\u0440\u043e\u0432\u0430\u043d\u043d\u044b\u043c \u0444\u0430\u0440\u043c\u0430\u0446\u0435\u0432\u0442\u0438\u0447\u0435\u0441\u043a\u0438\u043c \u043a\u043e\u043d\u0446\u0435\u0440\u043d\u043e\u043c.<\/p>\n\n\n\n<figure class=\"wp-block-embed is-type-video is-provider-youtube wp-block-embed-youtube wp-embed-aspect-16-9 wp-has-aspect-ratio\"><div class=\"wp-block-embed__wrapper\">\n<iframe title=\"Grindeks 75 att\u012bst\u012bbas so\u013ci\" width=\"500\" height=\"281\" src=\"https:\/\/www.youtube.com\/embed\/2m_TRZRQtXY?feature=oembed\" frameborder=\"0\" allow=\"accelerometer; autoplay; clipboard-write; encrypted-media; gyroscope; picture-in-picture; web-share\" referrerpolicy=\"strict-origin-when-cross-origin\" allowfullscreen><\/iframe>\n<\/div><figcaption>21 \u0434\u0435\u043a\u0430\u0431\u0440\u044f 2021 \u0433\u043e\u0434\u0430 Grindeks, \u0432\u0435\u0434\u0443\u0449\u0438\u0439 \u043f\u0440\u043e\u0438\u0437\u0432\u043e\u0434\u0438\u0442\u0435\u043b\u044c \u0444\u0430\u0440\u043c\u0430\u0446\u0435\u0432\u0442\u0438\u0447\u0435\u0441\u043a\u043e\u0439 \u043f\u0440\u043e\u0434\u0443\u043a\u0446\u0438\u0438 \u0432 \u0441\u0442\u0440\u0430\u043d\u0430\u0445 \u0411\u0430\u043b\u0442\u0438\u0438, \u043e\u0442\u043c\u0435\u0442\u0438\u043b \u0441\u0432\u043e\u0435 75-\u043b\u0435\u0442\u0438\u0435. \u0417\u0430 \u044d\u0442\u0438 75 \u043b\u0435\u0442 \u0413\u0440\u0438\u043d\u0434\u0435\u043a\u0441 \u043f\u0440\u0435\u0432\u0440\u0430\u0442\u0438\u043b\u0441\u044f \u0432 \u0433\u043b\u043e\u0431\u0430\u043b\u044c\u043d\u0443\u044e \u0444\u0430\u0440\u043c\u0430\u0446\u0435\u0432\u0442\u0438\u0447\u0435\u0441\u043a\u0443\u044e \u043a\u043e\u043c\u043f\u0430\u043d\u0438\u044e \u0438 \u043f\u043e\u043c\u043e\u0433 \u043c\u0438\u043b\u043b\u0438\u043e\u043d\u0430\u043c \u043f\u0430\u0446\u0438\u0435\u043d\u0442\u043e\u0432 \u043f\u043e \u0432\u0441\u0435\u043c\u0443 \u043c\u0438\u0440\u0443. \u0412 \u044d\u0442\u043e\u043c \u0432\u0438\u0434\u0435\u043e \u043f\u043e\u043a\u0430\u0437\u0430\u043d \u043d\u0430\u0448 \u043c\u043d\u043e\u0433\u043e\u043b\u0435\u0442\u043d\u0438\u0439 \u043f\u0443\u0442\u044c.<\/figcaption><\/figure>\n","protected":false},"excerpt":{"rendered":"<p>\u0418\u0441\u0442\u043e\u0440\u0438\u044f \u0413\u0440\u0438\u043d\u0434\u0435\u043a\u0441 \u043d\u0430\u0447\u0430\u043b\u0430\u0441\u044c \u0432 1946 \u0433\u043e\u0434\u0443 \u043d\u0430 \u0417\u0430\u0432\u043e\u0434\u0435 \u0432\u0438\u0442\u0430\u043c\u0438\u043d\u043e\u0432 \u0438 \u0433\u043e\u0440\u043c\u043e\u043d\u043e\u0432, \u043a\u043e\u0442\u043e\u0440\u044b\u0439 \u0441\u043e \u0432\u0440\u0435\u043c\u0435\u043d\u0435\u043c \u0441\u0442\u0430\u043b \u0432\u0435\u0440\u0442\u0438\u043a\u0430\u043b\u044c\u043d\u043e \u0438\u043d\u0442\u0435\u0433\u0440\u0438\u0440\u043e\u0432\u0430\u043d\u043d\u044b\u043c \u0444\u0430\u0440\u043c\u0430\u0446\u0435\u0432\u0442\u0438\u0447\u0435\u0441\u043a\u0438\u043c \u043a\u043e\u043d\u0446\u0435\u0440\u043d\u043e\u043c.<\/p>\n","protected":false},"author":3,"featured_media":6601,"parent":4422,"menu_order":0,"comment_status":"closed","ping_status":"closed","template":"","meta":{"_acf_changed":false,"footnotes":""},"class_list":["post-4749","page","type-page","status-publish","has-post-thumbnail","hentry"],"acf":[],"_links":{"self":[{"href":"https:\/\/grindeks.com\/ru\/wp-json\/wp\/v2\/pages\/4749","targetHints":{"allow":["GET"]}}],"collection":[{"href":"https:\/\/grindeks.com\/ru\/wp-json\/wp\/v2\/pages"}],"about":[{"href":"https:\/\/grindeks.com\/ru\/wp-json\/wp\/v2\/types\/page"}],"author":[{"embeddable":true,"href":"https:\/\/grindeks.com\/ru\/wp-json\/wp\/v2\/users\/3"}],"replies":[{"embeddable":true,"href":"https:\/\/grindeks.com\/ru\/wp-json\/wp\/v2\/comments?post=4749"}],"version-history":[{"count":0,"href":"https:\/\/grindeks.com\/ru\/wp-json\/wp\/v2\/pages\/4749\/revisions"}],"up":[{"embeddable":true,"href":"https:\/\/grindeks.com\/ru\/wp-json\/wp\/v2\/pages\/4422"}],"wp:featuredmedia":[{"embeddable":true,"href":"https:\/\/grindeks.com\/ru\/wp-json\/wp\/v2\/media\/6601"}],"wp:attachment":[{"href":"https:\/\/grindeks.com\/ru\/wp-json\/wp\/v2\/media?parent=4749"}],"curies":[{"name":"wp","href":"https:\/\/api.w.org\/{rel}","templated":true}]}}