{"id":9846,"date":"2023-03-21T07:30:50","date_gmt":"2023-03-21T07:30:50","guid":{"rendered":"https:\/\/staging.grindeks.eu\/?page_id=9846"},"modified":"2023-04-12T06:20:41","modified_gmt":"2023-04-12T06:20:41","slug":"publiska-apspriesana","status":"publish","type":"page","link":"https:\/\/grindeks.com\/lv\/par-mums\/sadarbiba\/publiska-apspriesana\/","title":{"rendered":"Publisk\u0101 apsprie\u0161ana"},"content":{"rendered":"\n<h3 class=\"wp-block-heading\"><strong>Grindeks pazi\u0146ojums par r\u016bpniecisko av\u0101riju nov\u0113r\u0161anas programmas publisko apsprie\u0161anu<\/strong><\/h3>\n\n\n\n<p>AS Grindeks, re\u0123. Nr. LV40003034935, juridisk\u0101 adrese: Krustpils iela 53, R\u012bga, LV-1057 (Operators), ir sagatavojusi r\u016bpniecisko av\u0101riju nov\u0113r\u0161anas programmu objektam &#8211; Renc\u0113nu iel\u0101 3b, R\u012bg\u0101, LV-1057, kas veic siltuma un tvaika sagatavo\u0161anu ra\u017eo\u0161anai, izmantojot dabasg\u0101zi un sa\u0161\u0137idrin\u0101to naftas g\u0101zi.<\/p>\n\n\n\n<p>R\u016bpniecisko av\u0101riju nov\u0113r\u0161anas programma sagatavota ar m\u0113r\u0137i raksturot uz\u0146\u0113muma objekt\u0101 ieviest\u0101s sistem\u0101tisk\u0101s darb\u012bbas, kas tiek veiktas, lai nodro\u0161in\u0101tu dro\u0161as darb\u012bbas ar sa\u0161\u0137idrin\u0101t\u0101s naftas g\u0101zes uzglab\u0101\u0161anu un izmanto\u0161anu, un r\u012bc\u012bbas, kas ir paredz\u0113tas potenci\u0101li iesp\u0113jam\u0101s \u0101rk\u0101rtas situ\u0101cij\u0101s.<\/p>\n\n\n\n<p>Saska\u0146\u0101 ar Covid-19 infekcijas izplat\u012bbas p\u0101rvald\u012bbas likumu (sp\u0113k\u0101 ar 2020. gada 10. j\u016bniju), publisk\u0101 apsprie\u0161ana notiks <strong><u>nekl\u0101tienes form\u0101<\/u><\/strong> <strong>no 2023. gada 5. l\u012bdz 17. apr\u012blim.<\/strong><\/p>\n\n\n\n<p>Publisk\u0101s apsprie\u0161anas san\u0101ksme notiks att\u0101lin\u0101ti 2023. gada 5. apr\u012bl\u012b plkst. 16.00.<\/p>\n\n\n\n<h3 class=\"wp-block-heading\"><strong>Publisk\u0101s apsprie\u0161anas piek\u013cuves saite:<\/strong><\/h3>\n\n\n\n<p><strong>Saite: <a href=\"https:\/\/teams.microsoft.com\/l\/meetup-join\/19%3ameeting_Mzg5ZTUyY2YtZWNjNS00NGZmLTk4MjQtMmYxMzg5MDA2NmU0%40thread.v2\/0?context=%7b%22Tid%22%3a%2268b628ab-578a-4367-8d4e-bc98746c4353%22%2c%22Oid%22%3a%22810e43b5-47fb-4380-bf01-608fc75ba1b7%22%7d\" target=\"_blank\" rel=\"noreferrer noopener\">Spied \u0161eit.<\/a><\/strong><\/p>\n\n\n\n<p><strong>Meeting ID:<\/strong> 342 302 709 476<\/p>\n\n\n\n<p><strong>Passcode:<\/strong> 4XaaSL<\/p>\n\n\n\n<p>Ar r\u016bpniecisko av\u0101riju nov\u0113r\u0161anas programmu kl\u0101tien\u0113 var iepaz\u012bties AS Grindeks, adrese: Krustpils iela 53, R\u012bga, LV-1057 darba dien\u0101s plkst.: 8.00-17.00, iepriek\u0161 piesakoties pa t\u0101lruni: 26556181 vai e-pastu: <a href=\"mailto:darba.aizsardziba@grindeks.lv\">darba.aizsardziba@grindeks.lv<\/a>.<\/p>\n\n\n\n<p>Rakstiskus priek\u0161likumus un viedok\u013cus par publisk\u0101s apsprie\u0161anas san\u0101ksm\u0113 izskat\u012btajiem jaut\u0101jumiem var s\u016bt\u012bt l\u012bdz \u0161.g. 17. apr\u012blim Operatoram (e-pasts: <a href=\"mailto:darba.aizsardziba@grindeks.lv\">darba.aizsardziba@grindeks.lv<\/a>) un Vides p\u0101rraudz\u012bbas valsts birojam (R\u016bpniec\u012bbas iela 23, R\u012bga, LV-1045, t\u0101lrunis: 67321173, e-pasts: <a href=\"mailto:pasts@vpvb.gov.lv\">pasts@vpvb.gov.lv<\/a>).<\/p>\n\n\n\n<div class=\"wp-block-file\"><a id=\"wp-block-file--media-045023a9-7402-4612-8733-df022145f13a\" href=\"https:\/\/grindeks.com\/wp-content\/uploads\/2023\/03\/RANP-Rencenu-3b-isa-versija.pdf\">R\u016bpniecisko av\u0101riju nov\u0113r\u0161anas programma Katlu m\u0101ja Renc\u0113nu iel\u0101 3b<\/a><a href=\"https:\/\/grindeks.com\/wp-content\/uploads\/2023\/03\/RANP-Rencenu-3b-isa-versija.pdf\" class=\"wp-block-file__button wp-element-button\" aria-describedby=\"wp-block-file--media-045023a9-7402-4612-8733-df022145f13a\" download><strong>Lejupiel\u0101d\u0113t \u0161eit<\/strong><\/a><\/div>\n\n\n\n<p><\/p>\n\n\n\n<h3 class=\"wp-block-heading\"><strong>Publisk\u0101s apsprie\u0161anas video:<\/strong><\/h3>\n\n\n\n<figure class=\"wp-block-embed is-type-video is-provider-youtube wp-block-embed-youtube wp-embed-aspect-16-9 wp-has-aspect-ratio\"><div class=\"wp-block-embed__wrapper\">\n<iframe title=\"\u201cGrindeks\u201d r\u016bpniecisko av\u0101riju nov\u0113r\u0161anas programmas publisk\u0101 apsprie\u0161ana Renc\u0113nu iela 3b\" width=\"500\" height=\"281\" src=\"https:\/\/www.youtube.com\/embed\/_aMnMJjAj2o?feature=oembed\" frameborder=\"0\" allow=\"accelerometer; autoplay; clipboard-write; encrypted-media; gyroscope; picture-in-picture; web-share\" referrerpolicy=\"strict-origin-when-cross-origin\" allowfullscreen><\/iframe>\n<\/div><\/figure>\n\n\n\n<div class=\"wp-block-file\"><a id=\"wp-block-file--media-e2cd5032-ff22-4017-a82f-d9910966e378\" href=\"https:\/\/grindeks.com\/wp-content\/uploads\/2023\/04\/RANP-prezentacija-05-04-2023.pdf\">RANP-prezentacija-05-04-2023<\/a><a href=\"https:\/\/grindeks.com\/wp-content\/uploads\/2023\/04\/RANP-prezentacija-05-04-2023.pdf\" class=\"wp-block-file__button wp-element-button\" aria-describedby=\"wp-block-file--media-e2cd5032-ff22-4017-a82f-d9910966e378\" download>Lejupiel\u0101d\u0113t<\/a><\/div>\n","protected":false},"excerpt":{"rendered":"<p>Grindeks pazi\u0146ojums par r\u016bpniecisko av\u0101riju nov\u0113r\u0161anas programmas publisko apsprie\u0161anu AS Grindeks, re\u0123. Nr. LV40003034935, juridisk\u0101 adrese: Krustpils iela 53, R\u012bga, LV-1057 (Operators), ir sagatavojusi r\u016bpniecisko&#8230;<\/p>\n","protected":false},"author":6,"featured_media":6601,"parent":4337,"menu_order":0,"comment_status":"closed","ping_status":"closed","template":"","meta":{"_acf_changed":false,"footnotes":""},"class_list":["post-9846","page","type-page","status-publish","has-post-thumbnail","hentry"],"acf":[],"_links":{"self":[{"href":"https:\/\/grindeks.com\/lv\/wp-json\/wp\/v2\/pages\/9846","targetHints":{"allow":["GET"]}}],"collection":[{"href":"https:\/\/grindeks.com\/lv\/wp-json\/wp\/v2\/pages"}],"about":[{"href":"https:\/\/grindeks.com\/lv\/wp-json\/wp\/v2\/types\/page"}],"author":[{"embeddable":true,"href":"https:\/\/grindeks.com\/lv\/wp-json\/wp\/v2\/users\/6"}],"replies":[{"embeddable":true,"href":"https:\/\/grindeks.com\/lv\/wp-json\/wp\/v2\/comments?post=9846"}],"version-history":[{"count":0,"href":"https:\/\/grindeks.com\/lv\/wp-json\/wp\/v2\/pages\/9846\/revisions"}],"up":[{"embeddable":true,"href":"https:\/\/grindeks.com\/lv\/wp-json\/wp\/v2\/pages\/4337"}],"wp:featuredmedia":[{"embeddable":true,"href":"https:\/\/grindeks.com\/lv\/wp-json\/wp\/v2\/media\/6601"}],"wp:attachment":[{"href":"https:\/\/grindeks.com\/lv\/wp-json\/wp\/v2\/media?parent=9846"}],"curies":[{"name":"wp","href":"https:\/\/api.w.org\/{rel}","templated":true}]}}