{"id":9715,"date":"2023-02-16T08:45:26","date_gmt":"2023-02-16T08:45:26","guid":{"rendered":"https:\/\/staging.grindeks.eu\/?page_id=9715"},"modified":"2023-02-16T08:45:31","modified_gmt":"2023-02-16T08:45:31","slug":"kvalitates-vides-un-energoparvaldibas-arodveselibas-un-drosibas-politika","status":"publish","type":"page","link":"https:\/\/grindeks.com\/lv\/kvalitates-vides-un-energoparvaldibas-arodveselibas-un-drosibas-politika\/","title":{"rendered":"Kvalit\u0101tes, vides un energop\u0101rvald\u012bbas, arodvesel\u012bbas un dro\u0161\u012bbas politika"},"content":{"rendered":"\n<figure class=\"wp-block-image\"><img decoding=\"async\" src=\"https:\/\/grindeks.com\/wp-content\/uploads\/2022\/08\/Kvalitates-politika-Grindeks-2020LV-scaled-1-702x1024.jpeg\" alt=\"Kvalitates politika Grindeks 2020LV scaled 1\" title=\"\"><\/figure>\n","protected":false},"excerpt":{"rendered":"","protected":false},"author":6,"featured_media":6601,"parent":0,"menu_order":0,"comment_status":"closed","ping_status":"closed","template":"","meta":{"_acf_changed":false,"footnotes":""},"class_list":["post-9715","page","type-page","status-publish","has-post-thumbnail","hentry"],"acf":[],"_links":{"self":[{"href":"https:\/\/grindeks.com\/lv\/wp-json\/wp\/v2\/pages\/9715","targetHints":{"allow":["GET"]}}],"collection":[{"href":"https:\/\/grindeks.com\/lv\/wp-json\/wp\/v2\/pages"}],"about":[{"href":"https:\/\/grindeks.com\/lv\/wp-json\/wp\/v2\/types\/page"}],"author":[{"embeddable":true,"href":"https:\/\/grindeks.com\/lv\/wp-json\/wp\/v2\/users\/6"}],"replies":[{"embeddable":true,"href":"https:\/\/grindeks.com\/lv\/wp-json\/wp\/v2\/comments?post=9715"}],"version-history":[{"count":0,"href":"https:\/\/grindeks.com\/lv\/wp-json\/wp\/v2\/pages\/9715\/revisions"}],"wp:featuredmedia":[{"embeddable":true,"href":"https:\/\/grindeks.com\/lv\/wp-json\/wp\/v2\/media\/6601"}],"wp:attachment":[{"href":"https:\/\/grindeks.com\/lv\/wp-json\/wp\/v2\/media?parent=9715"}],"curies":[{"name":"wp","href":"https:\/\/api.w.org\/{rel}","templated":true}]}}