{"id":9692,"date":"2023-02-07T07:44:49","date_gmt":"2023-02-07T07:44:49","guid":{"rendered":"https:\/\/staging.grindeks.eu\/?page_id=9692"},"modified":"2023-09-06T13:48:34","modified_gmt":"2023-09-06T10:48:34","slug":"labas-prakses-parnemsanas-apmacibas-eksportspejas-veicinasanai","status":"publish","type":"page","link":"https:\/\/grindeks.com\/lv\/labas-prakses-parnemsanas-apmacibas-eksportspejas-veicinasanai\/","title":{"rendered":"Lab\u0101s prakses p\u0101r\u0146em\u0161anas apm\u0101c\u012bbas eksportsp\u0113jas veicin\u0101\u0161anai"},"content":{"rendered":"\n<figure class=\"wp-block-image\"><img decoding=\"async\" width=\"865\" height=\"179\" src=\"https:\/\/grindeks.com\/wp-content\/uploads\/2022\/11\/image-1.png\" alt=\"image 1\" class=\"wp-image-9542\" title=\"Lab\u0101s prakses p\u0101r\u0146em\u0161anas apm\u0101c\u012bbas eksportsp\u0113jas veicin\u0101\u0161anai 1\" srcset=\"https:\/\/grindeks.com\/wp-content\/uploads\/2022\/11\/image-1.png 865w, https:\/\/grindeks.com\/wp-content\/uploads\/2022\/11\/image-1-300x62.png 300w, https:\/\/grindeks.com\/wp-content\/uploads\/2022\/11\/image-1-150x31.png 150w, https:\/\/grindeks.com\/wp-content\/uploads\/2022\/11\/image-1-768x159.png 768w, https:\/\/grindeks.com\/wp-content\/uploads\/2022\/11\/image-1-480x99.png 480w, https:\/\/grindeks.com\/wp-content\/uploads\/2022\/11\/image-1-640x132.png 640w, https:\/\/grindeks.com\/wp-content\/uploads\/2022\/11\/image-1-720x149.png 720w\" sizes=\"(max-width: 865px) 100vw, 865px\" \/><\/figure>\n\n\n\n<p><strong>Lab\u0101s prakses p\u0101r\u0146em\u0161anas apm\u0101c\u012bbas eksportsp\u0113jas veicin\u0101\u0161anai<\/strong><\/p>\n\n\n\n<p>2023.&nbsp;gada 11.&nbsp;janv\u0101r\u012b AS \u201cGrindeks\u201d parakst\u012bja l\u012bgumu Nr. 5.3-8-L-2023\/3 ar Latvijas Invest\u012bciju un att\u012bst\u012bbas a\u0123ent\u016bru (turpm\u0101k tekst\u0101 &#8211; LIAA) par&nbsp;<strong>AS \u201cGrindeks\u201d projekta&nbsp;<\/strong>\u201c<strong>AS \u201cGrindeks\u201d Lab\u0101s prakses p\u0101r\u0146em\u0161anas apm\u0101c\u012bbas eksportsp\u0113jas veicin\u0101\u0161anai<\/strong>\u201d (turpm\u0101k tekst\u0101 \u2013 Projekts) \u012bsteno\u0161anu LIAA \u012bstenot\u0101 Eiropas Re\u0123ion\u0101l\u0101s att\u012bst\u012bbas fonda (turpm\u0101k tekst\u0101 \u2013 ERAF) projekta \u201eApm\u0101c\u012bbu \u012bsteno\u0161ana \u0101rvalstu investoru piesaistei\u201d (projekta identifik\u0101cijas numurs 1.2.2.3\/16\/I\/003) ietvaros.<\/p>\n\n\n\n<p><strong>AS \u201cGrindeks\u201d&nbsp;<\/strong>Projekta m\u0113r\u0137is: paaugstin\u0101t nodarbin\u0101to \u2013 vad\u012bt\u0101ju un speci\u0101listu &#8211; kvalifik\u0101ciju un prasmes praktisk\u0101 projektu vad\u012bb\u0101, kas veicin\u0101s uz\u0146\u0113muma produktivit\u0101ti, darba efektivit\u0101ti un eksportsp\u0113ju, k\u0101 ar\u012b komersanta transform\u0101ciju un inov\u0101cijas atbilsto\u0161i glob\u0101laj\u0101m tendenc\u0113m. Apm\u0101c\u012bbu ietvaros tiks apg\u016bta lab\u0101 prakse projektu vad\u012bb\u0101 pie nozares profesion\u0101\u013ciem ar vair\u0101ku gadu pieredzi, sa\u0146emti to ieteikumi un atgriezenisk\u0101 saite. Tiks praktiski apg\u016btas darba metodes, pieejas, izmantojamie r\u012bki, kuri p\u0113c tam tiks pielietoti praktisk\u0101 darb\u0101 uz\u0146\u0113mum\u0101, vadot eksporta un z\u0101\u013cu izstr\u0101des projektus.<\/p>\n\n\n\n<p><strong>Projekta&nbsp;<\/strong><strong>kop\u0113j\u0101s attiecin\u0101m\u0101s izmaksas<\/strong>&nbsp;ir 8\u2019000,00 EUR, no t\u0101m ERAF Atbalsta summa ir 6\u2019800,00 EUR.<\/p>\n\n\n\n<p><strong>Projekts tiks \u012bstenots l\u012bdz<\/strong>&nbsp;2023.&nbsp;gada 30.&nbsp;septembrim.<\/p>\n\n\n\n<p><em>Public\u0113ts: 11.01.2023.<\/em><\/p>\n\n\n\n<p><strong>Projekta ievie\u0161anas gaitas apraksts:<\/strong> 17.05.2023. tiek parakst\u012bts l\u012bgums starp AS \u201cGrindeks\u201d un apm\u0101c\u012bbu centru SIA \u201cVP Sales\u201d. J\u016bnij\u0101 notiek apm\u0101c\u012bbu pl\u0101no\u0161anas un grupu komplekt\u0113\u0161anas darb\u012bbas. August\u0101 norit apm\u0101c\u012bbas. Septembr\u012b tiek veikti nor\u0113\u0137ini ar apm\u0101c\u012bbu sniedz\u0113ju un tiek sagatavota projekta atskaite.<\/p>\n\n\n\n<p><em>Public\u0113ts: 02.09.2023.<\/em><\/p>\n","protected":false},"excerpt":{"rendered":"<p>Lab\u0101s prakses p\u0101r\u0146em\u0161anas apm\u0101c\u012bbas eksportsp\u0113jas veicin\u0101\u0161anai 2023.&nbsp;gada 11.&nbsp;janv\u0101r\u012b AS \u201cGrindeks\u201d parakst\u012bja l\u012bgumu Nr. 5.3-8-L-2023\/3 ar Latvijas Invest\u012bciju un att\u012bst\u012bbas a\u0123ent\u016bru (turpm\u0101k tekst\u0101 &#8211; LIAA) par&nbsp;AS&#8230;<\/p>\n","protected":false},"author":6,"featured_media":6601,"parent":0,"menu_order":0,"comment_status":"closed","ping_status":"closed","template":"","meta":{"_acf_changed":false,"footnotes":""},"class_list":["post-9692","page","type-page","status-publish","has-post-thumbnail","hentry"],"acf":[],"_links":{"self":[{"href":"https:\/\/grindeks.com\/lv\/wp-json\/wp\/v2\/pages\/9692","targetHints":{"allow":["GET"]}}],"collection":[{"href":"https:\/\/grindeks.com\/lv\/wp-json\/wp\/v2\/pages"}],"about":[{"href":"https:\/\/grindeks.com\/lv\/wp-json\/wp\/v2\/types\/page"}],"author":[{"embeddable":true,"href":"https:\/\/grindeks.com\/lv\/wp-json\/wp\/v2\/users\/6"}],"replies":[{"embeddable":true,"href":"https:\/\/grindeks.com\/lv\/wp-json\/wp\/v2\/comments?post=9692"}],"version-history":[{"count":1,"href":"https:\/\/grindeks.com\/lv\/wp-json\/wp\/v2\/pages\/9692\/revisions"}],"predecessor-version":[{"id":10267,"href":"https:\/\/grindeks.com\/lv\/wp-json\/wp\/v2\/pages\/9692\/revisions\/10267"}],"wp:featuredmedia":[{"embeddable":true,"href":"https:\/\/grindeks.com\/lv\/wp-json\/wp\/v2\/media\/6601"}],"wp:attachment":[{"href":"https:\/\/grindeks.com\/lv\/wp-json\/wp\/v2\/media?parent=9692"}],"curies":[{"name":"wp","href":"https:\/\/api.w.org\/{rel}","templated":true}]}}