{"id":9541,"date":"2022-11-10T09:52:50","date_gmt":"2022-11-10T09:52:50","guid":{"rendered":"https:\/\/staging.grindeks.eu\/?page_id=9541"},"modified":"2026-04-09T11:46:56","modified_gmt":"2026-04-09T08:46:56","slug":"es-atbalsta-projekti","status":"publish","type":"page","link":"https:\/\/grindeks.com\/lv\/par-mums\/sadarbiba\/es-atbalsta-projekti\/","title":{"rendered":"ES atbalsta projekti"},"content":{"rendered":"\n<figure class=\"wp-block-image size-full\"><img decoding=\"async\" width=\"433\" height=\"136\" src=\"https:\/\/grindeks.com\/wp-content\/uploads\/2023\/03\/Picture1.png\" alt=\"\" class=\"wp-image-9836\" title=\"\" srcset=\"https:\/\/grindeks.com\/wp-content\/uploads\/2023\/03\/Picture1.png 433w, https:\/\/grindeks.com\/wp-content\/uploads\/2023\/03\/Picture1-300x94.png 300w, https:\/\/grindeks.com\/wp-content\/uploads\/2023\/03\/Picture1-150x47.png 150w\" sizes=\"(max-width: 433px) 100vw, 433px\" \/><\/figure>\n\n\n\n<ul class=\"wp-block-list\">\n<li><mark style=\"background-color:rgba(0, 0, 0, 0)\" class=\"has-inline-color has-pale-cyan-blue-color\"><a href=\"https:\/\/grindeks.com\/lv\/farmacijas-biomedicinas-un-medicinas-tehnologiju-kompetences-centrs-4-karta\/\" target=\"_blank\" rel=\"noreferrer noopener\">Farm\u0101cijas, biomedic\u012bnas un medic\u012bnas tehnolo\u0123iju Kompetences centrs (4.k\u0101rta)<\/a><\/mark><\/li>\n\n\n\n<li><mark style=\"background-color:rgba(0, 0, 0, 0)\" class=\"has-inline-color has-pale-cyan-blue-color\"><a href=\"https:\/\/grindeks.com\/lv\/labas-prakses-parnemsanas-apmacibas-eksportspejas-veicinasanai\/\" target=\"_blank\" rel=\"noreferrer noopener\">Lab\u0101s prakses p\u0101r\u0146em\u0161anas apm\u0101c\u012bbas eksportsp\u0113jas veicin\u0101\u0161anai<\/a><\/mark><\/li>\n\n\n\n<li><a href=\"https:\/\/grindeks.com\/lv\/farmacijas-biomedicinas-un-medicinas-tehnologiju-kompetences-centrs\/\">Farm\u0101cijas, biomedic\u012bnas un medic\u012bnas tehnolo\u0123iju Kompetences centrs<\/a><\/li>\n\n\n\n<li><a href=\"https:\/\/grindeks.com\/lv\/latvijas-dzivibas-zinatnu-nozares-attistibas-sadarbibas-tikls\/\">Latvijas Dz\u012bv\u012bbas zin\u0101t\u0146u nozares att\u012bst\u012bbas sadarb\u012bbas t\u012bkls<\/a><\/li>\n\n\n\n<li><a href=\"https:\/\/grindeks.com\/lv\/jaunu-gatavo-zalu-formu-izstrades-un-bioekvivalences-petijumi\/\">Jaunu patentbr\u012bvo z\u0101\u013cu formu bioekvivalences p\u0113t\u012bjumi<\/a><\/li>\n<\/ul>\n\n\n\n<p><\/p>\n","protected":false},"excerpt":{"rendered":"","protected":false},"author":6,"featured_media":6601,"parent":4337,"menu_order":0,"comment_status":"closed","ping_status":"closed","template":"","meta":{"_acf_changed":false,"footnotes":""},"class_list":["post-9541","page","type-page","status-publish","has-post-thumbnail","hentry"],"acf":[],"_links":{"self":[{"href":"https:\/\/grindeks.com\/lv\/wp-json\/wp\/v2\/pages\/9541","targetHints":{"allow":["GET"]}}],"collection":[{"href":"https:\/\/grindeks.com\/lv\/wp-json\/wp\/v2\/pages"}],"about":[{"href":"https:\/\/grindeks.com\/lv\/wp-json\/wp\/v2\/types\/page"}],"author":[{"embeddable":true,"href":"https:\/\/grindeks.com\/lv\/wp-json\/wp\/v2\/users\/6"}],"replies":[{"embeddable":true,"href":"https:\/\/grindeks.com\/lv\/wp-json\/wp\/v2\/comments?post=9541"}],"version-history":[{"count":12,"href":"https:\/\/grindeks.com\/lv\/wp-json\/wp\/v2\/pages\/9541\/revisions"}],"predecessor-version":[{"id":12343,"href":"https:\/\/grindeks.com\/lv\/wp-json\/wp\/v2\/pages\/9541\/revisions\/12343"}],"up":[{"embeddable":true,"href":"https:\/\/grindeks.com\/lv\/wp-json\/wp\/v2\/pages\/4337"}],"wp:featuredmedia":[{"embeddable":true,"href":"https:\/\/grindeks.com\/lv\/wp-json\/wp\/v2\/media\/6601"}],"wp:attachment":[{"href":"https:\/\/grindeks.com\/lv\/wp-json\/wp\/v2\/media?parent=9541"}],"curies":[{"name":"wp","href":"https:\/\/api.w.org\/{rel}","templated":true}]}}