{"id":9274,"date":"2022-10-07T10:14:07","date_gmt":"2022-10-07T10:14:07","guid":{"rendered":"https:\/\/staging.grindeks.eu\/?page_id=9274"},"modified":"2026-03-26T10:55:28","modified_gmt":"2026-03-26T07:55:28","slug":"iepirkumi","status":"publish","type":"page","link":"https:\/\/grindeks.com\/lv\/par-mums\/sadarbiba\/iepirkumi\/","title":{"rendered":"Iepirkumi"},"content":{"rendered":"\n<h3 class=\"wp-block-heading has-pale-cyan-blue-color has-text-color has-link-color wp-elements-2f32460131afa8a35b42b56ae20ef264\">Cenu aptauja: B\u016bvniec\u012bbas ieceres dokument\u0101cijas izstr\u0101de \u201cTransporta iebrauktuves izb\u016bve no R\u0101jumsilas ielas uz \u012bpa\u0161umu Asotes iel\u0101 12, R\u012bg\u0101<\/h3>\n\n\n\n<p><strong>Objekta adrese: <\/strong>R\u0101jumsila iela, R\u012bga, LV-1057<\/p>\n\n\n\n<p><strong>Pamatinform\u0101cija:<\/strong><\/p>\n\n\n\n<p><strong>Pas\u016bt\u012bt\u0101ja p\u0101rst\u0101vis:<\/strong> Dmitrijs Saikovskis, tel. +371 2572 7580<\/p>\n\n\n\n<p><strong>Objekta apseko\u0161ana:<\/strong> 09.04.2026. plkst. 11.00<\/p>\n\n\n\n<p><strong>Apseko\u0161anas adrese:<\/strong> R\u0101jumsilas iela 3 (pie iebrauktuves uz teritoriju), R\u012bga, Latvija.<\/p>\n\n\n\n<p><strong>Jaut\u0101jumu uzdo\u0161anas termi\u0146\u0161: <\/strong>13.04.2026. plkst. 11.00<\/p>\n\n\n\n<p><strong>Jaut\u0101jumu uzdo\u0161anas e-pasts:<\/strong> tehniskais.departaments@grindeks.com<\/p>\n\n\n\n<p><strong>Pied\u0101v\u0101juma iesnieg\u0161anas termi\u0146\u0161: <\/strong>17.04.2026., plkst. 12.00<\/p>\n\n\n\n<p><strong>Pied\u0101v\u0101juma iesnieg\u0161anas e-pasts: <\/strong>tehniskais.departaments@grindeks.com<\/p>\n\n\n\n<p><strong>Paredz\u0113tais l\u012bguma izpildes termi\u0146\u0161:<\/strong> no 27.04.2026.<\/p>\n\n\n\n<div class=\"wp-block-file\"><a id=\"wp-block-file--media-3ba85eeb-45f1-4fbe-9f9a-4b95b6539467\" href=\"https:\/\/grindeks.com\/wp-content\/uploads\/2026\/03\/CP_sagatav_As12_BIDizsrade_Iebrauktuve_print_-1.pdf\">Pras\u012bbas cenu pied\u0101v\u0101juma sagatavo\u0161anai<\/a><a href=\"https:\/\/grindeks.com\/wp-content\/uploads\/2026\/03\/CP_sagatav_As12_BIDizsrade_Iebrauktuve_print_-1.pdf\" class=\"wp-block-file__button wp-element-button\" download aria-describedby=\"wp-block-file--media-3ba85eeb-45f1-4fbe-9f9a-4b95b6539467\">Lejupiel\u0101d\u0113t<\/a><\/div>\n\n\n\n<div class=\"wp-block-file\"><a id=\"wp-block-file--media-eec578e8-165b-410d-9893-4afb45f10795\" href=\"https:\/\/grindeks.com\/wp-content\/uploads\/2026\/03\/CP_veidne_As12_BIDizsrade_Iebrauktuve-1.docx\">Cenas pied\u0101v\u0101juma forma<\/a><a href=\"https:\/\/grindeks.com\/wp-content\/uploads\/2026\/03\/CP_veidne_As12_BIDizsrade_Iebrauktuve-1.docx\" class=\"wp-block-file__button wp-element-button\" download aria-describedby=\"wp-block-file--media-eec578e8-165b-410d-9893-4afb45f10795\">Lejupiel\u0101d\u0113t<\/a><\/div>\n\n\n\n<div class=\"wp-block-file\"><a id=\"wp-block-file--media-5c92b21a-4abc-4b4d-beb2-925c06413bcb\" href=\"https:\/\/grindeks.com\/wp-content\/uploads\/2026\/03\/20260325_As12_TehnUzd_BIDizsrade_Iebrauktuve_print.pdf\">Tehniskais uzdevums<\/a><a href=\"https:\/\/grindeks.com\/wp-content\/uploads\/2026\/03\/20260325_As12_TehnUzd_BIDizsrade_Iebrauktuve_print.pdf\" class=\"wp-block-file__button wp-element-button\" download aria-describedby=\"wp-block-file--media-5c92b21a-4abc-4b4d-beb2-925c06413bcb\">Lejupiel\u0101d\u0113t<\/a><\/div>\n\n\n\n<h3 class=\"wp-block-heading has-pale-cyan-blue-color has-text-color has-link-color wp-elements-10645d9edb5fdb16254517dd2ea65b42\">Cenu aptauja: B\u016bvniec\u012bbas ieceres dokument\u0101cijas izstr\u0101de remonta darbiem AS \u201cGrindeks\u201d korpusa K18, Krustpils iel\u0101 53, R\u012bg\u0101 (NOSL\u0112DZIES)<\/h3>\n\n\n\n<p><strong>Objekta adrese: <\/strong>Krustpils iela 53, R\u012bga, LV-1057<\/p>\n\n\n\n<p><strong>Pamatinform\u0101cija:<\/strong><\/p>\n\n\n\n<p><strong>Pas\u016bt\u012bt\u0101ja p\u0101rst\u0101vis:<\/strong> Dmitrijs Saikovskis, tel. +371 2572 7580<\/p>\n\n\n\n<p><strong>Objekta apseko\u0161ana:<\/strong> 25.02.2026. plkst. 9.00<\/p>\n\n\n\n<p><strong>Apseko\u0161anas adrese:<\/strong> Krustpils iela 53 (dienesta ieeja), R\u012bga, Latvija.<\/p>\n\n\n\n<p><strong>Jaut\u0101jumu uzdo\u0161anas termi\u0146\u0161:<\/strong> 27.02.2026. plkst. 10.00<\/p>\n\n\n\n<p><strong>Jaut\u0101jumu uzdo\u0161anas e-pasts:<\/strong> <a href=\"mailto:tehniskais.departaments@grindeks.com\">tehniskais.departaments@grindeks.com<\/a><\/p>\n\n\n\n<p><strong>Pied\u0101v\u0101juma iesnieg\u0161anas termi\u0146\u0161: <\/strong>04.03.2026. plkst. 12.00<\/p>\n\n\n\n<p><strong>Pied\u0101v\u0101juma iesnieg\u0161anas e-pasts:<\/strong> <a href=\"mailto:tehniskais.departaments@grindeks.com\">tehniskais.departaments@grindeks.com<\/a><\/p>\n\n\n\n<p><strong>Paredz\u0113tais l\u012bguma izpildes termi\u0146\u0161:<\/strong> 09.03.2026. &#8211; 01.06.2026.<\/p>\n\n\n\n<div class=\"wp-block-file\"><a id=\"wp-block-file--media-00d906c1-9161-426b-a603-1010ef547572\" href=\"https:\/\/grindeks.com\/wp-content\/uploads\/2026\/02\/PrasCPsagatav_K18_KT_WC_.pdf\">Pras\u012bbas cenas pied\u0101v\u0101juma sagatvo\u0161anai<\/a><a href=\"https:\/\/grindeks.com\/wp-content\/uploads\/2026\/02\/PrasCPsagatav_K18_KT_WC_.pdf\" class=\"wp-block-file__button wp-element-button\" download aria-describedby=\"wp-block-file--media-00d906c1-9161-426b-a603-1010ef547572\">Lejupiel\u0101d\u0113t<\/a><\/div>\n\n\n\n<div class=\"wp-block-file\"><a id=\"wp-block-file--media-58ff1946-836f-4c65-b385-20a8b4a1ed8a\" href=\"https:\/\/grindeks.com\/wp-content\/uploads\/2026\/02\/PasUzd_K18_KT_WC.pdf\">Tehniskais uzdevums<\/a><a href=\"https:\/\/grindeks.com\/wp-content\/uploads\/2026\/02\/PasUzd_K18_KT_WC.pdf\" class=\"wp-block-file__button wp-element-button\" download aria-describedby=\"wp-block-file--media-58ff1946-836f-4c65-b385-20a8b4a1ed8a\">Lejupiel\u0101d\u0113t<\/a><\/div>\n\n\n\n<p><\/p>\n","protected":false},"excerpt":{"rendered":"<p>Cenu aptauja: B\u016bvniec\u012bbas ieceres dokument\u0101cijas izstr\u0101de \u201cTransporta iebrauktuves izb\u016bve no R\u0101jumsilas ielas uz \u012bpa\u0161umu Asotes iel\u0101 12, R\u012bg\u0101 Objekta adrese: R\u0101jumsila iela, R\u012bga, LV-1057 Pamatinform\u0101cija:&#8230;<\/p>\n","protected":false},"author":6,"featured_media":6601,"parent":4337,"menu_order":1,"comment_status":"closed","ping_status":"closed","template":"","meta":{"_acf_changed":false,"footnotes":""},"class_list":["post-9274","page","type-page","status-publish","has-post-thumbnail","hentry"],"acf":[],"_links":{"self":[{"href":"https:\/\/grindeks.com\/lv\/wp-json\/wp\/v2\/pages\/9274","targetHints":{"allow":["GET"]}}],"collection":[{"href":"https:\/\/grindeks.com\/lv\/wp-json\/wp\/v2\/pages"}],"about":[{"href":"https:\/\/grindeks.com\/lv\/wp-json\/wp\/v2\/types\/page"}],"author":[{"embeddable":true,"href":"https:\/\/grindeks.com\/lv\/wp-json\/wp\/v2\/users\/6"}],"replies":[{"embeddable":true,"href":"https:\/\/grindeks.com\/lv\/wp-json\/wp\/v2\/comments?post=9274"}],"version-history":[{"count":10,"href":"https:\/\/grindeks.com\/lv\/wp-json\/wp\/v2\/pages\/9274\/revisions"}],"predecessor-version":[{"id":12254,"href":"https:\/\/grindeks.com\/lv\/wp-json\/wp\/v2\/pages\/9274\/revisions\/12254"}],"up":[{"embeddable":true,"href":"https:\/\/grindeks.com\/lv\/wp-json\/wp\/v2\/pages\/4337"}],"wp:featuredmedia":[{"embeddable":true,"href":"https:\/\/grindeks.com\/lv\/wp-json\/wp\/v2\/media\/6601"}],"wp:attachment":[{"href":"https:\/\/grindeks.com\/lv\/wp-json\/wp\/v2\/media?parent=9274"}],"curies":[{"name":"wp","href":"https:\/\/api.w.org\/{rel}","templated":true}]}}