{"id":8993,"date":"2022-09-06T07:13:10","date_gmt":"2022-09-06T04:13:10","guid":{"rendered":"http:\/\/staging.grindeks.eu\/?page_id=8993"},"modified":"2022-09-23T06:14:49","modified_gmt":"2022-09-23T06:14:49","slug":"informacija-akcionariem","status":"publish","type":"page","link":"https:\/\/grindeks.com\/lv\/par-mums\/parvalde_un_vadiba\/informacija-akcionariem\/","title":{"rendered":"Inform\u0101cija akcion\u0101riem"},"content":{"rendered":"\n<p><strong>Akcion\u0101ru jaut\u0101jumu un atbil\u017eu apkopojums<\/strong><\/p>\n\n\n\n<p><strong>1) Kas ir main\u012bjies p\u0113c 19.02.2021 AS Grindeks akciju izsl\u0113g\u0161anas no bir\u017eas?<\/strong><\/p>\n\n\n\n<p>Akciju izsl\u0113g\u0161ana no bir\u017eas noz\u012bm\u0113 vien\u012bgi to, ka AS Grindeks akcijas vairs nav iesp\u0113jams pirkt un p\u0101rdot bir\u017e\u0101, k\u0101 ar\u012b aktu\u0101l\u0101s zi\u0146as par AS Grindeks vairs netiek public\u0113tas bir\u017eas m\u0101jaslap\u0101. Akciju tirdzniec\u012bbu joproj\u0101m var veikt priv\u0101tos dar\u012bjumos. Inform\u0101cija par uz\u0146\u0113mumu tiek izvietota AS Grindeks m\u0101jaslap\u0101 https:\/\/www.grindeks.lv<\/p>\n\n\n\n<p><strong>2) Kam var p\u0101rdot AS Grindeks akcijas?<\/strong><\/p>\n\n\n\n<p>Akcijas ir iesp\u0113jams p\u0101rdot priv\u0101tos dar\u012bjumos jebkuram interesentam, kuram ir v\u0113rtspap\u012bru konts, pus\u0113m vienojoties par dar\u012bjuma summu un citiem nosac\u012bjumiem.<\/p>\n\n\n\n<p><strong>3) K\u0101da ir akciju cena?<\/strong><\/p>\n\n\n\n<p>Saska\u0146\u0101 ar AS Grindeks stat\u016btiem, vienas akcijas nomin\u0101lv\u0113rt\u012bba ir EUR 1.40. Dar\u012bjuma cenu puses noteic vieno\u0161an\u0101s ce\u013c\u0101.<\/p>\n\n\n\n<p><strong>4) Kur var apskat\u012bt inform\u0101ciju par AS Grindeks, kas public\u0113ta bir\u017e\u0101?<\/strong><\/p>\n\n\n\n<p>Ar visu inform\u0101ciju, kas public\u0113ta bir\u017e\u0101 par AS Grindeks l\u012bdz 19.02.2021, var apl\u016bkot p\u0113c adreses: https:\/\/nasdaqbaltic.com\/statistics\/lv\/instrument\/LV0000100659\/trading?date=2021-02-19<\/p>\n\n\n\n<p><strong>5) Vai tiks maks\u0101tas dividendes?<\/strong><\/p>\n\n\n\n<p>Saska\u0146\u0101 ar Latvijas Republikas Komerclikumu l\u0113muma pie\u0146em\u0161ana par dividen\u017eu izmaksu atrodas akcion\u0101ru sapulces kompetenc\u0113, kura par to lemj akcion\u0101ru sapulc\u0113. Inform\u0101ciju par akcion\u0101ru sapulc\u0113m var ieg\u016bt AS Grindeks m\u0101jaslap\u0101 https:\/\/www.grindeks.lv, k\u0101 ar\u012b aicin\u0101jumi uz akcion\u0101ru sapulc\u0113m tiek izvietoti ofici\u0101laj\u0101 izdevum\u0101 \u201cLatvijas V\u0113stnesis\u201d un laikrakst\u0101.<\/p>\n\n\n\n<p><strong>6) Vai AS Grindeks var atpirkt akcijas?<\/strong><\/p>\n\n\n\n<p>Saska\u0146\u0101 ar Latvijas Republikas Komerclikumu AS Grindeks ir aizliegts pirkt savas akcijas.<\/p>\n\n\n\n<p><strong>7) Vai AS Grindeks pl\u0101no atgriezties bir\u017e\u0101?<\/strong><\/p>\n\n\n\n<p>\u0160obr\u012bd nav \u0161\u0101da l\u0113muma.<\/p>\n\n\n\n<p><strong>8) Kam uzdot jaut\u0101jumus saist\u012bb\u0101 ar AS Grindeks akcij\u0101m?<\/strong><\/p>\n\n\n\n<p>L\u016bdzu sekot l\u012bdzi aktu\u0101lajai inform\u0101cijai AS Grindeks m\u0101jaslap\u0101 https:\/\/www.grindeks.lv, kas var\u0113tu sniegt atbildes uz visiem radu\u0161ajiem jaut\u0101jumiem, neskaidr\u012bbu gad\u012bjum\u0101 l\u016bdzu rakstiet uz e-pasta adresi shares@grindeks.lv.<\/p>\n\n\n\n<p><strong>9) K\u0101p\u0113c no v\u0113rtspap\u012bru konta ir pazudu\u0161as AS Grindeks akcijas?<\/strong><\/p>\n\n\n\n<p>22.06.2021 k\u0101rt\u0113j\u0101 AS Grindeks akcion\u0101ru sapulc\u0113 tika nolemts veikt AS Grindeks stat\u016btu groz\u012bjumus, nomainot akciju formu no dematerializ\u0113taj\u0101m uzr\u0101d\u012bt\u0101ja akcij\u0101m uz v\u0101rda akcij\u0101m pap\u012bra form\u0101. Stat\u016btu groz\u012bjumi ir re\u0123istr\u0113ti Uz\u0146\u0113mumu re\u0123istr\u0101 un sp\u0113k\u0101 st\u0101j\u0101s no 16.08.2021. Lai nodotu akcion\u0101ru re\u0123istru AS Grindeks valdei, akcijas finan\u0161u instrumentu kontos ir dz\u0113stas.<\/p>\n\n\n\n<p><strong>10) Ko noz\u012bm\u0113 AS Grindeks akcion\u0101ram akciju formas mai\u0146a?<\/strong><\/p>\n\n\n\n<p>AS Grindeks akciju \u201cpazu\u0161ana\u201d no akcion\u0101ru finan\u0161u instrumentu kontiem nenoz\u012bm\u0113 \u012bpa\u0161uma ties\u012bbu uz akcij\u0101m zaud\u0113\u0161anu. Atbilsto\u0161i Komerclikumam turpm\u0101k akcion\u0101ru re\u0123istru ved AS Grindeks valde un akcijas vairs netiek uzskait\u012btas akcion\u0101ru finan\u0161u instrumentu kontos. \u012apa\u0161uma ties\u012bbu pier\u0101d\u012bjums uz v\u0101rda akcij\u0101m ir ieraksts akcion\u0101ru re\u0123istr\u0101. Uz rakstiska iesnieguma pamata akcion\u0101riem ir ties\u012bbas sa\u0146emt dokument\u0101lu apliecin\u0101jumu no AS Grindeks par akcion\u0101ra \u012bpa\u0161umties\u012bb\u0101m uz tam piedero\u0161aj\u0101m akcij\u0101m (izrakstu no akcion\u0101ru re\u0123istra un\/vai pap\u012bra formas v\u0101rda akciju apliec\u012bbu).<\/p>\n\n\n\n<p><strong>11) K\u0101 r\u012bkoties, ja akcijas ir nepiecie\u0161ams atsavin\u0101t?<\/strong><\/p>\n\n\n\n<p>Saska\u0146\u0101 ar Latvijas Republikas Komerclikuma 238. pant\u0101 noteikto, pap\u012bra formas v\u0101rda akcijas atsavin\u0101mas, izdarot uz t\u0101m nodo\u0161anas uzrakstu (indosamentu). V\u0101rda akcijas ieguv\u0113js pazi\u0146o par akcijas ieg\u016b\u0161anu AS Grindeks, iesniedzot pieteikumu un uzr\u0101dot pap\u012bra formas v\u0101rda akciju ar nodo\u0161anas uzrakstu (indosamentu). Par to tiek izdar\u012bts ieraksts akcion\u0101ru re\u0123istr\u0101, kur nor\u0101da jaun\u0101 ieguv\u0113ja datus un citu likum\u0101 noteikto inform\u0101ciju.<\/p>\n\n\n\n<p><strong>12)&nbsp;Ko b\u016btu ieteicams izdar\u012bt akcion\u0101ram, lai turpm\u0101k \u0113rt\u0101k sa\u0146emtu no AS Grindeks inform\u0101ciju un dividendes (ja t\u0101das akcion\u0101ri lems izmaks\u0101t)?<\/strong><\/p>\n\n\n\n<p>AS Grindeks akcion\u0101riem b\u016btu ieteicams aktualiz\u0113t savus datus, iesniedzot par to AS Grindeks akcion\u0101ra datu aktualiz\u0101cijas anketu, aizpildot taj\u0101 nor\u0101d\u012bto inform\u0101ciju.<br>Pret\u0113j\u0101 gad\u012bjum\u0101 AS Grindeks r\u012bc\u012bb\u0101 neb\u016bs akcion\u0101ru bankas kontu dividen\u017eu izmaksai uz tiem, k\u0101 ar\u012b da\u017e\u0101du pasta adre\u0161u d\u0113\u013c var l\u012bdz akcion\u0101ram nenon\u0101kt tiem adres\u0113ti no AS Grindeks pazi\u0146ojumi.<\/p>\n\n\n\n<p><a href=\"https:\/\/grindeks.lv\/wp-content\/uploads\/2021\/09\/Akcionara_anketa.doc\" target=\"_blank\" rel=\"noopener\"><\/a><\/p>\n\n\n\n<div class=\"wp-block-file\"><a id=\"wp-block-file--media-3e28d70d-129d-41ea-9b58-b8281cd1ebab\" href=\"http:\/\/grindeks.com\/wp-content\/uploads\/2022\/09\/Akcionara_anketa-2.doc\">Akcion\u0101ra anketa<\/a><a href=\"http:\/\/grindeks.com\/wp-content\/uploads\/2022\/09\/Akcionara_anketa-2.doc\" class=\"wp-block-file__button\" aria-describedby=\"wp-block-file--media-3e28d70d-129d-41ea-9b58-b8281cd1ebab\" download>Lejupiel\u0101d\u0113t<\/a><\/div>\n","protected":false},"excerpt":{"rendered":"<p>Akcion\u0101ru jaut\u0101jumu un atbil\u017eu apkopojums 1) Kas ir main\u012bjies p\u0113c 19.02.2021 AS Grindeks akciju izsl\u0113g\u0161anas no bir\u017eas? Akciju izsl\u0113g\u0161ana no bir\u017eas noz\u012bm\u0113 vien\u012bgi to, ka&#8230;<\/p>\n","protected":false},"author":6,"featured_media":6601,"parent":4315,"menu_order":10,"comment_status":"closed","ping_status":"closed","template":"","meta":{"_acf_changed":false,"footnotes":""},"class_list":["post-8993","page","type-page","status-publish","has-post-thumbnail","hentry"],"acf":[],"_links":{"self":[{"href":"https:\/\/grindeks.com\/lv\/wp-json\/wp\/v2\/pages\/8993","targetHints":{"allow":["GET"]}}],"collection":[{"href":"https:\/\/grindeks.com\/lv\/wp-json\/wp\/v2\/pages"}],"about":[{"href":"https:\/\/grindeks.com\/lv\/wp-json\/wp\/v2\/types\/page"}],"author":[{"embeddable":true,"href":"https:\/\/grindeks.com\/lv\/wp-json\/wp\/v2\/users\/6"}],"replies":[{"embeddable":true,"href":"https:\/\/grindeks.com\/lv\/wp-json\/wp\/v2\/comments?post=8993"}],"version-history":[{"count":0,"href":"https:\/\/grindeks.com\/lv\/wp-json\/wp\/v2\/pages\/8993\/revisions"}],"up":[{"embeddable":true,"href":"https:\/\/grindeks.com\/lv\/wp-json\/wp\/v2\/pages\/4315"}],"wp:featuredmedia":[{"embeddable":true,"href":"https:\/\/grindeks.com\/lv\/wp-json\/wp\/v2\/media\/6601"}],"wp:attachment":[{"href":"https:\/\/grindeks.com\/lv\/wp-json\/wp\/v2\/media?parent=8993"}],"curies":[{"name":"wp","href":"https:\/\/api.w.org\/{rel}","templated":true}]}}