{"id":8588,"date":"2022-09-14T11:07:17","date_gmt":"2022-09-14T08:07:17","guid":{"rendered":"http:\/\/staging.grindeks.eu\/ilgtspeja\/ejiet-uz-zalo-vidi-go-grindeks\/"},"modified":"2025-08-28T09:33:05","modified_gmt":"2025-08-28T06:33:05","slug":"doma-zali-dari-ka-grindeks","status":"publish","type":"page","link":"https:\/\/grindeks.com\/lv\/ilgtspeja\/doma-zali-dari-ka-grindeks\/","title":{"rendered":"Dom\u0101 za\u013ci! Dari k\u0101 Grindeks!"},"content":{"rendered":"\n<p><strong>Progress nav iesp\u0113jams bez dom\u0101\u0161anas mai\u0146as &#8211; katrs ir atbild\u012bgs par nepiecie\u0161amo darba resursu izmanto\u0161anas izv\u0113rt\u0113\u0161anu un atkritumu \u0161\u0137iro\u0161anu. M\u0113s visi akt\u012bvi iesaist\u0101mies vides jaut\u0101jumu risin\u0101\u0161an\u0101, ikdien\u0101 uz\u0146emamies vien\u0101du atbild\u012bbu par ener\u0123ijas pat\u0113ri\u0146u.<\/strong><\/p>\n\n\n\n<p>B\u016bdams viens no sp\u0113c\u012bg\u0101kajiem farm\u0101cijas ra\u017eot\u0101jiem Baltijas re\u0123ion\u0101, Grindeks apzin\u0101s, ka pacientu vesel\u012bba liel\u0101 m\u0113r\u0101 ir atkar\u012bga ar\u012b no svaiga un nepies\u0101r\u0146ota gaisa, labiem dz\u012bves apst\u0101k\u013ciem un dabas resursu pieejam\u012bbas. R\u016bp\u012bga un atbild\u012bga attieksme pret dabu un vidi ir v\u0113l viens veids, k\u0101 Grindeks veicina sabiedr\u012bbas vesel\u012bbu un labkl\u0101j\u012bbu.<\/p>\n\n\n\n<p>M\u0113s nodro\u0161in\u0101m un kontrol\u0113jam visu produkta dz\u012bves ciklu, s\u0101kot no laboratorijas p\u0113t\u012bjumiem l\u012bdz gatavo z\u0101\u013cu formu pieg\u0101dei klientiem (vairumtirgot\u0101jiem, aptiek\u0101m, slimn\u012bc\u0101m). Ilgtsp\u0113j\u012bga resursu izmanto\u0161ana, efekt\u012bva atkritumu apsaimnieko\u0161anas sist\u0113ma, r\u016bp\u012bga produkta dz\u012bves cikla kontrole un p\u0101rredzam\u012bba ir oblig\u0101ti nosac\u012bjumi veiksm\u012bgai Grindeks darb\u012bbai. M\u0113s regul\u0101ri p\u0101rskat\u0101m savus iek\u0161\u0113jos uz\u0146\u0113m\u0113jdarb\u012bbas procesus, lai identific\u0113tu uzlabojumu iesp\u0113jas un integr\u0113tu jaunus inovat\u012bvus risin\u0101jumus efekt\u012bv\u0101kai vides aizsardz\u012bbai saska\u0146\u0101 ar pa\u0161as Grindeks noteiktajiem standartiem un starptautisko ties\u012bbu aktu pras\u012bb\u0101m.<\/p>\n\n\n\n<p><strong>Grindeks vides aizsardz\u012bbas jomas:<\/strong><\/p>\n\n\n\n<ul class=\"wp-block-list\">\n<li><strong>Ener\u0123ijas pat\u0113ri\u0146\u0161<\/strong><\/li>\n\n\n\n<li><strong>\u016adens pat\u0113ri\u0146\u0161<\/strong><\/li>\n\n\n\n<li><strong>Atkritumu daudzums<\/strong><\/li>\n\n\n\n<li><strong>Emisija gais\u0101<\/strong><\/li>\n\n\n\n<li><strong>Produkta ietekme uz vidi, uzlabojot t\u0101 ra\u017eo\u0161anas un inov\u0101cijas procesu.<\/strong><\/li>\n<\/ul>\n\n\n\n<p>M\u0113s iev\u0113rojam vair\u0101k nek\u0101 70 saisto\u0161os vides aizsardz\u012bbas normat\u012bvos aktus un pras\u012bbas, turkl\u0101t uz\u0146\u0113mumam ir Valsts vides dienesta izsniegta A kategorijas at\u013cauja pies\u0101r\u0146ojo\u0161ai darb\u012bbai.<\/p>\n\n\n\n<p>Uz\u0146\u0113muma vides p\u0101rvald\u012bbas sist\u0113ma ir izveidota saska\u0146\u0101 ar standartu LVS EN ISO 14001, savuk\u0101rt energop\u0101rvald\u012bbas sist\u0113ma atbilst standartam LVS EN ISO 50001. Videi draudz\u012bgu tehnolo\u0123iju izstr\u0101de tiek veikta saska\u0146\u0101 ar Eiropas Komisijas ieteikumiem, kas ietver lab\u0101kos pieejamos tehniskos un tehnolo\u0123iskos risin\u0101jumus smalk\u0101s organisk\u0101s sint\u0113zes procesu \u012bsteno\u0161anai, k\u0101 ar\u012b emisiju un atkritumu samazin\u0101\u0161anai un otrreiz\u0113jai p\u0101rstr\u0101dei.<\/p>\n\n\n\n<p>Grindeks iev\u0113ro Eiropas Komisijas vadl\u012bnijas par lab\u0101kajiem pieejamajiem tehniskajiem pa\u0146\u0113mieniem un analog\u0101m farm\u0101cijas ra\u017eo\u0161anas papildnozar\u0113m. Uz\u0146\u0113mum\u0101 ir videi draudz\u012bga r\u016bpniecisko notek\u016bde\u0146u att\u012br\u012b\u0161anas koncepcija ar modernu, sl\u0113gtu r\u016bpniecisko biolo\u0123isko notek\u016bde\u0146u att\u012br\u012b\u0161anas iek\u0101rtu. Att\u012br\u012b\u0161anas iek\u0101rt\u0101s darbojas moderna laboratorija, kur\u0101 tiek veiktas notek\u016bde\u0146u anal\u012bzes un darb\u012bbas uzraudz\u012bba, k\u0101 ar\u012b notek\u016bde\u0146u izp\u0113te.<\/p>\n\n\n\n<figure class=\"wp-block-image size-large\"><img decoding=\"async\" width=\"1024\" height=\"300\" src=\"https:\/\/grindeks.com\/wp-content\/uploads\/2022\/09\/Go-green-1024x300.png\" alt=\"\" class=\"wp-image-9126\" title=\"\" srcset=\"https:\/\/grindeks.com\/wp-content\/uploads\/2022\/09\/Go-green-1024x300.png 1024w, https:\/\/grindeks.com\/wp-content\/uploads\/2022\/09\/Go-green-300x88.png 300w, https:\/\/grindeks.com\/wp-content\/uploads\/2022\/09\/Go-green-150x44.png 150w, https:\/\/grindeks.com\/wp-content\/uploads\/2022\/09\/Go-green-768x225.png 768w, https:\/\/grindeks.com\/wp-content\/uploads\/2022\/09\/Go-green-480x141.png 480w, https:\/\/grindeks.com\/wp-content\/uploads\/2022\/09\/Go-green-640x187.png 640w, https:\/\/grindeks.com\/wp-content\/uploads\/2022\/09\/Go-green-720x211.png 720w, https:\/\/grindeks.com\/wp-content\/uploads\/2022\/09\/Go-green-960x281.png 960w, https:\/\/grindeks.com\/wp-content\/uploads\/2022\/09\/Go-green-1168x342.png 1168w, https:\/\/grindeks.com\/wp-content\/uploads\/2022\/09\/Go-green.png 1311w\" sizes=\"(max-width: 1024px) 100vw, 1024px\" \/><\/figure>\n\n\n\n<p>Kop\u0161 2021. gada Grindeks koncentr\u0113jas uz digitaliz\u0101ciju. Digit\u0101l\u0101 transform\u0101cija ietver visu eso\u0161o biznesa procesu p\u0101rskat\u012b\u0161anu &#8211; no iek\u0161\u0113jiem procesiem un attiec\u012bb\u0101m starp biznesa strukt\u016br\u0101m l\u012bdz attiec\u012bb\u0101m ar klientiem, biznesa pl\u0101no\u0161anai un jaunu produktu izp\u0113tei un att\u012bst\u012bbai.<\/p>\n\n\n\n<p>Tehnolo\u0123ijas un digit\u0101lie risin\u0101jumi \u013cauj mums b\u016bt sistem\u0101tisk\u0101kiem un prec\u012bz\u0101kiem, t\u0101d\u0113j\u0101di \u013caujot mums efekt\u012bv\u0101k pild\u012bt m\u016bsu galveno uzdevumu &#8211; nodro\u0161in\u0101t pacientus ar nepiecie\u0161amajiem medikamentiem.<\/p>\n\n\n\n<p><\/p>\n","protected":false},"excerpt":{"rendered":"<p>Progress nav iesp\u0113jams bez dom\u0101\u0161anas mai\u0146as &#8211; katrs ir atbild\u012bgs par nepiecie\u0161amo darba resursu izmanto\u0161anas izv\u0113rt\u0113\u0161anu un atkritumu \u0161\u0137iro\u0161anu. M\u0113s visi akt\u012bvi iesaist\u0101mies vides jaut\u0101jumu&#8230;<\/p>\n","protected":false},"author":1,"featured_media":6601,"parent":4641,"menu_order":0,"comment_status":"closed","ping_status":"closed","template":"","meta":{"_acf_changed":false,"footnotes":""},"class_list":["post-8588","page","type-page","status-publish","has-post-thumbnail","hentry"],"acf":[],"_links":{"self":[{"href":"https:\/\/grindeks.com\/lv\/wp-json\/wp\/v2\/pages\/8588","targetHints":{"allow":["GET"]}}],"collection":[{"href":"https:\/\/grindeks.com\/lv\/wp-json\/wp\/v2\/pages"}],"about":[{"href":"https:\/\/grindeks.com\/lv\/wp-json\/wp\/v2\/types\/page"}],"author":[{"embeddable":true,"href":"https:\/\/grindeks.com\/lv\/wp-json\/wp\/v2\/users\/1"}],"replies":[{"embeddable":true,"href":"https:\/\/grindeks.com\/lv\/wp-json\/wp\/v2\/comments?post=8588"}],"version-history":[{"count":2,"href":"https:\/\/grindeks.com\/lv\/wp-json\/wp\/v2\/pages\/8588\/revisions"}],"predecessor-version":[{"id":11497,"href":"https:\/\/grindeks.com\/lv\/wp-json\/wp\/v2\/pages\/8588\/revisions\/11497"}],"up":[{"embeddable":true,"href":"https:\/\/grindeks.com\/lv\/wp-json\/wp\/v2\/pages\/4641"}],"wp:featuredmedia":[{"embeddable":true,"href":"https:\/\/grindeks.com\/lv\/wp-json\/wp\/v2\/media\/6601"}],"wp:attachment":[{"href":"https:\/\/grindeks.com\/lv\/wp-json\/wp\/v2\/media?parent=8588"}],"curies":[{"name":"wp","href":"https:\/\/api.w.org\/{rel}","templated":true}]}}