{"id":8559,"date":"2022-09-14T09:56:11","date_gmt":"2022-09-14T09:56:11","guid":{"rendered":"http:\/\/staging.grindeks.eu\/ilgtspeja\/cilvektiesibas\/"},"modified":"2022-09-14T10:07:24","modified_gmt":"2022-09-14T10:07:24","slug":"cilvektiesibas","status":"publish","type":"page","link":"https:\/\/grindeks.com\/lv\/ilgtspeja\/cilvektiesibas\/","title":{"rendered":"Cilv\u0113kties\u012bbas"},"content":{"rendered":"\n<h4 class=\"wp-block-heading\">Starptautisko standartu un cilv\u0113kties\u012bbu iev\u0113ro\u0161ana<\/h4>\n\n\n\n<p>M\u016bsu starptautisko standartu un cilv\u0113kties\u012bbu iev\u0113ro\u0161ana balst\u0101s uz ANO Glob\u0101laj\u0101 l\u012bgum\u0101 min\u0113tajiem desmit principiem. Tie attiecas uz cilv\u0113kties\u012bb\u0101m, darba ties\u012bb\u0101m, vides aizsardz\u012bba un korupcijas nov\u0113r\u0161anas jaut\u0101jumiem biznes\u0101. Ar \u0161iem 10 principiem m\u0113s veiksm\u012bgi \u012bstenojam soci\u0101li atbild\u012bgu uzved\u012bbas praksi jau daudzus gadus, veicinot augst\u0101k\u0101s \u0113tikas biznesa principus Latvij\u0101 un \u0101rzem\u0113s.<\/p>\n\n\n\n<p>M\u0113s \u012bstenojam soci\u0101li atbild\u012bgus principus sav\u0101 darb\u0101, aicinot ar\u012b citus sekot min\u0113tajiem principiem, nodro\u0161inot nep\u0101rtrauktu sabiedr\u012bbas att\u012bst\u012bbu.<\/p>\n\n\n\n<p>1. Uz\u0146\u0113m\u0113jiem ir j\u0101atbalsta un j\u0101iev\u0113ro starptautiski pasludin\u0101t\u0101s cilv\u0113kties\u012bbas.<\/p>\n\n\n\n<p>2. Uz\u0146\u0113mums nedr\u012bkst b\u016bt iesaist\u012bts cilv\u0113kties\u012bbu p\u0101rk\u0101pumos.<\/p>\n\n\n\n<p><strong>Principi, kas saist\u012bti ar darba ties\u012bb\u0101m:<\/strong><\/p>\n\n\n\n<p>3. Uz\u0146\u0113mumiem ir j\u0101iev\u0113ro biedro\u0161an\u0101s br\u012bv\u012bba, k\u0101 ar\u012b j\u0101atz\u012bst darbinieku ties\u012bbas sl\u0113gt kopl\u012bgumu.<\/p>\n\n\n\n<p>4. Uz\u0146\u0113m\u0113ji nedr\u012bkst izmantot piespiedu darbu.<\/p>\n\n\n\n<p>5. Uz\u0146\u0113m\u0113ji nedr\u012bkst izmantot b\u0113rnu darbu.<\/p>\n\n\n\n<p>6. Uz\u0146\u0113mums nedr\u012bkst pie\u013caut diskrimin\u0101ciju nodarbin\u0101t\u012bbas jom\u0101.<\/p>\n\n\n\n<p><strong>Principi, kas saist\u012bti ar apk\u0101rt\u0113jo vidi:<\/strong><\/p>\n\n\n\n<p>7. Uz\u0146\u0113mumiem ir j\u0101saudz\u0113 apk\u0101rt\u0113j\u0101 vide.<\/p>\n\n\n\n<p>8. Uz\u0146\u0113mumiem j\u0101veicina atbild\u012bba par apk\u0101rt\u0113jo vidi.<\/p>\n\n\n\n<p>9. Uz\u0146\u0113mumiem j\u0101veicina videi draudz\u012bgu tehnolo\u0123iju att\u012bst\u012bba un izmanto\u0161ana<\/p>\n\n\n\n<p><strong>Princips pret korupciju un kuku\u013cdo\u0161anu uz\u0146\u0113m\u0113jdarb\u012bb\u0101:<\/strong><\/p>\n\n\n\n<p>10. Uz\u0146\u0113mumiem ir j\u0101str\u0101d\u0101 pret korupciju visos t\u0101s veidos (gan pret kuku\u013cdo\u0161anu, gan naudas vai citu labumu izspie\u0161anu).<\/p>\n\n\n\n<h4 class=\"wp-block-heading\">Vienl\u012bdz\u012bba<\/h4>\n\n\n\n<p><strong>Dzimumu un vecuma l\u012bdzv\u0113rt\u012bba<\/strong>. Pieredze un zin\u0101\u0161anas ir \u012bpa\u0161\u012bbas, kas piem\u012bt v\u012brie\u0161iem un sieviet\u0113m, kuru talanti un&nbsp; uzc\u012bt\u012bba, kas veido m\u016bsu komandu, ir sastopama vis\u0101s m\u016bsu darbinieku vecuma grup\u0101s. M\u016bsu cilv\u0113ki iedvesmo m\u016bs par\u0101dot, ka nedz dzimumam, nedz vecumam nav noteico\u0161as lomas ie\u0146emamaj\u0101 amat\u0101 un darba pien\u0101kumos.<\/p>\n\n\n\n<p><strong>M\u016bsu un pacientu vienl\u012bdz\u012bba<\/strong>. Atbild\u012bba, ko m\u0113s uz\u0146emamies, ra\u017eojot z\u0101les cilv\u0113kiem, kuriem t\u0101s ir nepiecie\u0161amas, ir veidota no atkl\u0101t\u012bbas, vienk\u0101r\u0161\u012bbas un inform\u0101cijas pieejam\u012bbas. M\u0113s apzin\u0101mies, cik noz\u012bm\u012bga ir vienl\u012bdz\u012bba starp z\u0101\u013cu ra\u017eot\u0101ju un z\u0101\u013cu pat\u0113r\u0113t\u0101ju, t\u0101p\u0113c esam atv\u0113rti dialogiem par daudzpus\u012bgu, pacientam interes\u0113jo\u0161u inform\u0101ciju, stiprinot uztic\u012bbu farm\u0101cijas nozarei, kur\u0101 jau v\u0113sturiski veidoj\u0101s, lai nepiecie\u0161am\u0101s z\u0101les b\u016btu pieejamas visiem cilv\u0113kiem vis\u0101 pasaul\u0113.<\/p>\n\n\n\n<h4 class=\"wp-block-heading\">\u0112tikas standarts<\/h4>\n\n\n\n<p>\u0112tikai ir liela noz\u012bme m\u016bsu ilgtsp\u0113j\u0101, jo t\u0101 pal\u012bdz atrast un defin\u0113t&nbsp; m\u016bsu darba principus, lai zin\u0101\u0161anas, pieredze un m\u016bsu pan\u0101kumi farm\u0101cij\u0101 tiktu nodoti n\u0101kamaj\u0101m paaudz\u0113m, \u0146emot v\u0113r\u0101 mor\u0101l\u0101s v\u0113rt\u012bbas vis\u0101s cilv\u0113ku grup\u0101s.<\/p>\n\n\n\n<div class=\"wp-block-file\"><a id=\"wp-block-file--media-55f08d5d-023d-40ae-8bb5-ac18ebd71ebe\" href=\"http:\/\/grindeks.com\/wp-content\/uploads\/2022\/09\/Etikas-standarts-Grindeks-2021-LV.pdf\">Grindeks \u0113tikas standarts<\/a><a href=\"http:\/\/grindeks.com\/wp-content\/uploads\/2022\/09\/Etikas-standarts-Grindeks-2021-LV.pdf\" class=\"wp-block-file__button\" download aria-describedby=\"wp-block-file--media-55f08d5d-023d-40ae-8bb5-ac18ebd71ebe\">Lejupiel\u0101d\u0113t<\/a><\/div>\n","protected":false},"excerpt":{"rendered":"<p>Starptautisko standartu un cilv\u0113kties\u012bbu iev\u0113ro\u0161ana M\u016bsu starptautisko standartu un cilv\u0113kties\u012bbu iev\u0113ro\u0161ana balst\u0101s uz ANO Glob\u0101laj\u0101 l\u012bgum\u0101 min\u0113tajiem desmit principiem. Tie attiecas uz cilv\u0113kties\u012bb\u0101m, darba ties\u012bb\u0101m,&#8230;<\/p>\n","protected":false},"author":1,"featured_media":6601,"parent":4641,"menu_order":0,"comment_status":"closed","ping_status":"closed","template":"","meta":{"_acf_changed":false,"footnotes":""},"class_list":["post-8559","page","type-page","status-publish","has-post-thumbnail","hentry"],"acf":[],"_links":{"self":[{"href":"https:\/\/grindeks.com\/lv\/wp-json\/wp\/v2\/pages\/8559","targetHints":{"allow":["GET"]}}],"collection":[{"href":"https:\/\/grindeks.com\/lv\/wp-json\/wp\/v2\/pages"}],"about":[{"href":"https:\/\/grindeks.com\/lv\/wp-json\/wp\/v2\/types\/page"}],"author":[{"embeddable":true,"href":"https:\/\/grindeks.com\/lv\/wp-json\/wp\/v2\/users\/1"}],"replies":[{"embeddable":true,"href":"https:\/\/grindeks.com\/lv\/wp-json\/wp\/v2\/comments?post=8559"}],"version-history":[{"count":0,"href":"https:\/\/grindeks.com\/lv\/wp-json\/wp\/v2\/pages\/8559\/revisions"}],"up":[{"embeddable":true,"href":"https:\/\/grindeks.com\/lv\/wp-json\/wp\/v2\/pages\/4641"}],"wp:featuredmedia":[{"embeddable":true,"href":"https:\/\/grindeks.com\/lv\/wp-json\/wp\/v2\/media\/6601"}],"wp:attachment":[{"href":"https:\/\/grindeks.com\/lv\/wp-json\/wp\/v2\/media?parent=8559"}],"curies":[{"name":"wp","href":"https:\/\/api.w.org\/{rel}","templated":true}]}}