{"id":6093,"date":"2022-08-04T07:22:04","date_gmt":"2022-08-04T07:22:04","guid":{"rendered":"http:\/\/staging.grindeks.eu\/par-mums\/who-we-are\/"},"modified":"2022-09-07T12:38:37","modified_gmt":"2022-09-07T12:38:37","slug":"kas-mes-esam","status":"publish","type":"page","link":"https:\/\/grindeks.com\/lv\/par-mums\/kas-mes-esam\/","title":{"rendered":"Kas m\u0113s esam?"},"content":{"rendered":"\n<div class=\"wp-block-columns is-layout-flex wp-container-core-columns-is-layout-9d6595d7 wp-block-columns-is-layout-flex\">\n<div class=\"wp-block-column is-layout-flow wp-block-column-is-layout-flow\" style=\"flex-basis:33.33%\">\n<p>Misija<\/p>\n<\/div>\n\n\n\n<div class=\"wp-block-column is-layout-flow wp-block-column-is-layout-flow\" style=\"flex-basis:66.66%\">\n<p>M\u016bsu misija ir padar\u012bt cilv\u0113ku dz\u012bvi vesel\u012bg\u0101ku viegl\u0101ku. M\u0113s rad\u0101m vienk\u0101r\u0161us un inovat\u012bvus risin\u0101jumus dz\u012bves kvalit\u0101tes uzlabo\u0161anai.<\/p>\n<\/div>\n<\/div>\n\n\n\n<div class=\"wp-block-columns is-layout-flex wp-container-core-columns-is-layout-9d6595d7 wp-block-columns-is-layout-flex\">\n<div class=\"wp-block-column is-layout-flow wp-block-column-is-layout-flow\" style=\"flex-basis:33.33%\">\n<p>V\u012bzija<\/p>\n<\/div>\n\n\n\n<div class=\"wp-block-column is-layout-flow wp-block-column-is-layout-flow\" style=\"flex-basis:66.66%\">\n<p>M\u016bsu v\u012bzija ir sniegt vislabako vesel\u012bbas atbalstu ikvienam cilv\u0113kam vis\u0101 pasaul\u0113 un k\u013c\u016bt par pasaules noz\u012bmes farm\u0101cijas uz\u0146\u0113mumu.<\/p>\n<\/div>\n<\/div>\n\n\n\n<div class=\"wp-block-columns is-layout-flex wp-container-core-columns-is-layout-9d6595d7 wp-block-columns-is-layout-flex\">\n<div class=\"wp-block-column is-layout-flow wp-block-column-is-layout-flow\" style=\"flex-basis:33.33%\">\n<p>V\u0113rt\u012bbas<\/p>\n<\/div>\n\n\n\n<div class=\"wp-block-column is-layout-flow wp-block-column-is-layout-flow\" style=\"flex-basis:66.66%\">\n<p>Cilv\u0113c\u012bba \u2013 ar godu un atbild\u012bbu izturamies pret cilv\u0113ku vesel\u012bbas vajadz\u012bb\u0101m, esam pretimn\u0101ko\u0161i un gatavi pal\u012bdz\u0113t.<\/p>\n\n\n\n<p>Vienk\u0101r\u0161\u012bba \u2013 m\u0113s padar\u0101m sare\u017e\u0123\u012bt\u0101s lietas vienk\u0101r\u0161as un dar\u0101m visu iesp\u0113jamo, lai vesel\u012bbas risin\u0101jumi b\u016btu pieejami ikvienam.<\/p>\n\n\n\n<p>Izaugsme \u2013 m\u016bsu produktu portfelis atbilst m\u016bsdienu vajadz\u012bb\u0101m un dinamiskam dz\u012bvesveidam, lai novatorisk\u0101 veid\u0101 risin\u0101tu vesel\u012bbas probl\u0113mas.<\/p>\n<\/div>\n<\/div>\n\n\n\n<p><\/p>\n\n\n\n<figure class=\"wp-block-image size-large\"><img decoding=\"async\" width=\"1024\" height=\"580\" src=\"http:\/\/grindeks.com\/wp-content\/uploads\/2022\/09\/Who-we-are-1024x580.png\" alt=\"\" class=\"wp-image-7912\" title=\"\" srcset=\"https:\/\/grindeks.com\/wp-content\/uploads\/2022\/09\/Who-we-are-1024x580.png 1024w, https:\/\/grindeks.com\/wp-content\/uploads\/2022\/09\/Who-we-are-300x170.png 300w, https:\/\/grindeks.com\/wp-content\/uploads\/2022\/09\/Who-we-are-150x85.png 150w, https:\/\/grindeks.com\/wp-content\/uploads\/2022\/09\/Who-we-are-768x435.png 768w, https:\/\/grindeks.com\/wp-content\/uploads\/2022\/09\/Who-we-are-480x272.png 480w, https:\/\/grindeks.com\/wp-content\/uploads\/2022\/09\/Who-we-are-640x363.png 640w, https:\/\/grindeks.com\/wp-content\/uploads\/2022\/09\/Who-we-are-720x408.png 720w, https:\/\/grindeks.com\/wp-content\/uploads\/2022\/09\/Who-we-are-960x544.png 960w, https:\/\/grindeks.com\/wp-content\/uploads\/2022\/09\/Who-we-are-1168x662.png 1168w, https:\/\/grindeks.com\/wp-content\/uploads\/2022\/09\/Who-we-are.png 1311w\" sizes=\"(max-width: 1024px) 100vw, 1024px\" \/><\/figure>\n","protected":false},"excerpt":{"rendered":"<p>Misija M\u016bsu misija ir padar\u012bt cilv\u0113ku dz\u012bvi vesel\u012bg\u0101ku viegl\u0101ku. M\u0113s rad\u0101m vienk\u0101r\u0161us un inovat\u012bvus risin\u0101jumus dz\u012bves kvalit\u0101tes uzlabo\u0161anai. V\u012bzija M\u016bsu v\u012bzija ir sniegt vislabako vesel\u012bbas&#8230;<\/p>\n","protected":false},"author":3,"featured_media":6601,"parent":4306,"menu_order":0,"comment_status":"closed","ping_status":"closed","template":"","meta":{"_acf_changed":false,"footnotes":""},"class_list":["post-6093","page","type-page","status-publish","has-post-thumbnail","hentry"],"acf":[],"_links":{"self":[{"href":"https:\/\/grindeks.com\/lv\/wp-json\/wp\/v2\/pages\/6093","targetHints":{"allow":["GET"]}}],"collection":[{"href":"https:\/\/grindeks.com\/lv\/wp-json\/wp\/v2\/pages"}],"about":[{"href":"https:\/\/grindeks.com\/lv\/wp-json\/wp\/v2\/types\/page"}],"author":[{"embeddable":true,"href":"https:\/\/grindeks.com\/lv\/wp-json\/wp\/v2\/users\/3"}],"replies":[{"embeddable":true,"href":"https:\/\/grindeks.com\/lv\/wp-json\/wp\/v2\/comments?post=6093"}],"version-history":[{"count":0,"href":"https:\/\/grindeks.com\/lv\/wp-json\/wp\/v2\/pages\/6093\/revisions"}],"up":[{"embeddable":true,"href":"https:\/\/grindeks.com\/lv\/wp-json\/wp\/v2\/pages\/4306"}],"wp:featuredmedia":[{"embeddable":true,"href":"https:\/\/grindeks.com\/lv\/wp-json\/wp\/v2\/media\/6601"}],"wp:attachment":[{"href":"https:\/\/grindeks.com\/lv\/wp-json\/wp\/v2\/media?parent=6093"}],"curies":[{"name":"wp","href":"https:\/\/api.w.org\/{rel}","templated":true}]}}