{"id":5933,"date":"2022-07-20T11:16:14","date_gmt":"2022-07-20T08:16:14","guid":{"rendered":"http:\/\/staging.grindeks.eu\/?page_id=5933"},"modified":"2025-10-28T17:02:58","modified_gmt":"2025-10-28T14:02:58","slug":"blakusparadibu-uzraudziba","status":"publish","type":"page","link":"https:\/\/grindeks.com\/lv\/produkts\/blakusparadibu-uzraudziba\/","title":{"rendered":"Blakuspar\u0101d\u012bbu uzraudz\u012bba"},"content":{"rendered":"\n<p>Pacientu vesel\u012bba un labkl\u0101j\u012bba \u2013 Grindeks priorit\u0101tes \u2013 tiek nodro\u0161in\u0101tas ar m\u016bsu medikamentu dro\u0161umu un efektivit\u0101ti. Par \u0161o stingro nosac\u012bjumu prec\u012bzu \u012bsteno\u0161anu ir atbild\u012bga farmakovigilance \u2013 sist\u0113ma, kuras m\u0113r\u0137is ir savlaic\u012bgi noteikt un efekt\u012bvi nov\u0113rst z\u0101\u013cu lieto\u0161anas nev\u0113lam\u0101s sekas.<\/p>\n\n\n\n<figure class=\"wp-block-image size-full\"><img decoding=\"async\" width=\"1024\" height=\"560\" src=\"https:\/\/grindeks.com\/wp-content\/uploads\/2024\/02\/image-1.png\" alt=\"\" class=\"wp-image-10428\" title=\"\" srcset=\"https:\/\/grindeks.com\/wp-content\/uploads\/2024\/02\/image-1.png 1024w, https:\/\/grindeks.com\/wp-content\/uploads\/2024\/02\/image-1-300x164.png 300w, https:\/\/grindeks.com\/wp-content\/uploads\/2024\/02\/image-1-150x82.png 150w, https:\/\/grindeks.com\/wp-content\/uploads\/2024\/02\/image-1-768x420.png 768w, https:\/\/grindeks.com\/wp-content\/uploads\/2024\/02\/image-1-480x263.png 480w, https:\/\/grindeks.com\/wp-content\/uploads\/2024\/02\/image-1-640x350.png 640w, https:\/\/grindeks.com\/wp-content\/uploads\/2024\/02\/image-1-720x394.png 720w, https:\/\/grindeks.com\/wp-content\/uploads\/2024\/02\/image-1-960x525.png 960w\" sizes=\"(max-width: 1024px) 100vw, 1024px\" \/><\/figure>\n\n\n\n<p>Viens no farmakovigilances sist\u0113mas instrumentiem ir zi\u0146ojumu, par blakuspar\u0101d\u012bb\u0101m, monitorings vis\u0101s valst\u012bs, kur\u0101s ir re\u0123istr\u0113ti m\u016bsu medikamenti.<\/p>\n\n\n\n<p><strong>Ir svar\u012bgi ir zi\u0146ot par blakuspar\u0101d\u012bb\u0101m, jo tas pal\u012bdz:<\/strong><\/p>\n\n\n\n<ul class=\"wp-block-list\">\n<li>Atkl\u0101t jaunas, l\u012bdz \u0161im nezin\u0101mas blakuspar\u0101d\u012bbas;<\/li>\n\n\n\n<li>Noteikt, k\u0101das blakuspar\u0101d\u012bbas ir visbie\u017e\u0101k sastopamas;<\/li>\n\n\n\n<li>Noteikt, k\u0101di faktori paaugstina risku blakuspar\u0101d\u012bbu att\u012bst\u012bbai,<\/li>\n\n\n\n<li>Br\u012bdin\u0101t citus pacientus par iesp\u0113jam\u0101m blakuspar\u0101d\u012bb\u0101m.<\/li>\n<\/ul>\n\n\n\n<p><strong>Ja esat konstat\u0113jis blakuspar\u0101d\u012bbu izpausmi, medikamenta efektivit\u0101tes tr\u016bkumu vai k\u0101dus citus neierastus efektus, m\u016bsu medikamenta lieto\u0161anas laik\u0101, l\u016bdzam J\u016bs zi\u0146ot par \u0161\u0101du situ\u0101ciju, k\u0101d\u0101 no zem\u0101k uzskait\u012btajiem veidiem:<\/strong><\/p>\n\n\n\n<p>-Izmantojot tie\u0161saistes formu (sk. zem\u0101k);<\/p>\n\n\n\n<p>-Izmantojot bezsaistes formu;<\/p>\n\n\n\n<p>-Nos\u016btot br\u012bv\u0101 form\u0101 uz e-pasta adresi <a href=\"mailto:vigilance@grindeks.com\">vigilance@grindeks.com<\/a> vai <a href=\"mailto:jurijs.zaicenko@grindeks.com\">jurijs.zaicenko@grindeks.com<\/a>;<\/p>\n\n\n\n<p>-Nos\u016btot v\u0113stuli uz medic\u012bnisk\u0101s noda\u013cas pasta adresi: Latvija, R\u012bga, Krustpils iela 53, LV-1057, AS Grindeks;<\/p>\n\n\n\n<p>-Piezvanot pa t\u0101lruni +37167083644 (darba laik\u0101) vai +37128655389 (\u0101rpus darba laika);<\/p>\n\n\n\n<p><strong>Piev\u0113rsiet, l\u016bdzu, uzman\u012bbu tam, ka zi\u0146ojumam ir j\u0101ietver sekojo\u0161a inform\u0101cija:<\/strong><\/p>\n\n\n\n<p>-Pacienta dati,<\/p>\n\n\n\n<p>-Dati par zi\u0146ojuma iesniedz\u0113ju,<\/p>\n\n\n\n<p>-Dati par lietoto medikamentu\/-iem,<\/p>\n\n\n\n<p>-Blakuspar\u0101d\u012bbas raksturojumam.<\/p>\n\n\n\n<p>Pret\u0113j\u0101 gad\u012bjum\u0101 zi\u0146ojums tiks uzskat\u012bts, k\u0101 neder\u012bgs.<\/p>\n\n\n\n<p>Nep\u0101rtraukta farmakovigilances \u012bsteno\u0161ana ir medic\u012bnisk\u0101s noda\u013cas komandas prim\u0101rais uzdevums.<\/p>\n\n\n\n<p>Sav\u0101 darb\u0101 noda\u013ca vad\u0101s stingri p\u0113c valsts noteiktaj\u0101m pras\u012bb\u0101m un labas farmakovigilances prakses principiem. Sa\u0146emt\u0101 inform\u0101cija tiek r\u016bp\u012bgi p\u0101rbaud\u012bta, analiz\u0113ta un nepiecie\u0161am\u012bbas gad\u012bjum\u0101 var tikt nodota t\u0101l\u0101k kompetentaj\u0101m iest\u0101d\u0113m.<\/p>\n\n\n\n<p>Pateicoties farmakovigilances sist\u0113mai pacienti var b\u016bt dro\u0161i, ka vi\u0146u vesel\u012bba tiek dro\u0161i aizsarg\u0101ta.<\/p>\n\n\n\n<p>Tiek garant\u0113ta piln\u012bga J\u016bsu datu konfidencialit\u0101te.<\/p>\n\n\n\n<p><strong>Arina Bobrovi\u010da<\/strong><\/p>\n\n\n\n<p>Medic\u012bnisk\u0101 noda\u013ca<\/p>\n\n\n\n<p>Kontaktt\u0101lrunis: +37126066263<\/p>\n\n\n<form action=\"https:\/\/grindeks.com\/lv\/wp-json\/ws-form\/v1\/submit\" class=\"wsf-form wsf-form-canvas\" id=\"ws-form-1\" data-id=\"12\" method=\"POST\" data-instance-id=\"1\" data-wsf-style-id=\"1\"><\/form>\n","protected":false},"excerpt":{"rendered":"<p>Pacientu vesel\u012bba un labkl\u0101j\u012bba \u2013 Grindeks priorit\u0101tes \u2013 tiek nodro\u0161in\u0101tas ar m\u016bsu medikamentu dro\u0161umu un efektivit\u0101ti. Par \u0161o stingro nosac\u012bjumu prec\u012bzu \u012bsteno\u0161anu ir atbild\u012bga farmakovigilance&#8230;<\/p>\n","protected":false},"author":3,"featured_media":4013,"parent":5579,"menu_order":0,"comment_status":"closed","ping_status":"closed","template":"","meta":{"_acf_changed":false,"footnotes":""},"class_list":["post-5933","page","type-page","status-publish","has-post-thumbnail","hentry"],"acf":[],"_links":{"self":[{"href":"https:\/\/grindeks.com\/lv\/wp-json\/wp\/v2\/pages\/5933","targetHints":{"allow":["GET"]}}],"collection":[{"href":"https:\/\/grindeks.com\/lv\/wp-json\/wp\/v2\/pages"}],"about":[{"href":"https:\/\/grindeks.com\/lv\/wp-json\/wp\/v2\/types\/page"}],"author":[{"embeddable":true,"href":"https:\/\/grindeks.com\/lv\/wp-json\/wp\/v2\/users\/3"}],"replies":[{"embeddable":true,"href":"https:\/\/grindeks.com\/lv\/wp-json\/wp\/v2\/comments?post=5933"}],"version-history":[{"count":3,"href":"https:\/\/grindeks.com\/lv\/wp-json\/wp\/v2\/pages\/5933\/revisions"}],"predecessor-version":[{"id":11772,"href":"https:\/\/grindeks.com\/lv\/wp-json\/wp\/v2\/pages\/5933\/revisions\/11772"}],"up":[{"embeddable":true,"href":"https:\/\/grindeks.com\/lv\/wp-json\/wp\/v2\/pages\/5579"}],"wp:featuredmedia":[{"embeddable":true,"href":"https:\/\/grindeks.com\/lv\/wp-json\/wp\/v2\/media\/4013"}],"wp:attachment":[{"href":"https:\/\/grindeks.com\/lv\/wp-json\/wp\/v2\/media?parent=5933"}],"curies":[{"name":"wp","href":"https:\/\/api.w.org\/{rel}","templated":true}]}}