{"id":5579,"date":"2022-07-20T07:31:40","date_gmt":"2022-07-20T04:31:40","guid":{"rendered":"http:\/\/staging.grindeks.eu\/?page_id=5579"},"modified":"2023-04-19T09:40:57","modified_gmt":"2023-04-19T06:40:57","slug":"produkts","status":"publish","type":"page","link":"https:\/\/grindeks.com\/lv\/produkts\/","title":{"rendered":"Produkti"},"content":{"rendered":"\n<p>M\u016bsu produkti ir pieejami 100 pasaules valst\u012bs. Grindeks produktu portfel\u012b ir ori\u0123in\u0101lie produkti, patentbr\u012bvie medikamenti un akt\u012bv\u0101s farmaceitisk\u0101s vielas. Visi produkti ra\u017eoti atbilsto\u0161i augstaj\u0101m pasaules dro\u0161\u012bbas un kvalit\u0101tes pras\u012bb\u0101m. M\u016bsu galven\u0101s terapeitisk\u0101s grupas: sirds un asinsvadu sist\u0113ma, CNS, onkolo\u0123ija, diab\u0113ts un dermatolo\u0123ija.<\/p>\n\n\n\n<figure class=\"wp-block-image size-full\"><a href=\"https:\/\/grindeks.com\/lv\/produkts\/gatavas-zalu-formas\/\"><img decoding=\"async\" width=\"800\" height=\"534\" src=\"https:\/\/grindeks.com\/wp-content\/uploads\/2022\/10\/image.jpeg\" alt=\"\" class=\"wp-image-9388\" title=\"\" srcset=\"https:\/\/grindeks.com\/wp-content\/uploads\/2022\/10\/image.jpeg 800w, https:\/\/grindeks.com\/wp-content\/uploads\/2022\/10\/image-300x200.jpeg 300w, https:\/\/grindeks.com\/wp-content\/uploads\/2022\/10\/image-150x100.jpeg 150w, https:\/\/grindeks.com\/wp-content\/uploads\/2022\/10\/image-768x513.jpeg 768w, https:\/\/grindeks.com\/wp-content\/uploads\/2022\/10\/image-480x320.jpeg 480w, https:\/\/grindeks.com\/wp-content\/uploads\/2022\/10\/image-640x427.jpeg 640w, https:\/\/grindeks.com\/wp-content\/uploads\/2022\/10\/image-720x481.jpeg 720w\" sizes=\"(max-width: 800px) 100vw, 800px\" \/><\/a><\/figure>\n\n\n\n<p>*\u0160\u012b sada\u013ca ir paredz\u0113ta tikai vesel\u012bbas apr\u016bpes speci\u0101listiem. Vietne satur inform\u0101ciju, kas paredz\u0113ta pla\u0161ai sabiedr\u012bbai, un taj\u0101 var b\u016bt inform\u0101cija par produktu, kas nav pieejama vai nav der\u012bga j\u016bsu valst\u012b. M\u0113s neuz\u0146emamies nek\u0101du atbild\u012bbu par piek\u013cuvi inform\u0101cijai, kas var neatbilst jebk\u0101d\u0101m juridiskaj\u0101m proced\u016br\u0101m, noteikumiem, re\u0123istr\u0101cijai vai lieto\u0161anai j\u016bsu valst\u012b.<\/p>\n","protected":false},"excerpt":{"rendered":"<p>M\u016bsu produkti ir pieejami 100 pasaules valst\u012bs. Grindeks produktu portfel\u012b ir ori\u0123in\u0101lie produkti, patentbr\u012bvie medikamenti un akt\u012bv\u0101s farmaceitisk\u0101s vielas. Visi produkti ra\u017eoti atbilsto\u0161i augstaj\u0101m pasaules&#8230;<\/p>\n","protected":false},"author":3,"featured_media":6601,"parent":0,"menu_order":0,"comment_status":"closed","ping_status":"closed","template":"","meta":{"_acf_changed":false,"footnotes":""},"class_list":["post-5579","page","type-page","status-publish","has-post-thumbnail","hentry"],"acf":[],"_links":{"self":[{"href":"https:\/\/grindeks.com\/lv\/wp-json\/wp\/v2\/pages\/5579","targetHints":{"allow":["GET"]}}],"collection":[{"href":"https:\/\/grindeks.com\/lv\/wp-json\/wp\/v2\/pages"}],"about":[{"href":"https:\/\/grindeks.com\/lv\/wp-json\/wp\/v2\/types\/page"}],"author":[{"embeddable":true,"href":"https:\/\/grindeks.com\/lv\/wp-json\/wp\/v2\/users\/3"}],"replies":[{"embeddable":true,"href":"https:\/\/grindeks.com\/lv\/wp-json\/wp\/v2\/comments?post=5579"}],"version-history":[{"count":0,"href":"https:\/\/grindeks.com\/lv\/wp-json\/wp\/v2\/pages\/5579\/revisions"}],"wp:featuredmedia":[{"embeddable":true,"href":"https:\/\/grindeks.com\/lv\/wp-json\/wp\/v2\/media\/6601"}],"wp:attachment":[{"href":"https:\/\/grindeks.com\/lv\/wp-json\/wp\/v2\/media?parent=5579"}],"curies":[{"name":"wp","href":"https:\/\/api.w.org\/{rel}","templated":true}]}}