{"id":5317,"date":"2022-07-04T07:23:27","date_gmt":"2022-07-04T07:23:27","guid":{"rendered":"http:\/\/staging.grindeks.eu\/?page_id=5317"},"modified":"2022-09-23T08:00:38","modified_gmt":"2022-09-23T08:00:38","slug":"aktivas-farmaceitiskas-sastavdalas","status":"publish","type":"page","link":"https:\/\/grindeks.com\/lv\/produkts\/aktivas-farmaceitiskas-sastavdalas\/","title":{"rendered":"Akt\u012bv\u0101s farmaceitisk\u0101s vielas"},"content":{"rendered":"\n<p>Grindeks ir j\u016bsu izv\u0113le Nr.1 \u200b\u200bakt\u012bvo farmaceitisko vielu (AFV) jom\u0101.<\/p>\n\n\n\n<p>M\u016bsu AFV ir ra\u017eotas saska\u0146\u0101 ar LRP pras\u012bb\u0101m, sertific\u0113tas ar at\u013cauju (licenci) AFV ra\u017eo\u0161anai un labas ra\u017eo\u0161anas prakses sertifik\u0101tu.<\/p>\n","protected":false},"excerpt":{"rendered":"<p>Grindeks ir j\u016bsu izv\u0113le Nr.1 \u200b\u200bakt\u012bvo farmaceitisko vielu (AFV) jom\u0101. M\u016bsu AFV ir ra\u017eotas saska\u0146\u0101 ar LRP pras\u012bb\u0101m, sertific\u0113tas ar at\u013cauju (licenci) AFV ra\u017eo\u0161anai un&#8230;<\/p>\n","protected":false},"author":3,"featured_media":6601,"parent":5579,"menu_order":0,"comment_status":"closed","ping_status":"closed","template":"","meta":{"_acf_changed":false,"footnotes":""},"class_list":["post-5317","page","type-page","status-publish","has-post-thumbnail","hentry"],"acf":[],"_links":{"self":[{"href":"https:\/\/grindeks.com\/lv\/wp-json\/wp\/v2\/pages\/5317","targetHints":{"allow":["GET"]}}],"collection":[{"href":"https:\/\/grindeks.com\/lv\/wp-json\/wp\/v2\/pages"}],"about":[{"href":"https:\/\/grindeks.com\/lv\/wp-json\/wp\/v2\/types\/page"}],"author":[{"embeddable":true,"href":"https:\/\/grindeks.com\/lv\/wp-json\/wp\/v2\/users\/3"}],"replies":[{"embeddable":true,"href":"https:\/\/grindeks.com\/lv\/wp-json\/wp\/v2\/comments?post=5317"}],"version-history":[{"count":0,"href":"https:\/\/grindeks.com\/lv\/wp-json\/wp\/v2\/pages\/5317\/revisions"}],"up":[{"embeddable":true,"href":"https:\/\/grindeks.com\/lv\/wp-json\/wp\/v2\/pages\/5579"}],"wp:featuredmedia":[{"embeddable":true,"href":"https:\/\/grindeks.com\/lv\/wp-json\/wp\/v2\/media\/6601"}],"wp:attachment":[{"href":"https:\/\/grindeks.com\/lv\/wp-json\/wp\/v2\/media?parent=5317"}],"curies":[{"name":"wp","href":"https:\/\/api.w.org\/{rel}","templated":true}]}}