{"id":4812,"date":"2022-08-05T08:04:54","date_gmt":"2022-08-05T08:04:54","guid":{"rendered":"http:\/\/staging.grindeks.eu\/?page_id=4812"},"modified":"2025-08-20T09:05:12","modified_gmt":"2025-08-20T06:05:12","slug":"kvalitate-un-drosiba","status":"publish","type":"page","link":"https:\/\/grindeks.com\/lv\/ilgtspeja\/kvalitate-un-drosiba\/","title":{"rendered":"Kvalit\u0101te un dro\u0161\u012bba"},"content":{"rendered":"\n<p>Z\u0101\u013cu dro\u0161\u012bba tie\u0161i ietekm\u0113 pacientu vesel\u012bbu un noteiktos apst\u0101k\u013cos ar\u012b pla\u0161\u0101ku sabiedr\u012bbu. T\u0101p\u0113c dro\u0161\u012bbas pas\u0101kumi ir j\u0101apsver ar lielu r\u016bp\u012bbu un uzman\u012bbu. Farm\u0101cijas nozare liel\u0101 m\u0113r\u0101 ir atbild\u012bga par pacientu vesel\u012bbu un dz\u012bves st\u0101vokli, un tai ir liela noz\u012bme potenci\u0101lo risku nov\u0113r\u0161an\u0101.<\/p>\n\n\n\n<p>M\u016bsu produkti tiek pla\u0161i eksport\u0113ti, t\u0101p\u0113c cilv\u0113ku vesel\u012bba vis\u0101 pasaul\u0113 ir atkar\u012bga no \u0161o produktu augst\u0101kas kvalit\u0101tes un dro\u0161\u012bbas. K\u0101 farm\u0101cijas nozares dal\u012bbnieks Grindeks atz\u012bst augsto atbild\u012bbas l\u012bmeni un uzskata, ka dro\u0161\u012bbas jaut\u0101jumi ir priorit\u0101te visos apst\u0101k\u013cos. Visi produkti, kas non\u0101k l\u012bdz pacientiem, atbilst starptautiskaj\u0101m normat\u012bvaj\u0101m pras\u012bb\u0101m un ir pier\u0101d\u012bti k\u0101 visaugst\u0101k\u0101s kvalit\u0101tes produkti.<\/p>\n\n\n\n<h5 class=\"wp-block-heading\">Grindeks kvalit\u0101tes sertifik\u0101cija<\/h5>\n\n\n\n<ul class=\"wp-block-list\">\n<li>ES LRP sertifik\u0101ts GZF un AFV<\/li>\n\n\n\n<li>ES IKP sertifik\u0101ts medikamentu vairumtirdzniec\u012bbai<\/li>\n\n\n\n<li>ISO 9001<\/li>\n\n\n\n<li>ISO 50001<\/li>\n\n\n\n<li>ISO 14001<\/li>\n\n\n\n<li>ISO 45001<\/li>\n\n\n\n<li>sekm\u012bgi nodots PMDA un ASV FDA<\/li>\n<\/ul>\n\n\n\n<figure class=\"wp-block-image size-large\"><img decoding=\"async\" width=\"724\" height=\"1024\" src=\"https:\/\/grindeks.com\/wp-content\/uploads\/2025\/08\/KVALITATES-VIDES-UN-ENERGOPARVALDIBAS-ARODVESELIBAS-UN-DROSIBAS-POLITIKA-2-724x1024.png\" alt=\"\" class=\"wp-image-11463\" title=\"\" srcset=\"https:\/\/grindeks.com\/wp-content\/uploads\/2025\/08\/KVALITATES-VIDES-UN-ENERGOPARVALDIBAS-ARODVESELIBAS-UN-DROSIBAS-POLITIKA-2-724x1024.png 724w, https:\/\/grindeks.com\/wp-content\/uploads\/2025\/08\/KVALITATES-VIDES-UN-ENERGOPARVALDIBAS-ARODVESELIBAS-UN-DROSIBAS-POLITIKA-2-212x300.png 212w, https:\/\/grindeks.com\/wp-content\/uploads\/2025\/08\/KVALITATES-VIDES-UN-ENERGOPARVALDIBAS-ARODVESELIBAS-UN-DROSIBAS-POLITIKA-2-106x150.png 106w, https:\/\/grindeks.com\/wp-content\/uploads\/2025\/08\/KVALITATES-VIDES-UN-ENERGOPARVALDIBAS-ARODVESELIBAS-UN-DROSIBAS-POLITIKA-2-768x1086.png 768w, https:\/\/grindeks.com\/wp-content\/uploads\/2025\/08\/KVALITATES-VIDES-UN-ENERGOPARVALDIBAS-ARODVESELIBAS-UN-DROSIBAS-POLITIKA-2-1086x1536.png 1086w, https:\/\/grindeks.com\/wp-content\/uploads\/2025\/08\/KVALITATES-VIDES-UN-ENERGOPARVALDIBAS-ARODVESELIBAS-UN-DROSIBAS-POLITIKA-2-480x679.png 480w, https:\/\/grindeks.com\/wp-content\/uploads\/2025\/08\/KVALITATES-VIDES-UN-ENERGOPARVALDIBAS-ARODVESELIBAS-UN-DROSIBAS-POLITIKA-2-640x905.png 640w, https:\/\/grindeks.com\/wp-content\/uploads\/2025\/08\/KVALITATES-VIDES-UN-ENERGOPARVALDIBAS-ARODVESELIBAS-UN-DROSIBAS-POLITIKA-2-720x1018.png 720w, https:\/\/grindeks.com\/wp-content\/uploads\/2025\/08\/KVALITATES-VIDES-UN-ENERGOPARVALDIBAS-ARODVESELIBAS-UN-DROSIBAS-POLITIKA-2-960x1358.png 960w, https:\/\/grindeks.com\/wp-content\/uploads\/2025\/08\/KVALITATES-VIDES-UN-ENERGOPARVALDIBAS-ARODVESELIBAS-UN-DROSIBAS-POLITIKA-2-1168x1652.png 1168w, https:\/\/grindeks.com\/wp-content\/uploads\/2025\/08\/KVALITATES-VIDES-UN-ENERGOPARVALDIBAS-ARODVESELIBAS-UN-DROSIBAS-POLITIKA-2.png 1414w\" sizes=\"(max-width: 724px) 100vw, 724px\" \/><\/figure>\n","protected":false},"excerpt":{"rendered":"<p>Z\u0101\u013cu dro\u0161\u012bba tie\u0161i ietekm\u0113 pacientu vesel\u012bbu un noteiktos apst\u0101k\u013cos ar\u012b pla\u0161\u0101ku sabiedr\u012bbu. T\u0101p\u0113c dro\u0161\u012bbas pas\u0101kumi ir j\u0101apsver ar lielu r\u016bp\u012bbu un uzman\u012bbu. Farm\u0101cijas nozare liel\u0101&#8230;<\/p>\n","protected":false},"author":3,"featured_media":6601,"parent":4641,"menu_order":0,"comment_status":"closed","ping_status":"closed","template":"","meta":{"_acf_changed":false,"footnotes":""},"class_list":["post-4812","page","type-page","status-publish","has-post-thumbnail","hentry"],"acf":[],"_links":{"self":[{"href":"https:\/\/grindeks.com\/lv\/wp-json\/wp\/v2\/pages\/4812","targetHints":{"allow":["GET"]}}],"collection":[{"href":"https:\/\/grindeks.com\/lv\/wp-json\/wp\/v2\/pages"}],"about":[{"href":"https:\/\/grindeks.com\/lv\/wp-json\/wp\/v2\/types\/page"}],"author":[{"embeddable":true,"href":"https:\/\/grindeks.com\/lv\/wp-json\/wp\/v2\/users\/3"}],"replies":[{"embeddable":true,"href":"https:\/\/grindeks.com\/lv\/wp-json\/wp\/v2\/comments?post=4812"}],"version-history":[{"count":2,"href":"https:\/\/grindeks.com\/lv\/wp-json\/wp\/v2\/pages\/4812\/revisions"}],"predecessor-version":[{"id":11467,"href":"https:\/\/grindeks.com\/lv\/wp-json\/wp\/v2\/pages\/4812\/revisions\/11467"}],"up":[{"embeddable":true,"href":"https:\/\/grindeks.com\/lv\/wp-json\/wp\/v2\/pages\/4641"}],"wp:featuredmedia":[{"embeddable":true,"href":"https:\/\/grindeks.com\/lv\/wp-json\/wp\/v2\/media\/6601"}],"wp:attachment":[{"href":"https:\/\/grindeks.com\/lv\/wp-json\/wp\/v2\/media?parent=4812"}],"curies":[{"name":"wp","href":"https:\/\/api.w.org\/{rel}","templated":true}]}}