{"id":4641,"date":"2022-08-04T08:00:09","date_gmt":"2022-08-04T08:00:09","guid":{"rendered":"http:\/\/staging.grindeks.eu\/?page_id=4641"},"modified":"2022-09-07T12:28:55","modified_gmt":"2022-09-07T12:28:55","slug":"ilgtspeja","status":"publish","type":"page","link":"https:\/\/grindeks.com\/lv\/ilgtspeja\/","title":{"rendered":"Ilgtsp\u0113ja"},"content":{"rendered":"\n<figure class=\"wp-block-image size-large\"><img decoding=\"async\" width=\"1024\" height=\"645\" src=\"http:\/\/grindeks.com\/wp-content\/uploads\/2022\/09\/Sustainability-1024x645.png\" alt=\"\" class=\"wp-image-7961\" title=\"\" srcset=\"https:\/\/grindeks.com\/wp-content\/uploads\/2022\/09\/Sustainability-1024x645.png 1024w, https:\/\/grindeks.com\/wp-content\/uploads\/2022\/09\/Sustainability-300x189.png 300w, https:\/\/grindeks.com\/wp-content\/uploads\/2022\/09\/Sustainability-150x95.png 150w, https:\/\/grindeks.com\/wp-content\/uploads\/2022\/09\/Sustainability-768x484.png 768w, https:\/\/grindeks.com\/wp-content\/uploads\/2022\/09\/Sustainability-480x302.png 480w, https:\/\/grindeks.com\/wp-content\/uploads\/2022\/09\/Sustainability-640x403.png 640w, https:\/\/grindeks.com\/wp-content\/uploads\/2022\/09\/Sustainability-720x454.png 720w, https:\/\/grindeks.com\/wp-content\/uploads\/2022\/09\/Sustainability-960x605.png 960w, https:\/\/grindeks.com\/wp-content\/uploads\/2022\/09\/Sustainability-1168x736.png 1168w, https:\/\/grindeks.com\/wp-content\/uploads\/2022\/09\/Sustainability.png 1311w\" sizes=\"(max-width: 1024px) 100vw, 1024px\" \/><\/figure>\n\n\n\n<p>M\u016bs vieno aicin\u0101jums pal\u012bdz\u0113t cilv\u0113kiem \u2013 lai vi\u0146i dz\u012bvo vesel\u012bg\u0101k, laim\u012bg\u0101k un kvalitat\u012bv\u0101k. M\u0113s r\u012bkojamies \u0113tiski un saudz\u012bgi attiecamies par apk\u0101rt\u0113jo vidi.<\/p>\n\n\n\n<p>Sabiedr\u012bbas labkl\u0101j\u012bba ir \u013coti noz\u012bm\u012bga, t\u0101p\u0113c m\u0113s uzturam nemit\u012bgu dialogu ar m\u016bsu pacientiem un sabiedriskaj\u0101m kopien\u0101m. Esam starptautisks uz\u0146\u0113mums un str\u0101d\u0101jam, lai laic\u012bg\u0101m probl\u0113m\u0101m \u2013 pieejamai vesel\u012bbas apr\u016bpei, slim\u012bbu profilaksei un ekolo\u0123iski t\u012brai videi \u2013 pied\u0101v\u0101tu savu redz\u0113jumu un risin\u0101jumu. M\u016bsu r\u012bc\u012bbas instrumenti ir pacientu vajadz\u012bbu izpratne, zin\u0101tnisks sp\u0113ks un glob\u0101l\u0101 kl\u0101tesam\u012bba, kas \u013cauj mums sasniegt un pozit\u012bvi ietekm\u0113t sabiedr\u012bbu, vesel\u012bbas apr\u016bpes sist\u0113mu un vidi. Tas, kas r\u016bp visiem un visur, r\u016bp ar\u012b mums.<\/p>\n\n\n\n<p>Iestr\u0101d\u0101jot ilgtsp\u0113j\u012bgumu vis\u0101, ko m\u0113s dar\u0101m \u2013 no laboratorijas l\u012bdz pacientam \u2013 m\u0113s pal\u012bdzam stiprin\u0101t vesel\u012bbas apr\u016bpes sist\u0113mu, lai t\u0101 b\u016btu pieejam\u0101ka un notur\u012bg\u0101ka vis\u0101 pasaul\u0113.<\/p>\n","protected":false},"excerpt":{"rendered":"<p>M\u016bs vieno aicin\u0101jums pal\u012bdz\u0113t cilv\u0113kiem \u2013 lai vi\u0146i dz\u012bvo vesel\u012bg\u0101k, laim\u012bg\u0101k un kvalitat\u012bv\u0101k. M\u0113s r\u012bkojamies \u0113tiski un saudz\u012bgi attiecamies par apk\u0101rt\u0113jo vidi. Sabiedr\u012bbas labkl\u0101j\u012bba ir&#8230;<\/p>\n","protected":false},"author":3,"featured_media":6601,"parent":0,"menu_order":0,"comment_status":"closed","ping_status":"closed","template":"","meta":{"_acf_changed":false,"footnotes":""},"class_list":["post-4641","page","type-page","status-publish","has-post-thumbnail","hentry"],"acf":[],"_links":{"self":[{"href":"https:\/\/grindeks.com\/lv\/wp-json\/wp\/v2\/pages\/4641","targetHints":{"allow":["GET"]}}],"collection":[{"href":"https:\/\/grindeks.com\/lv\/wp-json\/wp\/v2\/pages"}],"about":[{"href":"https:\/\/grindeks.com\/lv\/wp-json\/wp\/v2\/types\/page"}],"author":[{"embeddable":true,"href":"https:\/\/grindeks.com\/lv\/wp-json\/wp\/v2\/users\/3"}],"replies":[{"embeddable":true,"href":"https:\/\/grindeks.com\/lv\/wp-json\/wp\/v2\/comments?post=4641"}],"version-history":[{"count":0,"href":"https:\/\/grindeks.com\/lv\/wp-json\/wp\/v2\/pages\/4641\/revisions"}],"wp:featuredmedia":[{"embeddable":true,"href":"https:\/\/grindeks.com\/lv\/wp-json\/wp\/v2\/media\/6601"}],"wp:attachment":[{"href":"https:\/\/grindeks.com\/lv\/wp-json\/wp\/v2\/media?parent=4641"}],"curies":[{"name":"wp","href":"https:\/\/api.w.org\/{rel}","templated":true}]}}