{"id":4425,"date":"2022-07-20T07:30:22","date_gmt":"2022-07-20T07:30:22","guid":{"rendered":"http:\/\/staging.grindeks.eu\/?page_id=4425"},"modified":"2022-07-26T15:14:34","modified_gmt":"2022-07-26T15:14:34","slug":"uznemums","status":"publish","type":"page","link":"https:\/\/grindeks.com\/lv\/uznemums\/","title":{"rendered":"Uz\u0146\u0113mums"},"content":{"rendered":"\n<p>Grindeks ir Latvijas z\u0101\u013cu ra\u017eot\u0101js ar augstv\u0113rt\u012bgu farm\u0101cijas pieredzi, kur\u0161 pacientiem pied\u0101v\u0101 dro\u0161us, m\u016bsdien\u012bgus un Eiropas Labas ra\u017eo\u0161anas prakses standartiem atbilsto\u0161us medikamentus, k\u0101 ar\u012b ra\u017eo augst\u0101k\u0101s kvalit\u0101tes akt\u012bv\u0101s farmaceitisk\u0101s vielas.<\/p>\n","protected":false},"excerpt":{"rendered":"<p>Grindeks ir Latvijas z\u0101\u013cu ra\u017eot\u0101js ar augstv\u0113rt\u012bgu farm\u0101cijas pieredzi, kur\u0161 pacientiem pied\u0101v\u0101 dro\u0161us, m\u016bsdien\u012bgus un Eiropas Labas ra\u017eo\u0161anas prakses standartiem atbilsto\u0161us medikamentus, k\u0101 ar\u012b ra\u017eo&#8230;<\/p>\n","protected":false},"author":3,"featured_media":5190,"parent":0,"menu_order":0,"comment_status":"closed","ping_status":"closed","template":"","meta":{"_acf_changed":false,"footnotes":""},"class_list":["post-4425","page","type-page","status-publish","has-post-thumbnail","hentry"],"acf":[],"_links":{"self":[{"href":"https:\/\/grindeks.com\/lv\/wp-json\/wp\/v2\/pages\/4425","targetHints":{"allow":["GET"]}}],"collection":[{"href":"https:\/\/grindeks.com\/lv\/wp-json\/wp\/v2\/pages"}],"about":[{"href":"https:\/\/grindeks.com\/lv\/wp-json\/wp\/v2\/types\/page"}],"author":[{"embeddable":true,"href":"https:\/\/grindeks.com\/lv\/wp-json\/wp\/v2\/users\/3"}],"replies":[{"embeddable":true,"href":"https:\/\/grindeks.com\/lv\/wp-json\/wp\/v2\/comments?post=4425"}],"version-history":[{"count":0,"href":"https:\/\/grindeks.com\/lv\/wp-json\/wp\/v2\/pages\/4425\/revisions"}],"wp:featuredmedia":[{"embeddable":true,"href":"https:\/\/grindeks.com\/lv\/wp-json\/wp\/v2\/media\/5190"}],"wp:attachment":[{"href":"https:\/\/grindeks.com\/lv\/wp-json\/wp\/v2\/media?parent=4425"}],"curies":[{"name":"wp","href":"https:\/\/api.w.org\/{rel}","templated":true}]}}