{"id":4415,"date":"2022-07-20T10:42:36","date_gmt":"2022-07-20T10:42:36","guid":{"rendered":"http:\/\/staging.grindeks.eu\/?page_id=4415"},"modified":"2022-07-26T13:19:04","modified_gmt":"2022-07-26T13:19:04","slug":"virtuala-ture","status":"publish","type":"page","link":"https:\/\/grindeks.com\/lv\/grindeks-karjera\/virtuala-ture\/","title":{"rendered":"Virtu\u0101l\u0101 t\u016bre"},"content":{"rendered":"\n<p><a href=\"https:\/\/grindeks.lv\/grindeks-ture\/Grindeks_LV.html\" target=\"_blank\" rel=\"noopener\">https:\/\/grindeks.lv\/grindeks-ture\/Grindeks_LV.html<\/a><\/p>\n","protected":false},"excerpt":{"rendered":"<p>https:\/\/grindeks.lv\/grindeks-ture\/Grindeks_LV.html<\/p>\n","protected":false},"author":3,"featured_media":6601,"parent":4399,"menu_order":0,"comment_status":"closed","ping_status":"closed","template":"","meta":{"_acf_changed":false,"footnotes":""},"class_list":["post-4415","page","type-page","status-publish","has-post-thumbnail","hentry"],"acf":[],"_links":{"self":[{"href":"https:\/\/grindeks.com\/lv\/wp-json\/wp\/v2\/pages\/4415","targetHints":{"allow":["GET"]}}],"collection":[{"href":"https:\/\/grindeks.com\/lv\/wp-json\/wp\/v2\/pages"}],"about":[{"href":"https:\/\/grindeks.com\/lv\/wp-json\/wp\/v2\/types\/page"}],"author":[{"embeddable":true,"href":"https:\/\/grindeks.com\/lv\/wp-json\/wp\/v2\/users\/3"}],"replies":[{"embeddable":true,"href":"https:\/\/grindeks.com\/lv\/wp-json\/wp\/v2\/comments?post=4415"}],"version-history":[{"count":0,"href":"https:\/\/grindeks.com\/lv\/wp-json\/wp\/v2\/pages\/4415\/revisions"}],"up":[{"embeddable":true,"href":"https:\/\/grindeks.com\/lv\/wp-json\/wp\/v2\/pages\/4399"}],"wp:featuredmedia":[{"embeddable":true,"href":"https:\/\/grindeks.com\/lv\/wp-json\/wp\/v2\/media\/6601"}],"wp:attachment":[{"href":"https:\/\/grindeks.com\/lv\/wp-json\/wp\/v2\/media?parent=4415"}],"curies":[{"name":"wp","href":"https:\/\/api.w.org\/{rel}","templated":true}]}}