{"id":4399,"date":"2022-07-14T13:58:25","date_gmt":"2022-07-14T13:58:25","guid":{"rendered":"http:\/\/staging.grindeks.eu\/?page_id=4399"},"modified":"2023-04-11T07:22:40","modified_gmt":"2023-04-11T07:22:40","slug":"grindeks-karjera","status":"publish","type":"page","link":"https:\/\/grindeks.com\/lv\/grindeks-karjera\/","title":{"rendered":"Karjera"},"content":{"rendered":"\n<div class=\"wp-block-columns is-layout-flex wp-container-core-columns-is-layout-9d6595d7 wp-block-columns-is-layout-flex\">\n<div class=\"wp-block-column is-layout-flow wp-block-column-is-layout-flow\">\n<p>Darbs uz\u0146\u0113mum\u0101 Grindeks nav tikai darbs. M\u0113s pied\u0101v\u0101jam aizraujo\u0161u un \u013coti noz\u012bm\u012bgu darbu, kur\u0101 j\u016bsu ieguld\u012bjums uzlabos cilv\u0113ku vesel\u012bbu un dz\u012bves kvalit\u0101ti vis\u0101 pasaul\u0113. M\u0113s pie\u0146emam darb\u0101 talant\u012bgus cilv\u0113kus, kuri atbalsta m\u016bsu v\u0113rt\u012bbas, papildina m\u016bsu daudzveid\u012bgo pieredzi un pal\u012bdz mums k\u013c\u016bt par vienu no 100 liel\u0101kajiem farm\u0101cijas uz\u0146\u0113mumiem pasaul\u0113.<\/p>\n\n\n\n<p><\/p>\n<\/div>\n\n\n\n<div class=\"wp-block-column is-layout-flow wp-block-column-is-layout-flow\">\n<p>Karjera Grindeks noz\u012bm\u0113 dinamisku un m\u016bsdien\u012bgu darba vietu, uz rezult\u0101tu orient\u0113tu komandu, starptautisk\u0101s karjeras att\u012bst\u012bbas iesp\u0113jas, k\u0101 ar\u012b pla\u0161u motiv\u0101cijas un lojalit\u0101tes programmu.<\/p>\n<\/div>\n<\/div>\n","protected":false},"excerpt":{"rendered":"<p>Darbs uz\u0146\u0113mum\u0101 Grindeks nav tikai darbs. M\u0113s pied\u0101v\u0101jam aizraujo\u0161u un \u013coti noz\u012bm\u012bgu darbu, kur\u0101 j\u016bsu ieguld\u012bjums uzlabos cilv\u0113ku vesel\u012bbu un dz\u012bves kvalit\u0101ti vis\u0101 pasaul\u0113. M\u0113s&#8230;<\/p>\n","protected":false},"author":1,"featured_media":6601,"parent":0,"menu_order":0,"comment_status":"closed","ping_status":"closed","template":"","meta":{"_acf_changed":false,"footnotes":""},"class_list":["post-4399","page","type-page","status-publish","has-post-thumbnail","hentry"],"acf":[],"_links":{"self":[{"href":"https:\/\/grindeks.com\/lv\/wp-json\/wp\/v2\/pages\/4399","targetHints":{"allow":["GET"]}}],"collection":[{"href":"https:\/\/grindeks.com\/lv\/wp-json\/wp\/v2\/pages"}],"about":[{"href":"https:\/\/grindeks.com\/lv\/wp-json\/wp\/v2\/types\/page"}],"author":[{"embeddable":true,"href":"https:\/\/grindeks.com\/lv\/wp-json\/wp\/v2\/users\/1"}],"replies":[{"embeddable":true,"href":"https:\/\/grindeks.com\/lv\/wp-json\/wp\/v2\/comments?post=4399"}],"version-history":[{"count":0,"href":"https:\/\/grindeks.com\/lv\/wp-json\/wp\/v2\/pages\/4399\/revisions"}],"wp:featuredmedia":[{"embeddable":true,"href":"https:\/\/grindeks.com\/lv\/wp-json\/wp\/v2\/media\/6601"}],"wp:attachment":[{"href":"https:\/\/grindeks.com\/lv\/wp-json\/wp\/v2\/media?parent=4399"}],"curies":[{"name":"wp","href":"https:\/\/api.w.org\/{rel}","templated":true}]}}