{"id":4392,"date":"2022-07-20T10:32:21","date_gmt":"2022-07-20T10:32:21","guid":{"rendered":"http:\/\/staging.grindeks.eu\/?page_id=4392"},"modified":"2022-07-26T13:03:33","modified_gmt":"2022-07-26T13:03:33","slug":"birzas-zinas","status":"publish","type":"page","link":"https:\/\/grindeks.com\/lv\/par-mums\/parvalde_un_vadiba\/akcionari\/birzas-zinas\/","title":{"rendered":"Bir\u017eas zi\u0146as"},"content":{"rendered":"\n<p><a href=\"https:\/\/csri.investinfo.lv\/lv\/?doc_issuer=Grindeks%2C+AS&amp;doc_lei=&amp;doc_language=&amp;doc_datefrom=&amp;doc_dateto=&amp;doc_keywords=&amp;SEARCH=Mekl%C4%93t\" target=\"_blank\" rel=\"noopener\">AS Grindeks bir\u017eas zi\u0146as skat\u012bt \u0161eit.<\/a><\/p>\n","protected":false},"excerpt":{"rendered":"<p>AS Grindeks bir\u017eas zi\u0146as skat\u012bt \u0161eit.<\/p>\n","protected":false},"author":3,"featured_media":6601,"parent":4331,"menu_order":2,"comment_status":"closed","ping_status":"closed","template":"","meta":{"_acf_changed":false,"footnotes":""},"class_list":["post-4392","page","type-page","status-publish","has-post-thumbnail","hentry"],"acf":[],"_links":{"self":[{"href":"https:\/\/grindeks.com\/lv\/wp-json\/wp\/v2\/pages\/4392","targetHints":{"allow":["GET"]}}],"collection":[{"href":"https:\/\/grindeks.com\/lv\/wp-json\/wp\/v2\/pages"}],"about":[{"href":"https:\/\/grindeks.com\/lv\/wp-json\/wp\/v2\/types\/page"}],"author":[{"embeddable":true,"href":"https:\/\/grindeks.com\/lv\/wp-json\/wp\/v2\/users\/3"}],"replies":[{"embeddable":true,"href":"https:\/\/grindeks.com\/lv\/wp-json\/wp\/v2\/comments?post=4392"}],"version-history":[{"count":0,"href":"https:\/\/grindeks.com\/lv\/wp-json\/wp\/v2\/pages\/4392\/revisions"}],"up":[{"embeddable":true,"href":"https:\/\/grindeks.com\/lv\/wp-json\/wp\/v2\/pages\/4331"}],"wp:featuredmedia":[{"embeddable":true,"href":"https:\/\/grindeks.com\/lv\/wp-json\/wp\/v2\/media\/6601"}],"wp:attachment":[{"href":"https:\/\/grindeks.com\/lv\/wp-json\/wp\/v2\/media?parent=4392"}],"curies":[{"name":"wp","href":"https:\/\/api.w.org\/{rel}","templated":true}]}}