{"id":4387,"date":"2022-07-20T10:31:53","date_gmt":"2022-07-20T10:31:53","guid":{"rendered":"http:\/\/staging.grindeks.eu\/?page_id=4387"},"modified":"2022-07-26T13:01:53","modified_gmt":"2022-07-26T13:01:53","slug":"finansu-indikatori","status":"publish","type":"page","link":"https:\/\/grindeks.com\/lv\/korporativa-parvaldiba\/finansu-indikatori\/","title":{"rendered":"Finan\u0161u indikatori"},"content":{"rendered":"\n<p>Lai apl\u016bkotu Morningstar Faktu lapu par Grindeks galvenajiem finan\u0161u r\u0101d\u012bt\u0101jiem, l\u016bdzu spiediet\u00a0<a href=\"http:\/\/lt.morningstar.com\/gj8uge2g9k\/stockprofile\/default.aspx?SecurityToken=0P0000A624%5D3%5D0%5DE0EXG$XRIS_3113&amp;externalidexchange=EX$$$$XRIS&amp;LanguageId=en-GB&amp;CurrencyId=EUR&amp;clearsession=true\" target=\"_blank\" rel=\"noopener\"><strong>\u0161eit<\/strong>.<\/a><\/p>\n","protected":false},"excerpt":{"rendered":"<p>Lai apl\u016bkotu Morningstar Faktu lapu par Grindeks galvenajiem finan\u0161u r\u0101d\u012bt\u0101jiem, l\u016bdzu spiediet\u00a0\u0161eit.<\/p>\n","protected":false},"author":3,"featured_media":6601,"parent":4382,"menu_order":0,"comment_status":"closed","ping_status":"closed","template":"","meta":{"_acf_changed":false,"footnotes":""},"class_list":["post-4387","page","type-page","status-publish","has-post-thumbnail","hentry"],"acf":[],"_links":{"self":[{"href":"https:\/\/grindeks.com\/lv\/wp-json\/wp\/v2\/pages\/4387","targetHints":{"allow":["GET"]}}],"collection":[{"href":"https:\/\/grindeks.com\/lv\/wp-json\/wp\/v2\/pages"}],"about":[{"href":"https:\/\/grindeks.com\/lv\/wp-json\/wp\/v2\/types\/page"}],"author":[{"embeddable":true,"href":"https:\/\/grindeks.com\/lv\/wp-json\/wp\/v2\/users\/3"}],"replies":[{"embeddable":true,"href":"https:\/\/grindeks.com\/lv\/wp-json\/wp\/v2\/comments?post=4387"}],"version-history":[{"count":0,"href":"https:\/\/grindeks.com\/lv\/wp-json\/wp\/v2\/pages\/4387\/revisions"}],"up":[{"embeddable":true,"href":"https:\/\/grindeks.com\/lv\/wp-json\/wp\/v2\/pages\/4382"}],"wp:featuredmedia":[{"embeddable":true,"href":"https:\/\/grindeks.com\/lv\/wp-json\/wp\/v2\/media\/6601"}],"wp:attachment":[{"href":"https:\/\/grindeks.com\/lv\/wp-json\/wp\/v2\/media?parent=4387"}],"curies":[{"name":"wp","href":"https:\/\/api.w.org\/{rel}","templated":true}]}}