{"id":4382,"date":"2022-07-20T07:32:21","date_gmt":"2022-07-20T07:32:21","guid":{"rendered":"http:\/\/staging.grindeks.eu\/?page_id=4382"},"modified":"2022-07-26T12:58:39","modified_gmt":"2022-07-26T12:58:39","slug":"korporativa-parvaldiba","status":"publish","type":"page","link":"https:\/\/grindeks.com\/lv\/korporativa-parvaldiba\/","title":{"rendered":"Korporat\u012bv\u0101 p\u0101rvald\u012bba"},"content":{"rendered":"\n<p>Lai nodro\u0161in\u0101tu un vairotu sadarb\u012bbas partneru, klientu un sabiedr\u012bbas izpratni par uz\u0146\u0113mumu, t\u0101 darb\u012bbu un p\u0101rvaldi, Grindeks p\u0101rvald\u012bba tiek organiz\u0113ta, iev\u0113rojot korporat\u012bv\u0101s p\u0101rvald\u012bbas principus.<\/p>\n\n\n\n<p>Tas veicina p\u0101rvaldes p\u0101rredzam\u012bbu un palielina uz\u0146\u0113muma pievilc\u012bbu sabiedr\u012bb\u0101.<\/p>\n","protected":false},"excerpt":{"rendered":"<p>Lai nodro\u0161in\u0101tu un vairotu sadarb\u012bbas partneru, klientu un sabiedr\u012bbas izpratni par uz\u0146\u0113mumu, t\u0101 darb\u012bbu un p\u0101rvaldi, Grindeks p\u0101rvald\u012bba tiek organiz\u0113ta, iev\u0113rojot korporat\u012bv\u0101s p\u0101rvald\u012bbas principus. Tas&#8230;<\/p>\n","protected":false},"author":3,"featured_media":4383,"parent":0,"menu_order":0,"comment_status":"closed","ping_status":"closed","template":"","meta":{"_acf_changed":false,"footnotes":""},"class_list":["post-4382","page","type-page","status-publish","has-post-thumbnail","hentry"],"acf":[],"_links":{"self":[{"href":"https:\/\/grindeks.com\/lv\/wp-json\/wp\/v2\/pages\/4382","targetHints":{"allow":["GET"]}}],"collection":[{"href":"https:\/\/grindeks.com\/lv\/wp-json\/wp\/v2\/pages"}],"about":[{"href":"https:\/\/grindeks.com\/lv\/wp-json\/wp\/v2\/types\/page"}],"author":[{"embeddable":true,"href":"https:\/\/grindeks.com\/lv\/wp-json\/wp\/v2\/users\/3"}],"replies":[{"embeddable":true,"href":"https:\/\/grindeks.com\/lv\/wp-json\/wp\/v2\/comments?post=4382"}],"version-history":[{"count":0,"href":"https:\/\/grindeks.com\/lv\/wp-json\/wp\/v2\/pages\/4382\/revisions"}],"wp:featuredmedia":[{"embeddable":true,"href":"https:\/\/grindeks.com\/lv\/wp-json\/wp\/v2\/media\/4383"}],"wp:attachment":[{"href":"https:\/\/grindeks.com\/lv\/wp-json\/wp\/v2\/media?parent=4382"}],"curies":[{"name":"wp","href":"https:\/\/api.w.org\/{rel}","templated":true}]}}