{"id":4380,"date":"2022-07-20T11:21:43","date_gmt":"2022-07-20T11:21:43","guid":{"rendered":"http:\/\/staging.grindeks.eu\/?page_id=4380"},"modified":"2022-08-19T09:13:34","modified_gmt":"2022-08-19T09:13:34","slug":"iesniedz-savu-ideju","status":"publish","type":"page","link":"https:\/\/grindeks.com\/lv\/produkts\/iesniedz-savu-ideju\/","title":{"rendered":"Iesniedz savu ideju"},"content":{"rendered":"\n<p>Iesp\u0113jams, jums ir lieliska ideja par jaun\u0101m z\u0101l\u0113m vai uzlabojumu jau eso\u0161\u0101m z\u0101l\u0113m, vai ar\u012b jums ir k\u0101ds ieteikums Grindeks. Ja atbilde, ir j\u0101, tad s\u016btiet mums savu ideju! J\u016bsu idejas mums ir svar\u012bgas, t\u0101s izskat\u012bs Grindeks komanda. Lai iesniegtu ideju, aizpildiet \u0161o veidlapu.<\/p>\n\n\n\n<p>\u0160\u012b veidlapa ir izstr\u0101d\u0101ta, lai j\u016bs var\u0113tu iesniegt savas partner\u012bbas un citas biznesa att\u012bst\u012bbas idejas. L\u016bdzu, neies\u016btiet savu CV un citu inform\u0101ciju \u0161eit.<\/p>\n\n\n<form action=\"https:\/\/grindeks.com\/lv\/wp-json\/ws-form\/v1\/submit\" class=\"wsf-form wsf-form-canvas\" id=\"ws-form-1\" data-id=\"10\" method=\"POST\" data-instance-id=\"1\" data-wsf-style-id=\"1\"><\/form>\n","protected":false},"excerpt":{"rendered":"<p>Iesp\u0113jams, jums ir lieliska ideja par jaun\u0101m z\u0101l\u0113m vai uzlabojumu jau eso\u0161\u0101m z\u0101l\u0113m, vai ar\u012b jums ir k\u0101ds ieteikums Grindeks. Ja atbilde, ir j\u0101, tad&#8230;<\/p>\n","protected":false},"author":3,"featured_media":6601,"parent":5579,"menu_order":0,"comment_status":"closed","ping_status":"closed","template":"","meta":{"_acf_changed":false,"footnotes":""},"class_list":["post-4380","page","type-page","status-publish","has-post-thumbnail","hentry"],"acf":[],"_links":{"self":[{"href":"https:\/\/grindeks.com\/lv\/wp-json\/wp\/v2\/pages\/4380","targetHints":{"allow":["GET"]}}],"collection":[{"href":"https:\/\/grindeks.com\/lv\/wp-json\/wp\/v2\/pages"}],"about":[{"href":"https:\/\/grindeks.com\/lv\/wp-json\/wp\/v2\/types\/page"}],"author":[{"embeddable":true,"href":"https:\/\/grindeks.com\/lv\/wp-json\/wp\/v2\/users\/3"}],"replies":[{"embeddable":true,"href":"https:\/\/grindeks.com\/lv\/wp-json\/wp\/v2\/comments?post=4380"}],"version-history":[{"count":0,"href":"https:\/\/grindeks.com\/lv\/wp-json\/wp\/v2\/pages\/4380\/revisions"}],"up":[{"embeddable":true,"href":"https:\/\/grindeks.com\/lv\/wp-json\/wp\/v2\/pages\/5579"}],"wp:featuredmedia":[{"embeddable":true,"href":"https:\/\/grindeks.com\/lv\/wp-json\/wp\/v2\/media\/6601"}],"wp:attachment":[{"href":"https:\/\/grindeks.com\/lv\/wp-json\/wp\/v2\/media?parent=4380"}],"curies":[{"name":"wp","href":"https:\/\/api.w.org\/{rel}","templated":true}]}}