{"id":4366,"date":"2022-07-20T08:58:19","date_gmt":"2022-07-20T05:58:19","guid":{"rendered":"http:\/\/staging.grindeks.eu\/?page_id=4366"},"modified":"2023-03-28T07:24:58","modified_gmt":"2023-03-28T07:24:58","slug":"d-h-grindela-balva","status":"publish","type":"page","link":"https:\/\/grindeks.com\/lv\/ilgtspeja\/d-h-grindela-balva\/","title":{"rendered":"D. H. Grinde\u013ca balva"},"content":{"rendered":"\n<p>D. H. Grinde\u013ca balva ir augst\u0101kais profesion\u0101lais apbalvojums, ko pie\u0161\u0137ir AS Grindeks par noz\u012bm\u012bgu vai m\u016b\u017ea ieguld\u012bjumu farm\u0101cijas un medic\u012bnas jom\u0101.<\/p>\n\n\n\n<p>Pirmo reizi \u0161o apbalvojumu uz\u0146\u0113mums pasniedza 1995. gad\u0101, un \u0161\u012b trad\u012bcija iedibin\u0101ta, r\u016bp\u0113joties par pirm\u0101 latvie\u0161u izcelsmes dabas zin\u0101tnieka, \u0101rsta, farmaceita profesora D\u0101vida Hieron\u012bma Grinde\u013ca (1776-1836) piemi\u0146as saglab\u0101\u0161anu.<\/p>\n\n\n\n<p>2015. gad\u0101, atz\u012bm\u0113jot apbalvojuma 20. gadadienu, D. H. Grinde\u013ca meda\u013ca p\u0101rtapa par balvu. <\/p>\n\n\n\n<p>Balvas autore: m\u0101ksliniece Anda Munkevica.<\/p>\n\n\n\n<p><strong>Latvijas medic\u012bnas un farm\u0101cijas izcil\u012bbas<\/strong><\/p>\n\n\n\n<p><em>\u201eAiz katra Grindeks apbalvojuma ir \u012bpa\u0161s v\u0113st\u012bjums \u2013 tie mums atg\u0101dina, ka zin\u0101tnei ir iz\u0161\u0137iro\u0161a noz\u012bme farm\u0101cijas industrijas att\u012bst\u012bb\u0101, kur ikviena produkta p\u0113tniec\u012bba un izstr\u0101de balst\u0101s zin\u0101tniski pamatotos p\u0113t\u012bjumos \u2013 cilv\u0113ka vesel\u012bbai un dz\u012bv\u012bbai noz\u012bm\u012bgos atkl\u0101jumos,\u201d saka AS Grindeks padomes priek\u0161s\u0113d\u0113t\u0101js Kirovs Lipmans.<\/em><\/p>\n\n\n\n<p>D. H. Grinde\u013ca apbalvojumu kop\u0161 t\u0101s dibin\u0101\u0161anas 1995. gad\u0101 sa\u0146\u0113mu\u0161as t\u0101das Latvijas medic\u012bnas un farm\u0101cijas izcil\u012bbas k\u0101 b\u0113rnu neirologs Jur\u0123is Strautmanis, Prof. Dr. med. Andrejs \u0112rglis, Prof. Dr. med. Juris Pokrotnieks, Prof. Dr. med. In\u0101ra Logina, Dr. med. Vilnis Dz\u0113rve-T\u0101luts, Dr. habil. chem., Dr. hist. h. c., prof., J\u0101nis Stradi\u0146\u0161, Prof. Dr. habil. biol. Elm\u0101rs Gr\u0113ns, Dr. habil. chem. Reg\u012bna \u017duka, Prof. Dr. hab. chem. Ivars Kalvi\u0146\u0161, Dr. chem. J\u0101nis Polis, Asoc. prof., Dr. pharm. Vija Eni\u0146a, Dr. habil. med. Vija Klu\u0161a, Dr. P\u0113teris Apinis, Dr. chem. Osvalds Pugovi\u010ds, Prof. Dr. pharm. Maija Dambrova, Dr. habil. chem. Raimonds Valters un daudzas citas iev\u0113rojamas person\u012bbas.<\/p>\n","protected":false},"excerpt":{"rendered":"<p>D. H. Grinde\u013ca balva ir augst\u0101kais profesion\u0101lais apbalvojums, ko pie\u0161\u0137ir AS Grindeks par noz\u012bm\u012bgu vai m\u016b\u017ea ieguld\u012bjumu farm\u0101cijas un medic\u012bnas jom\u0101. Pirmo reizi \u0161o apbalvojumu&#8230;<\/p>\n","protected":false},"author":3,"featured_media":6601,"parent":4641,"menu_order":10,"comment_status":"closed","ping_status":"closed","template":"","meta":{"_acf_changed":false,"footnotes":""},"class_list":["post-4366","page","type-page","status-publish","has-post-thumbnail","hentry"],"acf":[],"_links":{"self":[{"href":"https:\/\/grindeks.com\/lv\/wp-json\/wp\/v2\/pages\/4366","targetHints":{"allow":["GET"]}}],"collection":[{"href":"https:\/\/grindeks.com\/lv\/wp-json\/wp\/v2\/pages"}],"about":[{"href":"https:\/\/grindeks.com\/lv\/wp-json\/wp\/v2\/types\/page"}],"author":[{"embeddable":true,"href":"https:\/\/grindeks.com\/lv\/wp-json\/wp\/v2\/users\/3"}],"replies":[{"embeddable":true,"href":"https:\/\/grindeks.com\/lv\/wp-json\/wp\/v2\/comments?post=4366"}],"version-history":[{"count":1,"href":"https:\/\/grindeks.com\/lv\/wp-json\/wp\/v2\/pages\/4366\/revisions"}],"predecessor-version":[{"id":10520,"href":"https:\/\/grindeks.com\/lv\/wp-json\/wp\/v2\/pages\/4366\/revisions\/10520"}],"up":[{"embeddable":true,"href":"https:\/\/grindeks.com\/lv\/wp-json\/wp\/v2\/pages\/4641"}],"wp:featuredmedia":[{"embeddable":true,"href":"https:\/\/grindeks.com\/lv\/wp-json\/wp\/v2\/media\/6601"}],"wp:attachment":[{"href":"https:\/\/grindeks.com\/lv\/wp-json\/wp\/v2\/media?parent=4366"}],"curies":[{"name":"wp","href":"https:\/\/api.w.org\/{rel}","templated":true}]}}