{"id":4339,"date":"2022-07-20T09:11:23","date_gmt":"2022-07-20T09:11:23","guid":{"rendered":"http:\/\/staging.grindeks.eu\/?page_id=4339"},"modified":"2022-11-03T13:48:24","modified_gmt":"2022-11-03T13:48:24","slug":"logo-un-simbols","status":"publish","type":"page","link":"https:\/\/grindeks.com\/lv\/par-mums\/kas-mes-esam\/logo-un-simbols\/","title":{"rendered":"Logo un simbols"},"content":{"rendered":"\n<p>Grindeks logo ir vienk\u0101r\u0161s, unik\u0101ls un izstr\u0101d\u0101ts, t\u0101 lai iztur\u0113tu laika p\u0101rbaud\u012bjumu. M\u0113s turam savu v\u0101rdu god\u0101 un ar p\u0101rliec\u012bbu. <\/p>\n\n\n\n<p><\/p>\n\n\n\n<figure class=\"wp-block-image is-resized\"><img decoding=\"async\" src=\"https:\/\/grindeks.com\/wp-content\/uploads\/2022\/09\/grindeks-1.webp\" alt=\"This image has an empty alt attribute; its file name is grindeks-1.webp\" width=\"279\" height=\"65\" title=\"\"><\/figure>\n\n\n\n<p><\/p>\n\n\n\n<div class=\"wp-block-file\"><a id=\"wp-block-file--media-2a4bee7a-ffd1-4d24-8471-a1a4fb732091\" href=\"http:\/\/grindeks.com\/wp-content\/uploads\/2022\/07\/Grindeks-logo-RGB-3.pdf\">Grindeks logo RGB<\/a><a href=\"http:\/\/grindeks.com\/wp-content\/uploads\/2022\/07\/Grindeks-logo-RGB-3.pdf\" class=\"wp-block-file__button\" download aria-describedby=\"wp-block-file--media-2a4bee7a-ffd1-4d24-8471-a1a4fb732091\">Lejupiel\u0101d\u0113t<\/a><\/div>\n\n\n\n<div class=\"wp-block-file\"><a id=\"wp-block-file--media-1cb872ca-58eb-4cf6-84ba-699e66f75d43\" href=\"http:\/\/grindeks.com\/wp-content\/uploads\/2022\/07\/Grindeks-logo-CMYK-3.pdf\">Grindeks logo CMYK<\/a><a href=\"http:\/\/grindeks.com\/wp-content\/uploads\/2022\/07\/Grindeks-logo-CMYK-3.pdf\" class=\"wp-block-file__button\" download aria-describedby=\"wp-block-file--media-1cb872ca-58eb-4cf6-84ba-699e66f75d43\">Lejupiel\u0101d\u0113t<\/a><\/div>\n\n\n\n<div class=\"wp-block-file\"><a id=\"wp-block-file--media-ac105fc4-3fd9-469e-a708-85ca898799dc\" href=\"http:\/\/grindeks.com\/wp-content\/uploads\/2022\/07\/Grindeks-logo-fons-RGB-2.pdf\">Grindeks logo foni<\/a><a href=\"http:\/\/grindeks.com\/wp-content\/uploads\/2022\/07\/Grindeks-logo-fons-RGB-2.pdf\" class=\"wp-block-file__button\" download aria-describedby=\"wp-block-file--media-ac105fc4-3fd9-469e-a708-85ca898799dc\">Lejupiel\u0101d\u0113t<\/a><\/div>\n\n\n\n<p>Papildus Grindeks un D\u0101vida Hieron\u012bma Grinde\u013ca mantojumam grind\u0113lijas zieda pla\u0161\u0101ka noz\u012bme simboliz\u0113 gan vitalit\u0101ti, gan objektu, kas peln\u012bjis r\u016bpes un uzman\u012bbu, apvienojot zieda un vesel\u012bbas identit\u0101tes. Simbols kalpo ar\u012b k\u0101 profesion\u0101l\u0101s kvalit\u0101tes un unikalit\u0101tes un form\u0101l\u0101 vizu\u0101l\u0101 sist\u0113ma.<\/p>\n\n\n\n<figure class=\"wp-block-image size-full is-resized\"><img decoding=\"async\" src=\"https:\/\/grindeks.com\/wp-content\/uploads\/2022\/07\/Grindelija_simbols-2.jpeg\" alt=\"\" class=\"wp-image-4352\" width=\"132\" height=\"165\" title=\"\" srcset=\"https:\/\/grindeks.com\/wp-content\/uploads\/2022\/07\/Grindelija_simbols-2.jpeg 386w, https:\/\/grindeks.com\/wp-content\/uploads\/2022\/07\/Grindelija_simbols-2-240x300.jpeg 240w\" sizes=\"(max-width: 132px) 100vw, 132px\" \/><\/figure>\n\n\n\n<div class=\"wp-block-file\"><a id=\"wp-block-file--media-caf22006-b8a3-48ff-a367-028b45130b9d\" href=\"http:\/\/grindeks.com\/wp-content\/uploads\/2022\/07\/Grindelija-RGB-1.pdf\">Grind\u0113lijas simbols RGB<\/a><a href=\"http:\/\/grindeks.com\/wp-content\/uploads\/2022\/07\/Grindelija-RGB-1.pdf\" class=\"wp-block-file__button\" download aria-describedby=\"wp-block-file--media-caf22006-b8a3-48ff-a367-028b45130b9d\">Lejupiel\u0101d\u0113t<\/a><\/div>\n\n\n\n<div class=\"wp-block-file\"><a id=\"wp-block-file--media-a728b46c-b1e6-4de0-b2d6-8051d9a22ecc\" href=\"http:\/\/grindeks.com\/wp-content\/uploads\/2022\/07\/Grindelija-CMYK-2.pdf\">Grind\u0113lijas simbols CMYK<\/a><a href=\"http:\/\/grindeks.com\/wp-content\/uploads\/2022\/07\/Grindelija-CMYK-2.pdf\" class=\"wp-block-file__button\" download aria-describedby=\"wp-block-file--media-a728b46c-b1e6-4de0-b2d6-8051d9a22ecc\">Lejupiel\u0101d\u0113t<\/a><\/div>\n","protected":false},"excerpt":{"rendered":"<p>Grindeks logo ir vienk\u0101r\u0161s, unik\u0101ls un izstr\u0101d\u0101ts, t\u0101 lai iztur\u0113tu laika p\u0101rbaud\u012bjumu. M\u0113s turam savu v\u0101rdu god\u0101 un ar p\u0101rliec\u012bbu. Papildus Grindeks un D\u0101vida Hieron\u012bma&#8230;<\/p>\n","protected":false},"author":3,"featured_media":6601,"parent":6093,"menu_order":0,"comment_status":"closed","ping_status":"closed","template":"","meta":{"_acf_changed":false,"footnotes":""},"class_list":["post-4339","page","type-page","status-publish","has-post-thumbnail","hentry"],"acf":[],"_links":{"self":[{"href":"https:\/\/grindeks.com\/lv\/wp-json\/wp\/v2\/pages\/4339","targetHints":{"allow":["GET"]}}],"collection":[{"href":"https:\/\/grindeks.com\/lv\/wp-json\/wp\/v2\/pages"}],"about":[{"href":"https:\/\/grindeks.com\/lv\/wp-json\/wp\/v2\/types\/page"}],"author":[{"embeddable":true,"href":"https:\/\/grindeks.com\/lv\/wp-json\/wp\/v2\/users\/3"}],"replies":[{"embeddable":true,"href":"https:\/\/grindeks.com\/lv\/wp-json\/wp\/v2\/comments?post=4339"}],"version-history":[{"count":0,"href":"https:\/\/grindeks.com\/lv\/wp-json\/wp\/v2\/pages\/4339\/revisions"}],"up":[{"embeddable":true,"href":"https:\/\/grindeks.com\/lv\/wp-json\/wp\/v2\/pages\/6093"}],"wp:featuredmedia":[{"embeddable":true,"href":"https:\/\/grindeks.com\/lv\/wp-json\/wp\/v2\/media\/6601"}],"wp:attachment":[{"href":"https:\/\/grindeks.com\/lv\/wp-json\/wp\/v2\/media?parent=4339"}],"curies":[{"name":"wp","href":"https:\/\/api.w.org\/{rel}","templated":true}]}}