{"id":4333,"date":"2022-07-20T08:54:56","date_gmt":"2022-07-20T08:54:56","guid":{"rendered":"http:\/\/staging.grindeks.eu\/?page_id=4333"},"modified":"2022-11-23T09:12:28","modified_gmt":"2022-11-23T09:12:28","slug":"vesture","status":"publish","type":"page","link":"https:\/\/grindeks.com\/lv\/par-mums\/vesture\/","title":{"rendered":"V\u0113sture"},"content":{"rendered":"\n<p>Grindeks pirms\u0101kumi aizs\u0101k\u0101s 1946. gad\u0101 Vitam\u012bnu un hormonu r\u016bpn\u012bc\u0101, kas laika gait\u0101 ir k\u013cuvusi par vertik\u0101li integr\u0113tu farmaceitisku koncernu.<\/p>\n\n\n\n<figure class=\"wp-block-embed is-type-video is-provider-youtube wp-block-embed-youtube wp-embed-aspect-16-9 wp-has-aspect-ratio\"><div class=\"wp-block-embed__wrapper\">\n<iframe title=\"Grindeks 75 att\u012bst\u012bbas so\u013ci\" width=\"500\" height=\"281\" src=\"https:\/\/www.youtube.com\/embed\/2m_TRZRQtXY?feature=oembed\" frameborder=\"0\" allow=\"accelerometer; autoplay; clipboard-write; encrypted-media; gyroscope; picture-in-picture; web-share\" referrerpolicy=\"strict-origin-when-cross-origin\" allowfullscreen><\/iframe>\n<\/div><figcaption>Baltijas valstu vado\u0161ais z\u0101\u013cu ra\u017eot\u0101js Grindeks 2021. gada 21. decembr\u012b, atz\u012bm\u0113ja savu 75 gadu jubileju. \u0160o 75 gadu laik\u0101 Grindeks ir k\u013cuvis par glob\u0101lu farm\u0101cijas industrijas uz\u0146\u0113mumu un pal\u012bdz\u0113jis miljoniem pacientu vis\u0101 pasaul\u0113. \u0160is video att\u0113lo m\u016bsu ce\u013cu \u0161o gadu laik\u0101.<\/figcaption><\/figure>\n\n\n\n<p><\/p>\n","protected":false},"excerpt":{"rendered":"<p>Grindeks pirms\u0101kumi aizs\u0101k\u0101s 1946. gad\u0101 Vitam\u012bnu un hormonu r\u016bpn\u012bc\u0101, kas laika gait\u0101 ir k\u013cuvusi par vertik\u0101li integr\u0113tu farmaceitisku koncernu.<\/p>\n","protected":false},"author":3,"featured_media":6601,"parent":4306,"menu_order":0,"comment_status":"closed","ping_status":"closed","template":"","meta":{"_acf_changed":false,"footnotes":""},"class_list":["post-4333","page","type-page","status-publish","has-post-thumbnail","hentry"],"acf":[],"_links":{"self":[{"href":"https:\/\/grindeks.com\/lv\/wp-json\/wp\/v2\/pages\/4333","targetHints":{"allow":["GET"]}}],"collection":[{"href":"https:\/\/grindeks.com\/lv\/wp-json\/wp\/v2\/pages"}],"about":[{"href":"https:\/\/grindeks.com\/lv\/wp-json\/wp\/v2\/types\/page"}],"author":[{"embeddable":true,"href":"https:\/\/grindeks.com\/lv\/wp-json\/wp\/v2\/users\/3"}],"replies":[{"embeddable":true,"href":"https:\/\/grindeks.com\/lv\/wp-json\/wp\/v2\/comments?post=4333"}],"version-history":[{"count":1,"href":"https:\/\/grindeks.com\/lv\/wp-json\/wp\/v2\/pages\/4333\/revisions"}],"predecessor-version":[{"id":11359,"href":"https:\/\/grindeks.com\/lv\/wp-json\/wp\/v2\/pages\/4333\/revisions\/11359"}],"up":[{"embeddable":true,"href":"https:\/\/grindeks.com\/lv\/wp-json\/wp\/v2\/pages\/4306"}],"wp:featuredmedia":[{"embeddable":true,"href":"https:\/\/grindeks.com\/lv\/wp-json\/wp\/v2\/media\/6601"}],"wp:attachment":[{"href":"https:\/\/grindeks.com\/lv\/wp-json\/wp\/v2\/media?parent=4333"}],"curies":[{"name":"wp","href":"https:\/\/api.w.org\/{rel}","templated":true}]}}