{"id":4331,"date":"2022-07-20T08:53:38","date_gmt":"2022-07-20T05:53:38","guid":{"rendered":"http:\/\/staging.grindeks.eu\/?page_id=4331"},"modified":"2025-09-26T13:27:52","modified_gmt":"2025-09-26T10:27:52","slug":"akcionari","status":"publish","type":"page","link":"https:\/\/grindeks.com\/lv\/par-mums\/parvalde_un_vadiba\/akcionari\/","title":{"rendered":"Akcion\u0101ri\u00a0"},"content":{"rendered":"\n<p>Liel\u0101kie akcion\u0101ri* (virs 5% no visa kapit\u0101la):<\/p>\n\n\n\n<p>Liplat Holding, SIA** \u2013 96,87%.<\/p>\n\n\n\n<p><em>*Nasdaq CSD (Latvijas centr\u0101l\u0101 v\u0113rtspap\u012bru depozit\u0101rija) dati uz 2021. gada 21.janv\u0101ri.<\/em><\/p>\n\n\n\n<p><em>**SIA Liplat Holding \u012bpa\u0161nieki ir Kirovs Lipmans, Anna Lipmane un Filips Lipmans.<\/em><\/p>\n\n\n\n<h5 class=\"wp-block-heading\"><a href=\"https:\/\/grindeks.com\/lv\/korporativa-parvaldiba\/informacija-akcionariem\/\">Inform\u0101cija akcion\u0101riem<\/a><\/h5>\n\n\n\n<div class=\"wp-block-file\"><a id=\"wp-block-file--media-5a0b2b06-f7f2-4b19-aa70-ca1afd30a531\" href=\"https:\/\/grindeks.com\/wp-content\/uploads\/2025\/09\/Akcionara_anketa.docx\"><strong>Akcion\u0101ra anketa<\/strong><\/a><a href=\"https:\/\/grindeks.com\/wp-content\/uploads\/2025\/09\/Akcionara_anketa.docx\" class=\"wp-block-file__button wp-element-button\" download aria-describedby=\"wp-block-file--media-5a0b2b06-f7f2-4b19-aa70-ca1afd30a531\">Lejupiel\u0101d\u0113t<\/a><\/div>\n\n\n\n<div class=\"wp-block-file\"><a id=\"wp-block-file--media-efb40f51-c9d2-4f83-9379-257a93d21701\" href=\"https:\/\/grindeks.com\/wp-content\/uploads\/2025\/06\/Grindeks_balsosanas_veidlapa_08072025.docx\"><strong>Grindeks Balsojuma veidlapa<\/strong><\/a><a href=\"https:\/\/grindeks.com\/wp-content\/uploads\/2025\/06\/Grindeks_balsosanas_veidlapa_08072025.docx\" class=\"wp-block-file__button wp-element-button\" download aria-describedby=\"wp-block-file--media-efb40f51-c9d2-4f83-9379-257a93d21701\">Lejupiel\u0101d\u0113t<\/a><\/div>\n\n\n\n<div class=\"wp-block-file\"><a id=\"wp-block-file--media-5f387c38-e4a4-4619-8154-ee651481f1c0\" href=\"https:\/\/grindeks.com\/wp-content\/uploads\/2025\/06\/Grindeks-Pieteiksanas-veidlapa.docx\"><strong>Grindeks Pieteik\u0161an\u0101s veidlapa<\/strong><\/a><a href=\"https:\/\/grindeks.com\/wp-content\/uploads\/2025\/06\/Grindeks-Pieteiksanas-veidlapa.docx\" class=\"wp-block-file__button wp-element-button\" download aria-describedby=\"wp-block-file--media-5f387c38-e4a4-4619-8154-ee651481f1c0\">Lejupiel\u0101d\u0113t<\/a><\/div>\n\n\n\n<h5 class=\"wp-block-heading\"><a href=\"https:\/\/csri.investinfo.lv\/lv\/?doc_issuer=Grindeks%2C+AS&amp;doc_lei=&amp;doc_language=&amp;doc_datefrom=&amp;doc_dateto=&amp;doc_keywords=&amp;SEARCH=Mekl%C4%93t\" target=\"_blank\" rel=\"noopener\">Bir\u017eas zi\u0146as<\/a><\/h5>\n\n\n\n<p><\/p>\n","protected":false},"excerpt":{"rendered":"<p>Liel\u0101kie akcion\u0101ri* (virs 5% no visa kapit\u0101la): Liplat Holding, SIA** \u2013 96,87%. *Nasdaq CSD (Latvijas centr\u0101l\u0101 v\u0113rtspap\u012bru depozit\u0101rija) dati uz 2021. gada 21.janv\u0101ri. **SIA Liplat&#8230;<\/p>\n","protected":false},"author":3,"featured_media":6601,"parent":4315,"menu_order":0,"comment_status":"closed","ping_status":"closed","template":"","meta":{"_acf_changed":false,"footnotes":""},"class_list":["post-4331","page","type-page","status-publish","has-post-thumbnail","hentry"],"acf":[],"_links":{"self":[{"href":"https:\/\/grindeks.com\/lv\/wp-json\/wp\/v2\/pages\/4331","targetHints":{"allow":["GET"]}}],"collection":[{"href":"https:\/\/grindeks.com\/lv\/wp-json\/wp\/v2\/pages"}],"about":[{"href":"https:\/\/grindeks.com\/lv\/wp-json\/wp\/v2\/types\/page"}],"author":[{"embeddable":true,"href":"https:\/\/grindeks.com\/lv\/wp-json\/wp\/v2\/users\/3"}],"replies":[{"embeddable":true,"href":"https:\/\/grindeks.com\/lv\/wp-json\/wp\/v2\/comments?post=4331"}],"version-history":[{"count":9,"href":"https:\/\/grindeks.com\/lv\/wp-json\/wp\/v2\/pages\/4331\/revisions"}],"predecessor-version":[{"id":11619,"href":"https:\/\/grindeks.com\/lv\/wp-json\/wp\/v2\/pages\/4331\/revisions\/11619"}],"up":[{"embeddable":true,"href":"https:\/\/grindeks.com\/lv\/wp-json\/wp\/v2\/pages\/4315"}],"wp:featuredmedia":[{"embeddable":true,"href":"https:\/\/grindeks.com\/lv\/wp-json\/wp\/v2\/media\/6601"}],"wp:attachment":[{"href":"https:\/\/grindeks.com\/lv\/wp-json\/wp\/v2\/media?parent=4331"}],"curies":[{"name":"wp","href":"https:\/\/api.w.org\/{rel}","templated":true}]}}