{"id":4328,"date":"2022-07-20T08:50:02","date_gmt":"2022-07-20T08:50:02","guid":{"rendered":"http:\/\/staging.grindeks.eu\/?page_id=4328"},"modified":"2022-08-19T13:47:59","modified_gmt":"2022-08-19T13:47:59","slug":"struktura","status":"publish","type":"page","link":"https:\/\/grindeks.com\/lv\/par-mums\/parvalde_un_vadiba\/struktura\/","title":{"rendered":"Strukt\u016bra"},"content":{"rendered":"\n<figure class=\"wp-block-image size-large\"><img decoding=\"async\" width=\"1024\" height=\"367\" src=\"http:\/\/grindeks.com\/wp-content\/uploads\/2022\/08\/Baneris-1366x490mm-1-1024x367.jpeg\" alt=\"\" class=\"wp-image-5853\" title=\"\" srcset=\"https:\/\/grindeks.com\/wp-content\/uploads\/2022\/08\/Baneris-1366x490mm-1-1024x367.jpeg 1024w, https:\/\/grindeks.com\/wp-content\/uploads\/2022\/08\/Baneris-1366x490mm-1-300x108.jpeg 300w, https:\/\/grindeks.com\/wp-content\/uploads\/2022\/08\/Baneris-1366x490mm-1-768x275.jpeg 768w, https:\/\/grindeks.com\/wp-content\/uploads\/2022\/08\/Baneris-1366x490mm-1-480x172.jpeg 480w, https:\/\/grindeks.com\/wp-content\/uploads\/2022\/08\/Baneris-1366x490mm-1-640x230.jpeg 640w, https:\/\/grindeks.com\/wp-content\/uploads\/2022\/08\/Baneris-1366x490mm-1-720x258.jpeg 720w, https:\/\/grindeks.com\/wp-content\/uploads\/2022\/08\/Baneris-1366x490mm-1-960x344.jpeg 960w, https:\/\/grindeks.com\/wp-content\/uploads\/2022\/08\/Baneris-1366x490mm-1-1168x419.jpeg 1168w, https:\/\/grindeks.com\/wp-content\/uploads\/2022\/08\/Baneris-1366x490mm-1-500x179.jpeg 500w, https:\/\/grindeks.com\/wp-content\/uploads\/2022\/08\/Baneris-1366x490mm-1.jpeg 1366w\" sizes=\"(max-width: 1024px) 100vw, 1024px\" \/><\/figure>\n\n\n\n<h2 class=\"wp-block-heading\">Grindeks koncerna strukt\u016bra<\/h2>\n\n\n\n<p><\/p>\n\n\n\n<h3 class=\"wp-block-heading\">Meitas sabiedr\u012bbas<\/h3>\n\n\n\n<ul class=\"wp-block-list\"><li><a href=\"http:\/\/www.tft.ee\" target=\"_blank\" rel=\"noreferrer noopener\">AS Tallinas Farmaceitisk\u0101 r\u016bpn\u012bca, Igaunija<\/a><\/li><li><a href=\"https:\/\/kalceks.lv\/lv\/\" target=\"_blank\" rel=\"noreferrer noopener\">AS Kalceks, Latvija<\/a><\/li><li>SIA Namu apsaimnieko\u0161anas projekti, Latvija<\/li><li><a href=\"https:\/\/www.hbmpharma.eu\/?lang=en\" target=\"_blank\" rel=\"noreferrer noopener\">SIA HBM PHARMA, Slov\u0101kija<\/a><\/li><\/ul>\n\n\n\n<h3 class=\"wp-block-heading\">Fili\u0101les un p\u0101rst\u0101vniec\u012bbas<\/h3>\n\n\n\n<p>Lietuva, Igaunija, Baltkrievija, Ukraina, Azerbaid\u017e\u0101na, Gruzija, Uzbekist\u0101na, Moldova, Kazahst\u0101na, Arm\u0113nija, Kirgizst\u0101na<\/p>\n","protected":false},"excerpt":{"rendered":"<p>Grindeks koncerna strukt\u016bra Meitas sabiedr\u012bbas AS Tallinas Farmaceitisk\u0101 r\u016bpn\u012bca, Igaunija AS Kalceks, Latvija SIA Namu apsaimnieko\u0161anas projekti, Latvija SIA HBM PHARMA, Slov\u0101kija Fili\u0101les un p\u0101rst\u0101vniec\u012bbas&#8230;<\/p>\n","protected":false},"author":3,"featured_media":3852,"parent":4315,"menu_order":0,"comment_status":"closed","ping_status":"closed","template":"","meta":{"_acf_changed":false,"footnotes":""},"class_list":["post-4328","page","type-page","status-publish","has-post-thumbnail","hentry"],"acf":[],"_links":{"self":[{"href":"https:\/\/grindeks.com\/lv\/wp-json\/wp\/v2\/pages\/4328","targetHints":{"allow":["GET"]}}],"collection":[{"href":"https:\/\/grindeks.com\/lv\/wp-json\/wp\/v2\/pages"}],"about":[{"href":"https:\/\/grindeks.com\/lv\/wp-json\/wp\/v2\/types\/page"}],"author":[{"embeddable":true,"href":"https:\/\/grindeks.com\/lv\/wp-json\/wp\/v2\/users\/3"}],"replies":[{"embeddable":true,"href":"https:\/\/grindeks.com\/lv\/wp-json\/wp\/v2\/comments?post=4328"}],"version-history":[{"count":0,"href":"https:\/\/grindeks.com\/lv\/wp-json\/wp\/v2\/pages\/4328\/revisions"}],"up":[{"embeddable":true,"href":"https:\/\/grindeks.com\/lv\/wp-json\/wp\/v2\/pages\/4315"}],"wp:featuredmedia":[{"embeddable":true,"href":"https:\/\/grindeks.com\/lv\/wp-json\/wp\/v2\/media\/3852"}],"wp:attachment":[{"href":"https:\/\/grindeks.com\/lv\/wp-json\/wp\/v2\/media?parent=4328"}],"curies":[{"name":"wp","href":"https:\/\/api.w.org\/{rel}","templated":true}]}}