{"id":4323,"date":"2022-07-20T08:37:32","date_gmt":"2022-07-20T05:37:32","guid":{"rendered":"http:\/\/staging.grindeks.eu\/?page_id=4323"},"modified":"2025-09-09T12:17:37","modified_gmt":"2025-09-09T09:17:37","slug":"valde","status":"publish","type":"page","link":"https:\/\/grindeks.com\/lv\/par-mums\/parvalde_un_vadiba\/valde\/","title":{"rendered":"Valde"},"content":{"rendered":"\n<p>Grindeks valde apvieno pieredz\u0113ju\u0161us uz\u0146\u0113m\u0113jdarb\u012bbas un nozares ekspertus, t\u0101 p\u0101rst\u0101v un vada uz\u0146\u0113muma ikdienas darb\u012bbas.<a href=\"https:\/\/grindeks.lv\/wp-content\/uploads\/2018\/03\/Grindeks_valdes_reglaments_2018.pdf\" target=\"_blank\" rel=\"noopener\"><\/a><\/p>\n\n\n\n<div class=\"wp-block-columns is-layout-flex wp-container-core-columns-is-layout-9d6595d7 wp-block-columns-is-layout-flex\">\n<div class=\"wp-block-column is-layout-flow wp-block-column-is-layout-flow\" style=\"flex-basis:33.33%\">\n<figure class=\"wp-block-image size-large is-style-rounded\"><img decoding=\"async\" width=\"1024\" height=\"1024\" src=\"https:\/\/grindeks.com\/wp-content\/uploads\/2025\/08\/majaslapa-1024x1024.png\" alt=\"\" class=\"wp-image-11390\" title=\"\" srcset=\"https:\/\/grindeks.com\/wp-content\/uploads\/2025\/08\/majaslapa-1024x1024.png 1024w, https:\/\/grindeks.com\/wp-content\/uploads\/2025\/08\/majaslapa-300x300.png 300w, https:\/\/grindeks.com\/wp-content\/uploads\/2025\/08\/majaslapa-150x150.png 150w, https:\/\/grindeks.com\/wp-content\/uploads\/2025\/08\/majaslapa-768x768.png 768w, https:\/\/grindeks.com\/wp-content\/uploads\/2025\/08\/majaslapa-480x480.png 480w, https:\/\/grindeks.com\/wp-content\/uploads\/2025\/08\/majaslapa-640x640.png 640w, https:\/\/grindeks.com\/wp-content\/uploads\/2025\/08\/majaslapa-720x720.png 720w, https:\/\/grindeks.com\/wp-content\/uploads\/2025\/08\/majaslapa-960x960.png 960w, https:\/\/grindeks.com\/wp-content\/uploads\/2025\/08\/majaslapa.png 1080w\" sizes=\"(max-width: 1024px) 100vw, 1024px\" \/><\/figure>\n<\/div>\n\n\n\n<div class=\"wp-block-column is-layout-flow wp-block-column-is-layout-flow\" style=\"flex-basis:66.66%\">\n<h4 class=\"wp-block-heading\">J\u0101nis Romanovskis, valdes priek\u0161s\u0113d\u0113t\u0101js<\/h4>\n\n\n\n<p>Dzimis 1960.gad\u0101. Beidzis R\u012bgas 1. vidusskolu, absolv\u0113jis Latvijas Universit\u0101tes Ekonomikas fakult\u0101ti un R\u012bgas Starptautisk\u0101s ekonomikas un biznesa augstskolu. J\u0101nis Romanovskis jau iepriek\u0161 ir str\u0101d\u0101jis uz\u0146\u0113mum\u0101 \u2013 bijis AS \u201eGrindeks\u201d valdes priek\u0161s\u0113d\u0113t\u0101js, k\u0101 ar\u012b valdes loceklis un Finan\u0161u un administrat\u012bvais direktors. Karjeras laik\u0101 Romanovskis ir bijis valdes priek\u0161s\u0113d\u0113t\u0101js farm\u0101cijas uz\u0146\u0113mumos \u201eRecipe plus\u201d un \u201eSentor Farm aptiekas\u201d, k\u0101 ar\u012b bijis finan\u0161u direktors komerccentr\u0101 \u201eDati grupa\u201d un finan\u0161u p\u0101rvaldes vad\u012bt\u0101js AS \u201eDati\u201d.<\/p>\n<\/div>\n<\/div>\n\n\n\n<div class=\"wp-block-columns is-layout-flex wp-container-core-columns-is-layout-9d6595d7 wp-block-columns-is-layout-flex\">\n<div class=\"wp-block-column is-layout-flow wp-block-column-is-layout-flow\" style=\"flex-basis:33.33%\"><\/div>\n<\/div>\n\n\n\n<p><a href=\"https:\/\/www.facebook.com\/GrindeksAS\/\" target=\"_blank\" rel=\"noreferrer noopener\"><\/a><em>Valdes locek\u013ciem nepieder AS Grindeks akcijas.<\/em><\/p>\n\n\n\n<p><a href=\"https:\/\/www.facebook.com\/GrindeksAS\/\" target=\"_blank\" rel=\"noreferrer noopener\"><\/a><\/p>\n","protected":false},"excerpt":{"rendered":"<p>Grindeks valde apvieno pieredz\u0113ju\u0161us uz\u0146\u0113m\u0113jdarb\u012bbas un nozares ekspertus, t\u0101 p\u0101rst\u0101v un vada uz\u0146\u0113muma ikdienas darb\u012bbas. J\u0101nis Romanovskis, valdes priek\u0161s\u0113d\u0113t\u0101js Dzimis 1960.gad\u0101. Beidzis R\u012bgas 1. vidusskolu,&#8230;<\/p>\n","protected":false},"author":3,"featured_media":6601,"parent":4315,"menu_order":0,"comment_status":"closed","ping_status":"closed","template":"","meta":{"_acf_changed":false,"footnotes":""},"class_list":["post-4323","page","type-page","status-publish","has-post-thumbnail","hentry"],"acf":[],"_links":{"self":[{"href":"https:\/\/grindeks.com\/lv\/wp-json\/wp\/v2\/pages\/4323","targetHints":{"allow":["GET"]}}],"collection":[{"href":"https:\/\/grindeks.com\/lv\/wp-json\/wp\/v2\/pages"}],"about":[{"href":"https:\/\/grindeks.com\/lv\/wp-json\/wp\/v2\/types\/page"}],"author":[{"embeddable":true,"href":"https:\/\/grindeks.com\/lv\/wp-json\/wp\/v2\/users\/3"}],"replies":[{"embeddable":true,"href":"https:\/\/grindeks.com\/lv\/wp-json\/wp\/v2\/comments?post=4323"}],"version-history":[{"count":6,"href":"https:\/\/grindeks.com\/lv\/wp-json\/wp\/v2\/pages\/4323\/revisions"}],"predecessor-version":[{"id":11524,"href":"https:\/\/grindeks.com\/lv\/wp-json\/wp\/v2\/pages\/4323\/revisions\/11524"}],"up":[{"embeddable":true,"href":"https:\/\/grindeks.com\/lv\/wp-json\/wp\/v2\/pages\/4315"}],"wp:featuredmedia":[{"embeddable":true,"href":"https:\/\/grindeks.com\/lv\/wp-json\/wp\/v2\/media\/6601"}],"wp:attachment":[{"href":"https:\/\/grindeks.com\/lv\/wp-json\/wp\/v2\/media?parent=4323"}],"curies":[{"name":"wp","href":"https:\/\/api.w.org\/{rel}","templated":true}]}}