{"id":4318,"date":"2022-07-20T08:35:52","date_gmt":"2022-07-20T05:35:52","guid":{"rendered":"http:\/\/staging.grindeks.eu\/?page_id=4318"},"modified":"2025-09-09T12:12:06","modified_gmt":"2025-09-09T09:12:06","slug":"padome","status":"publish","type":"page","link":"https:\/\/grindeks.com\/lv\/par-mums\/parvalde_un_vadiba\/padome\/","title":{"rendered":"Padome"},"content":{"rendered":"\n<p>Grindeks padome apvieno uz\u0146\u0113m\u0113jdarb\u012bbas ekspertus ar iev\u0113rojamu pieredzi starptautisk\u0101 biznesa vid\u0113 un p\u0101rst\u0101v akcion\u0101ru intereses, un uz\u0146\u0113muma stat\u016btos noteiktaj\u0101 k\u0101rt\u012bb\u0101 uzrauga valdes pl\u0101noto un veikto pas\u0101kumu atbilst\u012bbu uz\u0146\u0113muma turpm\u0101k\u0101s att\u012bst\u012bbas interes\u0113m.<\/p>\n\n\n\n<div class=\"wp-block-columns is-layout-flex wp-container-core-columns-is-layout-9d6595d7 wp-block-columns-is-layout-flex\">\n<div class=\"wp-block-column is-layout-flow wp-block-column-is-layout-flow\" style=\"flex-basis:33.33%\">\n<figure class=\"wp-block-image size-full is-style-rounded\"><img decoding=\"async\" width=\"300\" height=\"300\" src=\"http:\/\/grindeks.com\/wp-content\/uploads\/2022\/08\/kirovs-lipmans-padome-akcionars_300x300_acf_cropped.jpeg\" alt=\"\" class=\"wp-image-5831\" title=\"\" srcset=\"https:\/\/grindeks.com\/wp-content\/uploads\/2022\/08\/kirovs-lipmans-padome-akcionars_300x300_acf_cropped.jpeg 300w, https:\/\/grindeks.com\/wp-content\/uploads\/2022\/08\/kirovs-lipmans-padome-akcionars_300x300_acf_cropped-150x150.jpeg 150w\" sizes=\"(max-width: 300px) 100vw, 300px\" \/><\/figure>\n<\/div>\n\n\n\n<div class=\"wp-block-column is-layout-flow wp-block-column-is-layout-flow\" style=\"flex-basis:66.66%\">\n<h4 class=\"wp-block-heading\">Kirovs Lipmans, padomes priek\u0161s\u0113d\u0113t\u0101js<\/h4>\n\n\n\n<p>Dzimis 1940. gad\u0101. Kirovs Lipmans ir AS Grindeks padomes priek\u0161s\u0113d\u0113t\u0101js kop\u0161 2003. gada. Vienlaikus K. Lipmans ir ar\u012b Latvijas Olimpisk\u0101s komitejas izpildkomitejas loceklis, AS Kalceks un AS Tallinas farmaceitisk\u0101 r\u016bpn\u012bca padomes priek\u0161s\u0113d\u0113t\u0101js, k\u0101 ar\u012b liel\u0101k\u0101 AS Grindeks akcion\u0101ra SIA Liplat Holding valdes priek\u0161s\u0113d\u0113t\u0101js. Beidzis \u013be\u0146ingradas Dzelzce\u013ca un transporta in\u017eenierijas instit\u016btu, k\u0101 ar\u012b Latvijas Universit\u0101tes Ekonomikas fakult\u0101ti, apg\u016bstot in\u017eeniera ekonomista specialit\u0101ti.<\/p>\n<\/div>\n<\/div>\n\n\n\n<div class=\"wp-block-columns is-layout-flex wp-container-core-columns-is-layout-9d6595d7 wp-block-columns-is-layout-flex\">\n<div class=\"wp-block-column is-layout-flow wp-block-column-is-layout-flow\" style=\"flex-basis:33.33%\">\n<figure class=\"wp-block-image size-full is-style-rounded\"><img decoding=\"async\" width=\"300\" height=\"300\" src=\"http:\/\/grindeks.com\/wp-content\/uploads\/2022\/08\/Anna_Lipmane_300x300_acf_cropped.jpeg\" alt=\"\" class=\"wp-image-5834\" title=\"\" srcset=\"https:\/\/grindeks.com\/wp-content\/uploads\/2022\/08\/Anna_Lipmane_300x300_acf_cropped.jpeg 300w, https:\/\/grindeks.com\/wp-content\/uploads\/2022\/08\/Anna_Lipmane_300x300_acf_cropped-150x150.jpeg 150w\" sizes=\"(max-width: 300px) 100vw, 300px\" \/><\/figure>\n<\/div>\n\n\n\n<div class=\"wp-block-column is-layout-flow wp-block-column-is-layout-flow\" style=\"flex-basis:66.66%\">\n<h4 class=\"wp-block-heading\">Anna Lipmane, padomes locekle<\/h4>\n\n\n\n<p>Dzimusi 1948. gad\u0101. Anna Lipmane ir AS Grindeks padomes locekle kop\u0161 2008. gada. A. Lipmane ir sertific\u0113ta \u0101rste-neirolo\u0123e un Latvijas \u0100rstu biedr\u012bbas, Latvijas Internistu biedr\u012bbas, Latvijas Kardiologu biedr\u012bbas un Latvijas Neirologu biedr\u012bbas locekle. Vienlaikus A.Lipmane ir ar\u012b AS Tallinas farmaceitisk\u0101 r\u016bpn\u012bca padomes locekle un liel\u0101k\u0101 AS Grindeks akcion\u0101ra SIA Liplat Holding valdes locekle.<\/p>\n<\/div>\n<\/div>\n\n\n\n<div class=\"wp-block-columns is-layout-flex wp-container-core-columns-is-layout-9d6595d7 wp-block-columns-is-layout-flex\">\n<div class=\"wp-block-column is-layout-flow wp-block-column-is-layout-flow\" style=\"flex-basis:33.33%\">\n<figure class=\"wp-block-image size-full is-style-rounded\"><img decoding=\"async\" width=\"300\" height=\"300\" src=\"http:\/\/grindeks.com\/wp-content\/uploads\/2022\/08\/Filips-Lipmans_300x300_acf_cropped.jpeg\" alt=\"\" class=\"wp-image-5837\" title=\"\" srcset=\"https:\/\/grindeks.com\/wp-content\/uploads\/2022\/08\/Filips-Lipmans_300x300_acf_cropped.jpeg 300w, https:\/\/grindeks.com\/wp-content\/uploads\/2022\/08\/Filips-Lipmans_300x300_acf_cropped-150x150.jpeg 150w\" sizes=\"(max-width: 300px) 100vw, 300px\" \/><\/figure>\n<\/div>\n\n\n\n<div class=\"wp-block-column is-layout-flow wp-block-column-is-layout-flow\" style=\"flex-basis:66.66%\">\n<h4 class=\"wp-block-heading\">Filips Lipmans, padomes priek\u0161s\u0113d\u0113t\u0101ja vietnieks<\/h4>\n\n\n\n<p>Dzimis 1978. gad\u0101. Beidzis Latvijas Universit\u0101tes Ekonomikas un vad\u012bbas fakult\u0101ti, ieg\u016bstot Vad\u012bbzin\u0101t\u0146u ma\u0123istra gr\u0101du. Kop\u0161 2004. gada ir AS Grindeks valdes priek\u0161s\u0113d\u0113t\u0101ja padomnieks. Vienlaikus F.Lipmans ir ar\u012b AS Kalceks un AS Tallinas farmaceitisk\u0101 r\u016bpn\u012bca padomes loceklis, k\u0101 ar\u012b SIA Namu apsaimnieko\u0161anas projekti un liel\u0101k\u0101 AS Grindeks akcion\u0101ra SIA Liplat Holding valdes loceklis.<\/p>\n<\/div>\n<\/div>\n\n\n\n<p>Padomes locek\u013ciem nepieder AS Grindeks akcijas.<\/p>\n\n\n\n<p><a href=\"https:\/\/www.facebook.com\/GrindeksAS\/\" target=\"_blank\" rel=\"noreferrer noopener\"><\/a><\/p>\n\n\n\n<p><a href=\"https:\/\/www.facebook.com\/GrindeksAS\/\" target=\"_blank\" rel=\"noreferrer noopener\"><\/a><\/p>\n","protected":false},"excerpt":{"rendered":"<p>Grindeks padome apvieno uz\u0146\u0113m\u0113jdarb\u012bbas ekspertus ar iev\u0113rojamu pieredzi starptautisk\u0101 biznesa vid\u0113 un p\u0101rst\u0101v akcion\u0101ru intereses, un uz\u0146\u0113muma stat\u016btos noteiktaj\u0101 k\u0101rt\u012bb\u0101 uzrauga valdes pl\u0101noto un veikto&#8230;<\/p>\n","protected":false},"author":3,"featured_media":6601,"parent":4315,"menu_order":0,"comment_status":"closed","ping_status":"closed","template":"","meta":{"_acf_changed":false,"footnotes":""},"class_list":["post-4318","page","type-page","status-publish","has-post-thumbnail","hentry"],"acf":[],"_links":{"self":[{"href":"https:\/\/grindeks.com\/lv\/wp-json\/wp\/v2\/pages\/4318","targetHints":{"allow":["GET"]}}],"collection":[{"href":"https:\/\/grindeks.com\/lv\/wp-json\/wp\/v2\/pages"}],"about":[{"href":"https:\/\/grindeks.com\/lv\/wp-json\/wp\/v2\/types\/page"}],"author":[{"embeddable":true,"href":"https:\/\/grindeks.com\/lv\/wp-json\/wp\/v2\/users\/3"}],"replies":[{"embeddable":true,"href":"https:\/\/grindeks.com\/lv\/wp-json\/wp\/v2\/comments?post=4318"}],"version-history":[{"count":2,"href":"https:\/\/grindeks.com\/lv\/wp-json\/wp\/v2\/pages\/4318\/revisions"}],"predecessor-version":[{"id":11522,"href":"https:\/\/grindeks.com\/lv\/wp-json\/wp\/v2\/pages\/4318\/revisions\/11522"}],"up":[{"embeddable":true,"href":"https:\/\/grindeks.com\/lv\/wp-json\/wp\/v2\/pages\/4315"}],"wp:featuredmedia":[{"embeddable":true,"href":"https:\/\/grindeks.com\/lv\/wp-json\/wp\/v2\/media\/6601"}],"wp:attachment":[{"href":"https:\/\/grindeks.com\/lv\/wp-json\/wp\/v2\/media?parent=4318"}],"curies":[{"name":"wp","href":"https:\/\/api.w.org\/{rel}","templated":true}]}}