{"id":4315,"date":"2022-07-20T08:28:44","date_gmt":"2022-07-20T05:28:44","guid":{"rendered":"http:\/\/staging.grindeks.eu\/?page_id=4315"},"modified":"2025-08-13T15:35:42","modified_gmt":"2025-08-13T12:35:42","slug":"parvalde_un_vadiba","status":"publish","type":"page","link":"https:\/\/grindeks.com\/lv\/par-mums\/parvalde_un_vadiba\/","title":{"rendered":"P\u0101rvalde un vad\u012bba"},"content":{"rendered":"\n<p>Lai nodro\u0161in\u0101tu un vairotu sadarb\u012bbas partneru, klientu un sabiedr\u012bbas izpratni par uz\u0146\u0113mumu, t\u0101 darb\u012bbu un p\u0101rvaldi, Grindeks p\u0101rvald\u012bba tiek organiz\u0113ta, iev\u0113rojot korporat\u012bv\u0101s p\u0101rvald\u012bbas principus.<\/p>\n\n\n\n<p>Tas veicina p\u0101rvaldes p\u0101rredzam\u012bbu un palielina uz\u0146\u0113muma pievilc\u012bbu sabiedr\u012bb\u0101.<\/p>\n\n\n\n<h3 class=\"wp-block-heading has-text-align-center\">M\u016bsu l\u012bderi<\/h3>\n\n\n\n<p><\/p>\n\n\n\n<div class=\"wp-block-columns is-layout-flex wp-container-core-columns-is-layout-9d6595d7 wp-block-columns-is-layout-flex\">\n<div class=\"wp-block-column is-layout-flow wp-block-column-is-layout-flow\">\n<h4 class=\"wp-block-heading has-text-align-center\">Padome<\/h4>\n<\/div>\n\n\n\n<div class=\"wp-block-column is-layout-flow wp-block-column-is-layout-flow\">\n<h4 class=\"wp-block-heading has-text-align-center\">Valde<\/h4>\n<\/div>\n<\/div>\n\n\n\n<div class=\"wp-block-columns is-layout-flex wp-container-core-columns-is-layout-9d6595d7 wp-block-columns-is-layout-flex\">\n<div class=\"wp-block-column is-layout-flow wp-block-column-is-layout-flow\" style=\"flex-basis:100%\">\n<div class=\"wp-block-columns is-layout-flex wp-container-core-columns-is-layout-9d6595d7 wp-block-columns-is-layout-flex\">\n<div class=\"wp-block-column is-layout-flow wp-block-column-is-layout-flow\" style=\"flex-basis:100%\">\n<div class=\"wp-block-columns is-layout-flex wp-container-core-columns-is-layout-9d6595d7 wp-block-columns-is-layout-flex\">\n<div class=\"wp-block-column is-layout-flow wp-block-column-is-layout-flow\">\n<figure class=\"wp-block-image size-large is-style-rounded\"><a href=\"https:\/\/grindeks.com\/lv\/par-mums\/parvalde_un_vadiba\/padome\/\"><img decoding=\"async\" width=\"1024\" height=\"1024\" src=\"https:\/\/grindeks.com\/wp-content\/uploads\/2022\/08\/kl_homepage-1024x1024.png\" alt=\"\" class=\"wp-image-6177\" title=\"\" srcset=\"https:\/\/grindeks.com\/wp-content\/uploads\/2022\/08\/kl_homepage-1024x1024.png 1024w, https:\/\/grindeks.com\/wp-content\/uploads\/2022\/08\/kl_homepage-300x300.png 300w, https:\/\/grindeks.com\/wp-content\/uploads\/2022\/08\/kl_homepage-150x150.png 150w, https:\/\/grindeks.com\/wp-content\/uploads\/2022\/08\/kl_homepage-768x768.png 768w, https:\/\/grindeks.com\/wp-content\/uploads\/2022\/08\/kl_homepage-480x480.png 480w, https:\/\/grindeks.com\/wp-content\/uploads\/2022\/08\/kl_homepage-640x640.png 640w, https:\/\/grindeks.com\/wp-content\/uploads\/2022\/08\/kl_homepage-720x720.png 720w, https:\/\/grindeks.com\/wp-content\/uploads\/2022\/08\/kl_homepage-960x960.png 960w, https:\/\/grindeks.com\/wp-content\/uploads\/2022\/08\/kl_homepage.png 1080w\" sizes=\"(max-width: 1024px) 100vw, 1024px\" \/><\/a><\/figure>\n<\/div>\n\n\n\n<div class=\"wp-block-column is-layout-flow wp-block-column-is-layout-flow\">\n<figure class=\"wp-block-image alignfull size-large is-style-rounded\"><img decoding=\"async\" width=\"1024\" height=\"1024\" src=\"https:\/\/grindeks.com\/wp-content\/uploads\/2025\/08\/majaslapa-1024x1024.png\" alt=\"\" class=\"wp-image-11390\" title=\"\" srcset=\"https:\/\/grindeks.com\/wp-content\/uploads\/2025\/08\/majaslapa-1024x1024.png 1024w, https:\/\/grindeks.com\/wp-content\/uploads\/2025\/08\/majaslapa-300x300.png 300w, https:\/\/grindeks.com\/wp-content\/uploads\/2025\/08\/majaslapa-150x150.png 150w, https:\/\/grindeks.com\/wp-content\/uploads\/2025\/08\/majaslapa-768x768.png 768w, https:\/\/grindeks.com\/wp-content\/uploads\/2025\/08\/majaslapa-480x480.png 480w, https:\/\/grindeks.com\/wp-content\/uploads\/2025\/08\/majaslapa-640x640.png 640w, https:\/\/grindeks.com\/wp-content\/uploads\/2025\/08\/majaslapa-720x720.png 720w, https:\/\/grindeks.com\/wp-content\/uploads\/2025\/08\/majaslapa-960x960.png 960w, https:\/\/grindeks.com\/wp-content\/uploads\/2025\/08\/majaslapa.png 1080w\" sizes=\"(max-width: 1024px) 100vw, 1024px\" \/><\/figure>\n<\/div>\n<\/div>\n<\/div>\n<\/div>\n<\/div>\n<\/div>\n\n\n\n<h4 class=\"wp-block-heading\"><strong>Grindeks koncerna strat\u0113\u0123ija<\/strong><\/h4>\n\n\n\n<p>Grindeks koncerna strat\u0113\u0123ijai l\u012bdz 2025. gadam ir 6 galvenie strat\u0113\u0123ijas att\u012bst\u012bbas virzieni.<\/p>\n\n\n\n<ol class=\"wp-block-list\">\n<li>Akt\u012bvo farmaceitisko vielu un gatavo z\u0101\u013cu formu portfe\u013ca palielin\u0101\u0161ana.<\/li>\n\n\n\n<li>Papla\u0161in\u0101\u0161an\u0101s jaunajos tirgos \u2013 Eiropas Savien\u012bbas valst\u012bs, ASV, Jap\u0101n\u0101, Dienvidkorej\u0101, Austr\u0101lij\u0101, Jaunz\u0113land\u0113, Kan\u0101d\u0101.<\/li>\n\n\n\n<li>Ra\u017eo\u0161anas infrastrukt\u016bras papla\u0161in\u0101\u0161ana Latvij\u0101, Slov\u0101kij\u0101 un Igaunij\u0101.<\/li>\n\n\n\n<li>Meitas uz\u0146\u0113muma Kalceks att\u012bst\u012bba.<\/li>\n\n\n\n<li>Digitaliz\u0101cija, p\u0101rv\u0113r\u0161ot biznesa procesus digit\u0101lo tehnolo\u0123iju izmanto\u0161an\u0101 un atsakoties no pap\u012bra izmanto\u0161anas l\u012bdz 2025.\u00a0gadam.<\/li>\n\n\n\n<li>Ilgtsp\u0113j\u012bga un videi draudz\u012bga pieeja.<\/li>\n<\/ol>\n","protected":false},"excerpt":{"rendered":"<p>Lai nodro\u0161in\u0101tu un vairotu sadarb\u012bbas partneru, klientu un sabiedr\u012bbas izpratni par uz\u0146\u0113mumu, t\u0101 darb\u012bbu un p\u0101rvaldi, Grindeks p\u0101rvald\u012bba tiek organiz\u0113ta, iev\u0113rojot korporat\u012bv\u0101s p\u0101rvald\u012bbas principus. Tas&#8230;<\/p>\n","protected":false},"author":3,"featured_media":3836,"parent":4306,"menu_order":0,"comment_status":"closed","ping_status":"closed","template":"","meta":{"_acf_changed":false,"footnotes":""},"class_list":["post-4315","page","type-page","status-publish","has-post-thumbnail","hentry"],"acf":[],"_links":{"self":[{"href":"https:\/\/grindeks.com\/lv\/wp-json\/wp\/v2\/pages\/4315","targetHints":{"allow":["GET"]}}],"collection":[{"href":"https:\/\/grindeks.com\/lv\/wp-json\/wp\/v2\/pages"}],"about":[{"href":"https:\/\/grindeks.com\/lv\/wp-json\/wp\/v2\/types\/page"}],"author":[{"embeddable":true,"href":"https:\/\/grindeks.com\/lv\/wp-json\/wp\/v2\/users\/3"}],"replies":[{"embeddable":true,"href":"https:\/\/grindeks.com\/lv\/wp-json\/wp\/v2\/comments?post=4315"}],"version-history":[{"count":1,"href":"https:\/\/grindeks.com\/lv\/wp-json\/wp\/v2\/pages\/4315\/revisions"}],"predecessor-version":[{"id":11447,"href":"https:\/\/grindeks.com\/lv\/wp-json\/wp\/v2\/pages\/4315\/revisions\/11447"}],"up":[{"embeddable":true,"href":"https:\/\/grindeks.com\/lv\/wp-json\/wp\/v2\/pages\/4306"}],"wp:featuredmedia":[{"embeddable":true,"href":"https:\/\/grindeks.com\/lv\/wp-json\/wp\/v2\/media\/3836"}],"wp:attachment":[{"href":"https:\/\/grindeks.com\/lv\/wp-json\/wp\/v2\/media?parent=4315"}],"curies":[{"name":"wp","href":"https:\/\/api.w.org\/{rel}","templated":true}]}}