{"id":4306,"date":"2022-07-20T07:36:29","date_gmt":"2022-07-20T04:36:29","guid":{"rendered":"http:\/\/staging.grindeks.eu\/?page_id=4306"},"modified":"2024-02-19T12:38:16","modified_gmt":"2024-02-19T09:38:16","slug":"par-mums","status":"publish","type":"page","link":"https:\/\/grindeks.com\/lv\/par-mums\/","title":{"rendered":"Par mums"},"content":{"rendered":"\n<p>Grindeks ir dibin\u0101ts 1946. gad\u0101. \u0160odien m\u0113s esam vado\u0161ais z\u0101\u013cu ra\u017eot\u0101js Baltijas valst\u012bs.<\/p>\n\n\n\n<p>\u0160o gadu laik\u0101 esam pal\u012bdz\u0113ju\u0161i miljoniem pacientu vis\u0101 pasaul\u0113. M\u016bsu produkti ir pieejami 100 pasaules valst\u012bs. Grindeks produktu portfel\u012b ir ori\u0123in\u0101lie produkti, patentbr\u012bvie medikamenti un akt\u012bv\u0101s farmaceitisk\u0101s vielas. Visi produkti ir ra\u017eoti atbilsto\u0161i augstaj\u0101m pasaules dro\u0161\u012bbas un kvalit\u0101tes pras\u012bb\u0101m.<\/p>\n\n\n\n<p>Lai pal\u012bdz\u0113tu cilv\u0113kiem p\u0101rvar\u0113t vesel\u012bbas probl\u0113mas, m\u0113s fokus\u0113jamies uz medikamentiem, kas \u0101rst\u0113 sirds un asinsvadu, centr\u0101l\u0101s nervu sist\u0113mas, onkolo\u0123isk\u0101s, diab\u0113ta un \u0101das slim\u012bbas. M\u016bsu m\u0113r\u0137is ir uzlabot cilv\u0113ku dz\u012bvi un padar\u012bt vesel\u012bbas risin\u0101jumus pieejamus m\u016bsu pacientiem.<\/p>\n\n\n\n<h4 class=\"wp-block-heading\"><strong>Grindeks koncerns<\/strong><\/h4>\n\n\n\n<p>Grindeks koncerns sast\u0101v no AS Grindeks un t\u0101 meitasuz\u0146\u0113mumiem. Katrs no tiem dod savu neatsveramu ieguld\u012bjumu koncerna izaugsm\u0113 un savstarp\u0113j\u0101 sadarb\u012bb\u0101. Pa\u0161reiz uz\u0146\u0113mums ir ce\u013c\u0101 uz v\u0113l vair\u0101ku meitasuz\u0146\u0113mumu atv\u0113r\u0161anu da\u017e\u0101d\u0101s pasaules valst\u012bs, to m\u0113r\u0137is b\u016bs uzlabot un veicin\u0101t sadarb\u012bbu katr\u0101 konkr\u0113taj\u0101 valst\u012b, palielinot m\u016bsu produktu pieejam\u012bbu, t\u0101d\u0101 veid\u0101 pal\u012bdzot pacientiem. M\u016bsu produktiem ir divi z\u012bmoli \u2013 Grindeks un Kalceks, katrs no tiem specializ\u0113jas sav\u0101 segment\u0101. <\/p>\n\n\n\n<p><a href=\"https:\/\/www.kalceks.lv\/\" target=\"_blank\" rel=\"noreferrer noopener\"><strong>AS Kalceks<\/strong><\/a><strong> <\/strong>ir viens no vec\u0101kajiem farm\u0101cijas uz\u0146\u0113mumiem Baltijas valst\u012bs, kas specializ\u0113jas uz patentbr\u012bvajiem medikamentiem, galvenok\u0101rt slimn\u012bcu segment\u0101. <a href=\"https:\/\/www.hbmpharma.eu\/?lang=en\" target=\"_blank\" rel=\"noreferrer noopener\"><strong>HBM Pharma Ltd<\/strong><\/a>., kas atrodas Slov\u0101kij\u0101, ir farmaceitisko produktu ra\u017eot\u0101js un darbojas injekciju un table\u0161u ra\u017eo\u0161anas jom\u0101. Igaunijas <a href=\"http:\/\/www.tft.ee\/eng.html\" target=\"_blank\" rel=\"noreferrer noopener\"><strong>AS Tallinas farmaceitisk\u0101 r\u016bpn\u012bca<\/strong> <\/a>ra\u017eo ziedes.<\/p>\n\n\n\n<p>Grindeks Kalceks ir m\u016bsu jaun\u0101kie meitasuz\u0146\u0113mumi, kas ir dibin\u0101ti Lietuv\u0101, Igaunij\u0101, ASV, Kan\u0101d\u0101, \u0160veic\u0113 un Polij\u0101. SIA Namu apsaimnieko\u0161anas projekti ir atbild\u012bgi par Grindeks nekustamo \u012bpa\u0161umu p\u0101rvald\u012b\u0161anu.<\/p>\n\n\n\n<p><\/p>\n\n\n\n<p><\/p>\n","protected":false},"excerpt":{"rendered":"<p>Grindeks ir dibin\u0101ts 1946. gad\u0101. \u0160odien m\u0113s esam vado\u0161ais z\u0101\u013cu ra\u017eot\u0101js Baltijas valst\u012bs. \u0160o gadu laik\u0101 esam pal\u012bdz\u0113ju\u0161i miljoniem pacientu vis\u0101 pasaul\u0113. M\u016bsu produkti ir&#8230;<\/p>\n","protected":false},"author":3,"featured_media":6601,"parent":0,"menu_order":0,"comment_status":"closed","ping_status":"closed","template":"","meta":{"_acf_changed":false,"footnotes":""},"class_list":["post-4306","page","type-page","status-publish","has-post-thumbnail","hentry"],"acf":[],"_links":{"self":[{"href":"https:\/\/grindeks.com\/lv\/wp-json\/wp\/v2\/pages\/4306","targetHints":{"allow":["GET"]}}],"collection":[{"href":"https:\/\/grindeks.com\/lv\/wp-json\/wp\/v2\/pages"}],"about":[{"href":"https:\/\/grindeks.com\/lv\/wp-json\/wp\/v2\/types\/page"}],"author":[{"embeddable":true,"href":"https:\/\/grindeks.com\/lv\/wp-json\/wp\/v2\/users\/3"}],"replies":[{"embeddable":true,"href":"https:\/\/grindeks.com\/lv\/wp-json\/wp\/v2\/comments?post=4306"}],"version-history":[{"count":1,"href":"https:\/\/grindeks.com\/lv\/wp-json\/wp\/v2\/pages\/4306\/revisions"}],"predecessor-version":[{"id":10439,"href":"https:\/\/grindeks.com\/lv\/wp-json\/wp\/v2\/pages\/4306\/revisions\/10439"}],"wp:featuredmedia":[{"embeddable":true,"href":"https:\/\/grindeks.com\/lv\/wp-json\/wp\/v2\/media\/6601"}],"wp:attachment":[{"href":"https:\/\/grindeks.com\/lv\/wp-json\/wp\/v2\/media?parent=4306"}],"curies":[{"name":"wp","href":"https:\/\/api.w.org\/{rel}","templated":true}]}}