{"id":12331,"date":"2026-04-08T11:17:42","date_gmt":"2026-04-08T08:17:42","guid":{"rendered":"https:\/\/grindeks.com\/?page_id=12331"},"modified":"2026-04-09T11:50:21","modified_gmt":"2026-04-09T08:50:21","slug":"jaunu-gatavo-zalu-formu-izstrades-un-bioekvivalences-petijumi","status":"publish","type":"page","link":"https:\/\/grindeks.com\/lv\/jaunu-gatavo-zalu-formu-izstrades-un-bioekvivalences-petijumi\/","title":{"rendered":"Jaunu patentbr\u012bvo z\u0101\u013cu formu bioekvivalences p\u0113t\u012bjumi"},"content":{"rendered":"\n<figure class=\"wp-block-image size-full\"><img decoding=\"async\" width=\"303\" height=\"170\" src=\"https:\/\/grindeks.com\/wp-content\/uploads\/2023\/10\/Picture1.gif\" alt=\"\" class=\"wp-image-10306\" title=\"\"><\/figure>\n\n\n\n<p><strong>Jaunu patentbr\u012bvo z\u0101\u013cu formu bioekvivalences p\u0113t\u012bjumi<\/strong><\/p>\n\n\n\n<p>2025. gada 17. decembr\u012b SIA \u201cFarm\u0101cijas, biomedic\u012bnas un medic\u012bnas tehnolo\u0123iju Kompetences centrs\u201d (turpm\u0101k tekst\u0101 \u2013 Kompetences centrs) ar Centr\u0101lo finan\u0161u un l\u012bgumu a\u0123ent\u016bru (turpm\u0101k tekst\u0101 \u2013 A\u0123ent\u016bra) ir nosl\u0113gusi l\u012bgumu par projekta \u201cJaunu gatavo z\u0101\u013cu formu izstr\u0101des un bioekvivalences p\u0113t\u012bjumi\u201d \u012bsteno\u0161anu, Projekta L\u012bgums Nr. 5.1.1.2.i.0\/2\/24\/A\/CFLA\/005 (turpm\u0101k tekst\u0101 \u2013 Projekts).<\/p>\n\n\n\n<p><br>P\u0113tniec\u012bbas projekta \u201cJaunu patentbr\u012bvo z\u0101\u013cu formu bioekvivalences p\u0113t\u012bjumi\u201d ietvaros tiek pl\u0101nots \u012bstenot vair\u0101ku jaunu AS \u201cGrindeks\u201d gatavo z\u0101\u013cu formu izstr\u0101des p\u0113t\u012bjumus. Projekta ietvaros paredz\u0113ts ar\u012b veikt patentbr\u012bvo z\u0101\u013cu formu bioekvivalences p\u0113t\u012bjumus.<\/p>\n\n\n\n<p>Jaunu AS \u201cGrindeks\u201d patentbr\u012bvo z\u0101\u013cu formu bioekvivalences p\u0113t\u012bjumi tiks veikti ar m\u0113r\u0137i, lai pier\u0101d\u012btu vismaz 3 (tr\u012bs) jauno AS \u201cGrindeks\u201d izstr\u0101d\u0101to medikamentu l\u012bdz\u012bbu ori\u0123in\u0101laj\u0101m (references) z\u0101l\u0113m un lai nov\u0113rt\u0113tu to lieto\u0161anas dro\u0161umu, iev\u0113rojot sp\u0113k\u0101 eso\u0161\u0101s nacion\u0101lo un starptautisko ties\u012bbu aktu pras\u012bbas. \u0160ie p\u0113t\u012bjumi ir oblig\u0101ts priek\u0161noteikums pilna jauna patentbr\u012bv\u0101 prepar\u0101ta izstr\u0101des un izp\u0113tes cikl\u0101. Ja \u0161ajos p\u0113t\u012bjumos tiks pier\u0101d\u012bta l\u012bdzv\u0113rt\u012bba references z\u0101l\u0113m, jaun\u0101s z\u0101les var\u0113s re\u0123istr\u0113t valsts kompetent\u0101s instit\u016bcij\u0101s un komercializ\u0113t.<\/p>\n\n\n\n<p>Projekta ilgums: 02\/2026-10\/2027<br>Kop\u0113jais bud\u017eets 315 000 EUR;<br>ES finans\u0113jums 78 750 EUR.<\/p>\n\n\n\n<p>Projekta ietvaros AS \u201cGrindeks\u201d realiz\u0113 sekojo\u0161us p\u0113tniec\u012bbas projektus:<\/p>\n\n\n\n<p>Public\u0113ts: 08.04.2026.<\/p>\n","protected":false},"excerpt":{"rendered":"<p>Jaunu patentbr\u012bvo z\u0101\u013cu formu bioekvivalences p\u0113t\u012bjumi 2025. gada 17. decembr\u012b SIA \u201cFarm\u0101cijas, biomedic\u012bnas un medic\u012bnas tehnolo\u0123iju Kompetences centrs\u201d (turpm\u0101k tekst\u0101 \u2013 Kompetences centrs) ar Centr\u0101lo&#8230;<\/p>\n","protected":false},"author":22,"featured_media":6601,"parent":0,"menu_order":0,"comment_status":"closed","ping_status":"closed","template":"","meta":{"_acf_changed":false,"footnotes":""},"class_list":["post-12331","page","type-page","status-publish","has-post-thumbnail","hentry"],"acf":[],"_links":{"self":[{"href":"https:\/\/grindeks.com\/lv\/wp-json\/wp\/v2\/pages\/12331","targetHints":{"allow":["GET"]}}],"collection":[{"href":"https:\/\/grindeks.com\/lv\/wp-json\/wp\/v2\/pages"}],"about":[{"href":"https:\/\/grindeks.com\/lv\/wp-json\/wp\/v2\/types\/page"}],"author":[{"embeddable":true,"href":"https:\/\/grindeks.com\/lv\/wp-json\/wp\/v2\/users\/22"}],"replies":[{"embeddable":true,"href":"https:\/\/grindeks.com\/lv\/wp-json\/wp\/v2\/comments?post=12331"}],"version-history":[{"count":7,"href":"https:\/\/grindeks.com\/lv\/wp-json\/wp\/v2\/pages\/12331\/revisions"}],"predecessor-version":[{"id":12344,"href":"https:\/\/grindeks.com\/lv\/wp-json\/wp\/v2\/pages\/12331\/revisions\/12344"}],"wp:featuredmedia":[{"embeddable":true,"href":"https:\/\/grindeks.com\/lv\/wp-json\/wp\/v2\/media\/6601"}],"wp:attachment":[{"href":"https:\/\/grindeks.com\/lv\/wp-json\/wp\/v2\/media?parent=12331"}],"curies":[{"name":"wp","href":"https:\/\/api.w.org\/{rel}","templated":true}]}}