{"id":12071,"date":"2026-01-23T17:07:37","date_gmt":"2026-01-23T14:07:37","guid":{"rendered":"https:\/\/grindeks.com\/?page_id=12071"},"modified":"2026-01-27T11:44:46","modified_gmt":"2026-01-27T08:44:46","slug":"gatavas-zalu-formas","status":"publish","type":"page","link":"https:\/\/grindeks.com\/lv\/produkts\/gatavas-zalu-formas\/","title":{"rendered":"Gatav\u0101s z\u0101\u013cu formas"},"content":{"rendered":"\n<figure class=\"wp-block-image size-full\"><img decoding=\"async\" width=\"1024\" height=\"391\" src=\"https:\/\/grindeks.com\/wp-content\/uploads\/2026\/01\/gatavas_zalu_formas-1024x391-1.webp\" alt=\"\" class=\"wp-image-12080\" style=\"object-fit:cover\" title=\"\" srcset=\"https:\/\/grindeks.com\/wp-content\/uploads\/2026\/01\/gatavas_zalu_formas-1024x391-1.webp 1024w, https:\/\/grindeks.com\/wp-content\/uploads\/2026\/01\/gatavas_zalu_formas-1024x391-1-300x115.webp 300w, https:\/\/grindeks.com\/wp-content\/uploads\/2026\/01\/gatavas_zalu_formas-1024x391-1-150x57.webp 150w, https:\/\/grindeks.com\/wp-content\/uploads\/2026\/01\/gatavas_zalu_formas-1024x391-1-768x293.webp 768w, https:\/\/grindeks.com\/wp-content\/uploads\/2026\/01\/gatavas_zalu_formas-1024x391-1-480x183.webp 480w, https:\/\/grindeks.com\/wp-content\/uploads\/2026\/01\/gatavas_zalu_formas-1024x391-1-640x244.webp 640w, https:\/\/grindeks.com\/wp-content\/uploads\/2026\/01\/gatavas_zalu_formas-1024x391-1-720x275.webp 720w, https:\/\/grindeks.com\/wp-content\/uploads\/2026\/01\/gatavas_zalu_formas-1024x391-1-960x367.webp 960w\" sizes=\"(max-width: 1024px) 100vw, 1024px\" \/><\/figure>\n\n\n\n<p>Grindeks ra\u017eo gatavas z\u0101\u013cu formas un eksport\u0113 t\u0101s uz vair\u0101k nek\u0101 90 valst\u012bm vis\u0101 pasaul\u0113. Uz\u0146\u0113muma portfel\u012b ir gan ori\u0123in\u0101lz\u0101les, gan augstas kvalit\u0101tes \u0123en\u0113riskie produkti. Grindeks gatavo z\u0101\u013cu formu kl\u0101st\u0101 ietilpst pla\u0161s produktu spektrs \u2013 no cietaj\u0101m farmaceitiskaj\u0101m form\u0101m un injekciju \u0161\u0137\u012bdumiem l\u012bdz zied\u0113m un s\u012brupiem.<\/p>\n\n\n\n<p>\u0160aj\u0101 t\u012bmek\u013cvietn\u0113 ir inform\u0101cija, kas paredz\u0113ta pla\u0161ai auditorijai un var satur\u0113t produktu aprakstus, kas nav pieejami vai der\u012bgi j\u016bsu valst\u012b. M\u0113s neuz\u0146emamies atbild\u012bbu par \u0161\u0101das inform\u0101cijas piek\u013cuvi vai izmanto\u0161anu, ja t\u0101 neatbilst j\u016bsu valsts likumiem, noteikumiem, re\u0123istr\u0101cijas vai lieto\u0161anas pras\u012bb\u0101m.<\/p>\n\n\n\n<p>Inform\u0101cija atbilst medikamenta re\u0123istr\u0101cijai Z\u0101\u013cu valsts a\u0123ent\u016bras Latvijas Z\u0101\u013cu re\u0123istr\u0101.<\/p>\n","protected":false},"excerpt":{"rendered":"<p>Grindeks ra\u017eo gatavas z\u0101\u013cu formas un eksport\u0113 t\u0101s uz vair\u0101k nek\u0101 90 valst\u012bm vis\u0101 pasaul\u0113. Uz\u0146\u0113muma portfel\u012b ir gan ori\u0123in\u0101lz\u0101les, gan augstas kvalit\u0101tes \u0123en\u0113riskie produkti&#8230;.<\/p>\n","protected":false},"author":19,"featured_media":6603,"parent":5579,"menu_order":0,"comment_status":"closed","ping_status":"closed","template":"","meta":{"_acf_changed":false,"footnotes":""},"class_list":["post-12071","page","type-page","status-publish","has-post-thumbnail","hentry"],"acf":[],"_links":{"self":[{"href":"https:\/\/grindeks.com\/lv\/wp-json\/wp\/v2\/pages\/12071","targetHints":{"allow":["GET"]}}],"collection":[{"href":"https:\/\/grindeks.com\/lv\/wp-json\/wp\/v2\/pages"}],"about":[{"href":"https:\/\/grindeks.com\/lv\/wp-json\/wp\/v2\/types\/page"}],"author":[{"embeddable":true,"href":"https:\/\/grindeks.com\/lv\/wp-json\/wp\/v2\/users\/19"}],"replies":[{"embeddable":true,"href":"https:\/\/grindeks.com\/lv\/wp-json\/wp\/v2\/comments?post=12071"}],"version-history":[{"count":4,"href":"https:\/\/grindeks.com\/lv\/wp-json\/wp\/v2\/pages\/12071\/revisions"}],"predecessor-version":[{"id":12090,"href":"https:\/\/grindeks.com\/lv\/wp-json\/wp\/v2\/pages\/12071\/revisions\/12090"}],"up":[{"embeddable":true,"href":"https:\/\/grindeks.com\/lv\/wp-json\/wp\/v2\/pages\/5579"}],"wp:featuredmedia":[{"embeddable":true,"href":"https:\/\/grindeks.com\/lv\/wp-json\/wp\/v2\/media\/6603"}],"wp:attachment":[{"href":"https:\/\/grindeks.com\/lv\/wp-json\/wp\/v2\/media?parent=12071"}],"curies":[{"name":"wp","href":"https:\/\/api.w.org\/{rel}","templated":true}]}}