{"id":10853,"date":"2024-12-09T10:05:02","date_gmt":"2024-12-09T07:05:02","guid":{"rendered":"https:\/\/grindeks.com\/?page_id=10853"},"modified":"2025-11-25T10:41:07","modified_gmt":"2025-11-25T07:41:07","slug":"grindeks-registretas-vairumtirdzniecibas-pardosanas-cenas","status":"publish","type":"page","link":"https:\/\/grindeks.com\/lv\/produkts\/grindeks-registretas-vairumtirdzniecibas-pardosanas-cenas\/","title":{"rendered":"Grindeks re\u0123istr\u0113t\u0101s vairumtirdzniec\u012bbas p\u0101rdo\u0161anas cenas"},"content":{"rendered":"\n<p>Ar maksim\u0101li pie\u013caujamo z\u0101\u013cu cenu pacientiem iesp\u0113jams iepaz\u012bties ZVA m\u0101jas lap\u0101 <a href=\"http:\/\/www.zva.gov.lv\" target=\"_blank\" rel=\"noopener\"><strong>www.zva.gov.lv<\/strong><\/a><\/p>\n\n\n\n<p>AS &#8220;Grindeks&#8221; nav ties\u012bgs izplat\u012bt z\u0101les pacientiem. Pacienti z\u0101les var ieg\u0101d\u0101ties tikai un vien\u012bgi aptiek\u0101s, konsult\u0113joties ar \u0101rstu vai farmaceitu.<\/p>\n\n\n\n<div data-wp-interactive=\"core\/file\" class=\"wp-block-file\"><object data-wp-bind--hidden=\"!state.hasPdfPreview\" hidden class=\"wp-block-file__embed\" data=\"https:\/\/grindeks.com\/wp-content\/uploads\/2025\/11\/Grindeks_cenu_lapa_Latvija_2026.pdf\" type=\"application\/pdf\" style=\"width:100%;height:600px\" aria-label=\"Embed of Grindeks_cenu_lapa_Latvija_2026.\"><\/object><a id=\"wp-block-file--media-c0639d0c-3ff8-48fc-9217-1374006286a8\" href=\"https:\/\/grindeks.com\/wp-content\/uploads\/2025\/11\/Grindeks_cenu_lapa_Latvija_2026.pdf\">Grindeks_cenu_lapa_Latvija_2026<\/a><a href=\"https:\/\/grindeks.com\/wp-content\/uploads\/2025\/11\/Grindeks_cenu_lapa_Latvija_2026.pdf\" class=\"wp-block-file__button wp-element-button\" aria-describedby=\"wp-block-file--media-c0639d0c-3ff8-48fc-9217-1374006286a8\" download>Lejupiel\u0101d\u0113t<\/a><\/div>\n\n\n\n<p>AS &#8220;Grindeks&#8221; izplata visas Latvij\u0101 re\u0123istr\u0113t\u0101s z\u0101les, k\u0101 ar\u012b nere\u0123istr\u0113tas z\u0101les normat\u012bvajos aktos noteiktajos gad\u012bjumos.<\/p>\n\n\n\n<p>Public\u0113tas cenas ir vairumtirdzniec\u012bbas cenas, par k\u0101d\u0101m z\u0101les tiek p\u0101rdotas aptiek\u0101m un cit\u0101m juridisk\u0101m person\u0101m, kam ir ties\u012bbas ieg\u0101d\u0101ties z\u0101les vairum\u0101<\/p>\n\n\n\n<p><\/p>\n","protected":false},"excerpt":{"rendered":"<p>Ar maksim\u0101li pie\u013caujamo z\u0101\u013cu cenu pacientiem iesp\u0113jams iepaz\u012bties ZVA m\u0101jas lap\u0101 www.zva.gov.lv AS &#8220;Grindeks&#8221; nav ties\u012bgs izplat\u012bt z\u0101les pacientiem. Pacienti z\u0101les var ieg\u0101d\u0101ties tikai un&#8230;<\/p>\n","protected":false},"author":6,"featured_media":6601,"parent":5579,"menu_order":0,"comment_status":"closed","ping_status":"closed","template":"","meta":{"_acf_changed":false,"footnotes":""},"class_list":["post-10853","page","type-page","status-publish","has-post-thumbnail","hentry"],"acf":[],"_links":{"self":[{"href":"https:\/\/grindeks.com\/lv\/wp-json\/wp\/v2\/pages\/10853","targetHints":{"allow":["GET"]}}],"collection":[{"href":"https:\/\/grindeks.com\/lv\/wp-json\/wp\/v2\/pages"}],"about":[{"href":"https:\/\/grindeks.com\/lv\/wp-json\/wp\/v2\/types\/page"}],"author":[{"embeddable":true,"href":"https:\/\/grindeks.com\/lv\/wp-json\/wp\/v2\/users\/6"}],"replies":[{"embeddable":true,"href":"https:\/\/grindeks.com\/lv\/wp-json\/wp\/v2\/comments?post=10853"}],"version-history":[{"count":7,"href":"https:\/\/grindeks.com\/lv\/wp-json\/wp\/v2\/pages\/10853\/revisions"}],"predecessor-version":[{"id":11809,"href":"https:\/\/grindeks.com\/lv\/wp-json\/wp\/v2\/pages\/10853\/revisions\/11809"}],"up":[{"embeddable":true,"href":"https:\/\/grindeks.com\/lv\/wp-json\/wp\/v2\/pages\/5579"}],"wp:featuredmedia":[{"embeddable":true,"href":"https:\/\/grindeks.com\/lv\/wp-json\/wp\/v2\/media\/6601"}],"wp:attachment":[{"href":"https:\/\/grindeks.com\/lv\/wp-json\/wp\/v2\/media?parent=10853"}],"curies":[{"name":"wp","href":"https:\/\/api.w.org\/{rel}","templated":true}]}}