{"id":10779,"date":"2024-10-29T10:08:03","date_gmt":"2024-10-29T07:08:03","guid":{"rendered":"https:\/\/grindeks.com\/?page_id=10779"},"modified":"2026-03-16T16:33:36","modified_gmt":"2026-03-16T13:33:36","slug":"informacija-apaksuznemumiem","status":"publish","type":"page","link":"https:\/\/grindeks.com\/lv\/informacija-apaksuznemumiem\/","title":{"rendered":"Inform\u0101cija apak\u0161uz\u0146\u0113mumiem"},"content":{"rendered":"\n<div data-wp-interactive=\"core\/file\" class=\"wp-block-file\"><object data-wp-bind--hidden=\"!state.hasPdfPreview\" hidden class=\"wp-block-file__embed\" data=\"https:\/\/grindeks.com\/wp-content\/uploads\/2025\/01\/Prezentacija_arpakalpojumi_compressed.pdf\" type=\"application\/pdf\" style=\"width:100%;height:498px\" aria-label=\"Embed of Ievadapm\u0101c\u012bba viesstr\u0101dniekiem.\"><\/object><a id=\"wp-block-file--media-723fd4b0-a4e4-4181-b3f7-f649299c0ef0\" href=\"https:\/\/grindeks.com\/wp-content\/uploads\/2025\/01\/Prezentacija_arpakalpojumi_compressed.pdf\">Ievadapm\u0101c\u012bba viesstr\u0101dniekiem<\/a><a href=\"https:\/\/grindeks.com\/wp-content\/uploads\/2025\/01\/Prezentacija_arpakalpojumi_compressed.pdf\" class=\"wp-block-file__button wp-element-button\" download aria-describedby=\"wp-block-file--media-723fd4b0-a4e4-4181-b3f7-f649299c0ef0\">Lejupiel\u0101d\u0113t<\/a><\/div>\n\n\n\n<p><\/p>\n\n\n\n<h3 class=\"wp-block-heading\">Video par inform\u0101ciju apak\u0161uz\u0146\u0113mumiem <strong><a href=\"https:\/\/youtu.be\/R6m4tlbhIXo\" target=\"_blank\" rel=\"noopener\">skaties \u0161eit<\/a>.<\/strong><\/h3>\n\n\n\n<p><\/p>\n","protected":false},"excerpt":{"rendered":"<p>Video par inform\u0101ciju apak\u0161uz\u0146\u0113mumiem skaties \u0161eit.<\/p>\n","protected":false},"author":6,"featured_media":6601,"parent":0,"menu_order":0,"comment_status":"closed","ping_status":"closed","template":"","meta":{"_acf_changed":false,"footnotes":""},"class_list":["post-10779","page","type-page","status-publish","has-post-thumbnail","hentry"],"acf":[],"_links":{"self":[{"href":"https:\/\/grindeks.com\/lv\/wp-json\/wp\/v2\/pages\/10779","targetHints":{"allow":["GET"]}}],"collection":[{"href":"https:\/\/grindeks.com\/lv\/wp-json\/wp\/v2\/pages"}],"about":[{"href":"https:\/\/grindeks.com\/lv\/wp-json\/wp\/v2\/types\/page"}],"author":[{"embeddable":true,"href":"https:\/\/grindeks.com\/lv\/wp-json\/wp\/v2\/users\/6"}],"replies":[{"embeddable":true,"href":"https:\/\/grindeks.com\/lv\/wp-json\/wp\/v2\/comments?post=10779"}],"version-history":[{"count":6,"href":"https:\/\/grindeks.com\/lv\/wp-json\/wp\/v2\/pages\/10779\/revisions"}],"predecessor-version":[{"id":12209,"href":"https:\/\/grindeks.com\/lv\/wp-json\/wp\/v2\/pages\/10779\/revisions\/12209"}],"wp:featuredmedia":[{"embeddable":true,"href":"https:\/\/grindeks.com\/lv\/wp-json\/wp\/v2\/media\/6601"}],"wp:attachment":[{"href":"https:\/\/grindeks.com\/lv\/wp-json\/wp\/v2\/media?parent=10779"}],"curies":[{"name":"wp","href":"https:\/\/api.w.org\/{rel}","templated":true}]}}