{"id":10559,"date":"2024-04-29T12:51:02","date_gmt":"2024-04-29T09:51:02","guid":{"rendered":"https:\/\/grindeks.com\/?page_id=10559"},"modified":"2024-04-29T15:11:49","modified_gmt":"2024-04-29T12:11:49","slug":"latvijas-dzivibas-zinatnu-nozares-attistibas-sadarbibas-tikls","status":"publish","type":"page","link":"https:\/\/grindeks.com\/lv\/latvijas-dzivibas-zinatnu-nozares-attistibas-sadarbibas-tikls\/","title":{"rendered":"Latvijas Dz\u012bv\u012bbas zin\u0101t\u0146u nozares att\u012bst\u012bbas sadarb\u012bbas t\u012bkls"},"content":{"rendered":"\n<p>2024.gada 22.apr\u012bl\u012b biedr\u012bba \u201cLatvijas \u0136\u012bmijas un farm\u0101cijas uz\u0146\u0113m\u0113ju asoci\u0101cija\u201d (turpm\u0101k &#8211; biedr\u012bba) un Centr\u0101l\u0101 finan\u0161u un l\u012bgumu a\u0123ent\u016bra parakst\u012bja L\u012bgumu par Eiropas Savien\u012bbas Atvese\u013co\u0161anas fonda projekta \u201cLatvijas Dz\u012bv\u012bbas zin\u0101t\u0146u nozares att\u012bst\u012bbas sadarb\u012bbas t\u012bkla p\u0113tniec\u012bbas un internacionaliz\u0101cijas veicin\u0101\u0161ana\u201d ievie\u0161anu, Projekta nr. Nr.&nbsp;5.1.1.2.i.0\/3\/24\/A\/CFLA\/003 (turpm\u0101k \u2013 Projekts).<\/p>\n\n\n\n<p>Projekta \u012bsteno\u0161ana notiek sadarb\u012bbas t\u012bkla veid\u0101. Sadarb\u012bbas t\u012bklu veido vair\u0101k k\u0101 30 uz\u0146\u0113mumi, t.sk. AS \u201cGrindeks\u201d, vismaz viena p\u0113tniecisk\u0101 organiz\u0101cija un biedr\u012bba.<\/p>\n\n\n\n<p><strong>Projekts tiek \u012bstenots sekojo\u0161\u0101s RIS3 jom\u0101s:<\/strong><\/p>\n\n\n\n<ul class=\"wp-block-list\">\n<li>Biomedic\u012bna, medic\u012bnas tehnolo\u0123ijas, biofarm\u0101cija un biotehnolo\u0123ijas;&nbsp;<\/li>\n\n\n\n<li>Viedie materi\u0101li, tehnolo\u0123ijas un in\u017eeniersist\u0113mas;<\/li>\n\n\n\n<li>Inform\u0101cijas un komunik\u0101ciju tehnolo\u0123ijas.<\/li>\n<\/ul>\n\n\n\n<p>Projekta ietvaros pl\u0101not\u0101s aktivit\u0101tes ir v\u0113rstas uz jomas presti\u017ea cel\u0161anu un atbilsto\u0161as motiv\u0101cijas sist\u0113mas izveidi, sadarb\u012bbas t\u012bkla izveidi un darb\u012bbu, starptautisk\u0101s sadarb\u012bbas un eksporta apjoma pieauguma veicin\u0101\u0161anu.<\/p>\n\n\n\n<p>Projekts tie\u0161i veicin\u0101s sadarb\u012bbas t\u012bkla dal\u012bbnieku pieeju starptautiskajiem tirgiem, stiprin\u0101s nozares starptautisko konkur\u0113tsp\u0113ju, ka ar\u012b veicin\u0101s nozares popularit\u0101ti jaunatnes vid\u016b.<\/p>\n\n\n\n<p>Projekta aktivit\u0101tes ir v\u0113rstas uz sadarb\u012bbas t\u012bkla dal\u012bbnieku internacionaliz\u0101ciju un priv\u0101to p\u0113tniec\u012bbas un att\u012bst\u012bbas invest\u012bciju apjoma palielin\u0101\u0161anu. &nbsp;<\/p>\n\n\n\n<p><strong>Projekta ilgums: <\/strong>16.01.2024. \u2013 30.06.2026.<\/p>\n\n\n\n<p><strong>Projekta kop\u0113jais bud\u017eets:<\/strong> 514\u00a0552 EUR<\/p>\n\n\n\n<p><strong>ES Atvese\u013co\u0161an\u0101s fonda l\u012bdzfinans\u0113jums 85%<\/strong>: 437\u00a0369EUR;<\/p>\n\n\n\n<p><strong>Priv\u0101tais l\u012bdzfinans\u0113jums<\/strong>: 77\u00a0183 EUR.<\/p>\n\n\n\n<figure class=\"wp-block-image size-full is-resized\"><img decoding=\"async\" width=\"848\" height=\"392\" src=\"https:\/\/grindeks.com\/wp-content\/uploads\/2024\/04\/Picture1.jpg\" alt=\"\" class=\"wp-image-10560\" style=\"width:400px;height:auto\" title=\"\" srcset=\"https:\/\/grindeks.com\/wp-content\/uploads\/2024\/04\/Picture1.jpg 848w, https:\/\/grindeks.com\/wp-content\/uploads\/2024\/04\/Picture1-300x139.jpg 300w, https:\/\/grindeks.com\/wp-content\/uploads\/2024\/04\/Picture1-150x69.jpg 150w, https:\/\/grindeks.com\/wp-content\/uploads\/2024\/04\/Picture1-768x355.jpg 768w, https:\/\/grindeks.com\/wp-content\/uploads\/2024\/04\/Picture1-480x222.jpg 480w, https:\/\/grindeks.com\/wp-content\/uploads\/2024\/04\/Picture1-640x296.jpg 640w, https:\/\/grindeks.com\/wp-content\/uploads\/2024\/04\/Picture1-720x333.jpg 720w\" sizes=\"(max-width: 848px) 100vw, 848px\" \/><\/figure>\n","protected":false},"excerpt":{"rendered":"<p>2024.gada 22.apr\u012bl\u012b biedr\u012bba \u201cLatvijas \u0136\u012bmijas un farm\u0101cijas uz\u0146\u0113m\u0113ju asoci\u0101cija\u201d (turpm\u0101k &#8211; biedr\u012bba) un Centr\u0101l\u0101 finan\u0161u un l\u012bgumu a\u0123ent\u016bra parakst\u012bja L\u012bgumu par Eiropas Savien\u012bbas Atvese\u013co\u0161anas fonda&#8230;<\/p>\n","protected":false},"author":6,"featured_media":6601,"parent":0,"menu_order":0,"comment_status":"closed","ping_status":"closed","template":"","meta":{"_acf_changed":false,"footnotes":""},"class_list":["post-10559","page","type-page","status-publish","has-post-thumbnail","hentry"],"acf":[],"_links":{"self":[{"href":"https:\/\/grindeks.com\/lv\/wp-json\/wp\/v2\/pages\/10559","targetHints":{"allow":["GET"]}}],"collection":[{"href":"https:\/\/grindeks.com\/lv\/wp-json\/wp\/v2\/pages"}],"about":[{"href":"https:\/\/grindeks.com\/lv\/wp-json\/wp\/v2\/types\/page"}],"author":[{"embeddable":true,"href":"https:\/\/grindeks.com\/lv\/wp-json\/wp\/v2\/users\/6"}],"replies":[{"embeddable":true,"href":"https:\/\/grindeks.com\/lv\/wp-json\/wp\/v2\/comments?post=10559"}],"version-history":[{"count":4,"href":"https:\/\/grindeks.com\/lv\/wp-json\/wp\/v2\/pages\/10559\/revisions"}],"predecessor-version":[{"id":10569,"href":"https:\/\/grindeks.com\/lv\/wp-json\/wp\/v2\/pages\/10559\/revisions\/10569"}],"wp:featuredmedia":[{"embeddable":true,"href":"https:\/\/grindeks.com\/lv\/wp-json\/wp\/v2\/media\/6601"}],"wp:attachment":[{"href":"https:\/\/grindeks.com\/lv\/wp-json\/wp\/v2\/media?parent=10559"}],"curies":[{"name":"wp","href":"https:\/\/api.w.org\/{rel}","templated":true}]}}