{"id":10499,"date":"2024-04-02T08:59:35","date_gmt":"2024-04-02T05:59:35","guid":{"rendered":"https:\/\/grindeks.com\/?page_id=10499"},"modified":"2026-04-22T09:22:18","modified_gmt":"2026-04-22T06:22:18","slug":"informacija-arpakalpojuma-sniedzejiem","status":"publish","type":"page","link":"https:\/\/grindeks.com\/lv\/informacija-arpakalpojuma-sniedzejiem\/","title":{"rendered":"Inform\u0101cija viesiem un \u0101rpakalpojuma sniedz\u0113jiem"},"content":{"rendered":"\n<div class=\"wp-block-file\"><a id=\"wp-block-file--media-38acbac7-098f-4088-904a-6abe6be62d16\" href=\"https:\/\/grindeks.com\/wp-content\/uploads\/2026\/04\/Gindeks-CA-plans-Krustpils-53-04.2024-saskanota-versija.pdf\">Gindeks civil\u0101s aizsardz\u012bbas pl\u0101ns<\/a><a href=\"https:\/\/grindeks.com\/wp-content\/uploads\/2026\/04\/Gindeks-CA-plans-Krustpils-53-04.2024-saskanota-versija.pdf\" class=\"wp-block-file__button wp-element-button\" download aria-describedby=\"wp-block-file--media-38acbac7-098f-4088-904a-6abe6be62d16\">Lejupiel\u0101d\u0113t<\/a><\/div>\n\n\n\n<div class=\"wp-block-file\"><a id=\"wp-block-file--media-145013b8-73d2-4b52-a165-2a0cb028b30e\" href=\"https:\/\/grindeks.com\/wp-content\/uploads\/2024\/04\/I_K_N_G_T.pdf\">Iek\u0161\u0113j\u0101s k\u0101rt\u012bbas noteikumi<\/a><a href=\"https:\/\/grindeks.com\/wp-content\/uploads\/2024\/04\/I_K_N_G_T.pdf\" class=\"wp-block-file__button wp-element-button\" download aria-describedby=\"wp-block-file--media-145013b8-73d2-4b52-a165-2a0cb028b30e\">Lejupiel\u0101d\u0113t<\/a><\/div>\n\n\n\n<div class=\"wp-block-file\"><a id=\"wp-block-file--media-1001076d-0e3d-4425-b378-e382c6972ba8\" href=\"https:\/\/grindeks.com\/wp-content\/uploads\/2026\/04\/SOP000063.pdf\">R\u012bc\u012bba ugunsgr\u0113ku un citu av\u0101rijas situ\u0101ciju gad\u012bjumos<\/a><a href=\"https:\/\/grindeks.com\/wp-content\/uploads\/2026\/04\/SOP000063.pdf\" class=\"wp-block-file__button wp-element-button\" download aria-describedby=\"wp-block-file--media-1001076d-0e3d-4425-b378-e382c6972ba8\">Lejupiel\u0101d\u0113t<\/a><\/div>\n\n\n\n<div class=\"wp-block-file\"><a id=\"wp-block-file--media-280923c5-55c0-46a9-9b7d-976b2686f770\" href=\"https:\/\/grindeks.com\/wp-content\/uploads\/2026\/04\/SOP000067.pdf\">Ugunsdro\u0161\u012bbas instrukcija<\/a><a href=\"https:\/\/grindeks.com\/wp-content\/uploads\/2026\/04\/SOP000067.pdf\" class=\"wp-block-file__button wp-element-button\" download aria-describedby=\"wp-block-file--media-280923c5-55c0-46a9-9b7d-976b2686f770\">Lejupiel\u0101d\u0113t<\/a><\/div>\n\n\n\n<p class=\"has-black-color has-text-color has-link-color has-small-font-size wp-elements-138f2b70d2c74fa9f53279fea0e1a6c5\">Video par inform\u0101ciju \u0101rpakalpojuma sniedz\u0113jiem <a href=\"https:\/\/www.youtube.com\/watch?v=R6m4tlbhIXo\" target=\"_blank\" rel=\"noopener\"><strong>skaties \u0161eit.<\/strong><\/a><\/p>\n\n\n\n<p><\/p>\n","protected":false},"excerpt":{"rendered":"<p>Video par inform\u0101ciju \u0101rpakalpojuma sniedz\u0113jiem skaties \u0161eit.<\/p>\n","protected":false},"author":6,"featured_media":6601,"parent":0,"menu_order":0,"comment_status":"closed","ping_status":"closed","template":"","meta":{"_acf_changed":false,"footnotes":""},"class_list":["post-10499","page","type-page","status-publish","has-post-thumbnail","hentry"],"acf":[],"_links":{"self":[{"href":"https:\/\/grindeks.com\/lv\/wp-json\/wp\/v2\/pages\/10499","targetHints":{"allow":["GET"]}}],"collection":[{"href":"https:\/\/grindeks.com\/lv\/wp-json\/wp\/v2\/pages"}],"about":[{"href":"https:\/\/grindeks.com\/lv\/wp-json\/wp\/v2\/types\/page"}],"author":[{"embeddable":true,"href":"https:\/\/grindeks.com\/lv\/wp-json\/wp\/v2\/users\/6"}],"replies":[{"embeddable":true,"href":"https:\/\/grindeks.com\/lv\/wp-json\/wp\/v2\/comments?post=10499"}],"version-history":[{"count":10,"href":"https:\/\/grindeks.com\/lv\/wp-json\/wp\/v2\/pages\/10499\/revisions"}],"predecessor-version":[{"id":12402,"href":"https:\/\/grindeks.com\/lv\/wp-json\/wp\/v2\/pages\/10499\/revisions\/12402"}],"wp:featuredmedia":[{"embeddable":true,"href":"https:\/\/grindeks.com\/lv\/wp-json\/wp\/v2\/media\/6601"}],"wp:attachment":[{"href":"https:\/\/grindeks.com\/lv\/wp-json\/wp\/v2\/media?parent=10499"}],"curies":[{"name":"wp","href":"https:\/\/api.w.org\/{rel}","templated":true}]}}