{"id":10443,"date":"2024-03-07T14:18:15","date_gmt":"2024-03-07T11:18:15","guid":{"rendered":"https:\/\/grindeks.com\/?page_id=10443"},"modified":"2024-03-07T16:08:30","modified_gmt":"2024-03-07T13:08:30","slug":"lv_m_001","status":"publish","type":"page","link":"https:\/\/grindeks.com\/lv\/lv_m_001\/","title":{"rendered":"Mildron\u0101ts\u00ae-Grindeks"},"content":{"rendered":"\n<p>Bezrecep\u0161u medikaments. Inform\u0101cija vesel\u012bbas apr\u016bpes speci\u0101listiem. Pilnu inform\u0101ciju par medikamentu skat\u012bt z\u0101\u013cu aprakst\u0101. <\/p>\n\n\n\n<p><strong>Rekl\u0101ma p\u0101rskat\u012bta:<\/strong> 01.03.2024. <br><strong>Rekl\u0101mas dev\u0113js: <\/strong>AS Grindeks<\/p>\n\n\n\n<div data-wp-interactive=\"core\/file\" class=\"wp-block-file\"><object data-wp-bind--hidden=\"!state.hasPdfPreview\" hidden class=\"wp-block-file__embed\" data=\"https:\/\/grindeks.com\/wp-content\/uploads\/2024\/03\/Mildronats-Grindeks_buklets.pdf\" type=\"application\/pdf\" style=\"width:100%;height:600px\" aria-label=\"PDF embed\"><\/object><a href=\"https:\/\/grindeks.com\/wp-content\/uploads\/2024\/03\/Mildronats-Grindeks_buklets.pdf\" class=\"wp-block-file__button wp-element-button\" download>Lejupiel\u0101d\u0113t<\/a><\/div>\n","protected":false},"excerpt":{"rendered":"<p>Bezrecep\u0161u medikaments. Inform\u0101cija vesel\u012bbas apr\u016bpes speci\u0101listiem. Pilnu inform\u0101ciju par medikamentu skat\u012bt z\u0101\u013cu aprakst\u0101. Rekl\u0101ma p\u0101rskat\u012bta: 01.03.2024. Rekl\u0101mas dev\u0113js: AS Grindeks<\/p>\n","protected":false},"author":6,"featured_media":6601,"parent":0,"menu_order":0,"comment_status":"closed","ping_status":"closed","template":"","meta":{"_acf_changed":false,"footnotes":""},"class_list":["post-10443","page","type-page","status-publish","has-post-thumbnail","hentry"],"acf":[],"_links":{"self":[{"href":"https:\/\/grindeks.com\/lv\/wp-json\/wp\/v2\/pages\/10443","targetHints":{"allow":["GET"]}}],"collection":[{"href":"https:\/\/grindeks.com\/lv\/wp-json\/wp\/v2\/pages"}],"about":[{"href":"https:\/\/grindeks.com\/lv\/wp-json\/wp\/v2\/types\/page"}],"author":[{"embeddable":true,"href":"https:\/\/grindeks.com\/lv\/wp-json\/wp\/v2\/users\/6"}],"replies":[{"embeddable":true,"href":"https:\/\/grindeks.com\/lv\/wp-json\/wp\/v2\/comments?post=10443"}],"version-history":[{"count":5,"href":"https:\/\/grindeks.com\/lv\/wp-json\/wp\/v2\/pages\/10443\/revisions"}],"predecessor-version":[{"id":10459,"href":"https:\/\/grindeks.com\/lv\/wp-json\/wp\/v2\/pages\/10443\/revisions\/10459"}],"wp:featuredmedia":[{"embeddable":true,"href":"https:\/\/grindeks.com\/lv\/wp-json\/wp\/v2\/media\/6601"}],"wp:attachment":[{"href":"https:\/\/grindeks.com\/lv\/wp-json\/wp\/v2\/media?parent=10443"}],"curies":[{"name":"wp","href":"https:\/\/api.w.org\/{rel}","templated":true}]}}