{"id":10149,"date":"2023-07-11T10:14:24","date_gmt":"2023-07-11T07:14:24","guid":{"rendered":"https:\/\/staging.grindeks.eu\/?page_id=10149"},"modified":"2026-02-16T17:10:09","modified_gmt":"2026-02-16T14:10:09","slug":"vides-kontroles-laboratorija","status":"publish","type":"page","link":"https:\/\/grindeks.com\/lv\/ilgtspeja\/doma-zali-dari-ka-grindeks\/vides-kontroles-laboratorija\/","title":{"rendered":"Vides kontroles laboratorija"},"content":{"rendered":"\n<p>Vides kontroles laboratorija (VKL) ir Grindeks strukt\u016brvien\u012bba, kas akredit\u0113ta Latvijas Nacion\u0101l\u0101 akredit\u0101cijas biroj\u0101 (LATAK) k\u0101 test\u0113\u0161anas laboratorija no 2012.gada.<\/p>\n\n\n\n<div class=\"wp-block-file\"><a id=\"wp-block-file--media-1ff7f788-17ae-4a9c-9d06-7456f754f892\" href=\"https:\/\/grindeks.com\/wp-content\/uploads\/2025\/04\/Aplieciba_T-464_10.pdf\"><strong>Akredit\u0101cijas apliec\u012bbu iesp\u0113jams apskat\u012bt \u0161eit. <\/strong><\/a><a href=\"https:\/\/grindeks.com\/wp-content\/uploads\/2025\/04\/Aplieciba_T-464_10.pdf\" class=\"wp-block-file__button wp-element-button\" download aria-describedby=\"wp-block-file--media-1ff7f788-17ae-4a9c-9d06-7456f754f892\">Lejupiel\u0101d\u0113t<\/a><\/div>\n\n\n\n<p>Vides kontroles laboratorij\u0101 ir ieviesta un akredit\u0113ta kvalit\u0101tes sist\u0113ma atbilsto\u0161i LVS EN ISO\/IEC 17025:2017 standarta par test\u0113\u0161anas laboratoriju kompetenci pras\u012bb\u0101m. T\u0101 k\u0101 laboratorija ietilpst farmaceitisko produktu ra\u017eo\u0161anas uz\u0146\u0113muma AS \u201eGrindeks\u201d strukt\u016br\u0101, tad taj\u0101 ieviestas Uz\u0146\u0113mum\u0101 eso\u0161\u0101s vad\u012bbas sist\u0113mas atbilsto\u0161i standartu LVS EN 9001, LVS EN ISO 14001, LVS OHSAS 45001 un LVS EN ISO 50001 pras\u012bb\u0101m.<\/p>\n\n\n\n<p>Vides kontroles laboratorijas darb\u012bbas m\u0113r\u0137is ir sniegt kvalitat\u012bvus darba vides riska faktoru noteik\u0161anas pakalpojumus uz\u0146\u0113muma strukt\u016brvien\u012bb\u0101m un \u0101rpakalpojumiem.<\/p>\n\n\n\n<p>Vides kontroles laboratorij\u0101 str\u0101d\u0101 kompetents un pieredz\u0113jis person\u0101ls, t\u0101 ir nodro\u0161in\u0101ta ar jaun\u0101k\u0101s paaudzes m\u0113r\u012b\u0161anas iek\u0101rt\u0101m.<\/p>\n\n\n\n<p><strong>Vides kontroles laboratorija pied\u0101v\u0101 veikt:<\/strong><\/p>\n\n\n\n<ul class=\"wp-block-list\">\n<li>fizik\u0101lo riska faktoru noteik\u0161anu:<\/li>\n\n\n\n<li>trok\u0161\u0146a l\u012bme\u0146a noteik\u0161anu darba vid\u0113;<\/li>\n\n\n\n<li>apgaismojuma m\u0113r\u012bjumus darba viet\u0101s;<\/li>\n\n\n\n<li>mikroklimata (gaisa temperat\u016bras, relat\u012bv\u0101 mitruma, gaisa kust\u012bbas \u0101truma) m\u0113r\u012bjumus darba viet\u0101s;<\/li>\n<\/ul>\n\n\n\n<p><strong>\u0137\u012bmisko riska faktoru noteik\u0161anu:<\/strong><\/p>\n\n\n\n<ul class=\"wp-block-list\">\n<li>augsti akt\u012bvo vielu putek\u013cu kop\u0113j\u0101s masas koncentr\u0101ciju darba vid\u0113;<\/li>\n\n\n\n<li> \u0161\u0137\u012bdin\u0101t\u0101ju un citu gaisto\u0161o organisko savienojumu koncentr\u0101ciju darba vid\u0113;<\/li>\n\n\n\n<li>oglek\u013ca dioks\u012bda koncentr\u0101cijas noteik\u0161anu telp\u0101s;<\/li>\n\n\n\n<li>putek\u013cu koncentr\u0101cijas noteik\u0161ana darba vid\u0113 ar gravimetrijas metodi.<\/li>\n<\/ul>\n\n\n\n<p><strong>Kontakti:<\/strong><\/p>\n\n\n\n<ul class=\"wp-block-list\">\n<li>Grindeks Vides kontroles laboratorija<\/li>\n\n\n\n<li><strong>Atra\u0161an\u0101s vieta:<\/strong> Krustpils iela 53, R\u012bga, LV-1057<\/li>\n\n\n\n<li><strong>T\u0101lrunis:<\/strong> 67083541<\/li>\n\n\n\n<li><strong>E-pasts:<\/strong> <a href=\"mailto:vkl@grindeks.com\">vkl@grindeks.com<\/a><\/li>\n<\/ul>\n\n\n\n<p>Ja nepiecie\u0161ams veikt m\u0113r\u012bjumus, l\u016bdzu sazinieties ar mums.<\/p>\n\n\n\n<p>Vides kontroles laboratorija (VKL) ir Grindeks strukt\u016brvien\u012bba, kas akredit\u0113ta Latvijas Nacion\u0101l\u0101 akredit\u0101cijas biroj\u0101 (LATAK) k\u0101 test\u0113\u0161anas laboratorija no 2012.gada, akredit\u0101cijas apliec\u012bbu iesp\u0113jams (pdf) un aktu\u0101lo Vides kontroles laboratorijas meto\u017eu sarakstu apskat\u012bt pievienotaj\u0101 fail\u0101. <\/p>\n\n\n\n<div class=\"wp-block-file\"><a id=\"wp-block-file--media-50f6ff2f-f67c-4f73-b089-a4d63b4e1dba\" href=\"https:\/\/grindeks.com\/wp-content\/uploads\/2025\/11\/VKL-metozu-saraksts-24.10.2025.pdf\"><strong>VKL metozu saraksts 24.10.2025<\/strong><\/a><a href=\"https:\/\/grindeks.com\/wp-content\/uploads\/2025\/11\/VKL-metozu-saraksts-24.10.2025.pdf\" class=\"wp-block-file__button wp-element-button\" download aria-describedby=\"wp-block-file--media-50f6ff2f-f67c-4f73-b089-a4d63b4e1dba\">Lejupiel\u0101d\u0113t<\/a><\/div>\n\n\n\n<p>&nbsp;&nbsp;&nbsp;&nbsp;&nbsp;&nbsp;&nbsp;&nbsp;&nbsp;&nbsp;&nbsp;&nbsp;&nbsp;&nbsp;&nbsp;&nbsp;&nbsp;&nbsp;&nbsp;&nbsp;&nbsp;&nbsp;&nbsp;&nbsp;&nbsp;&nbsp;&nbsp;&nbsp;&nbsp;&nbsp;&nbsp;&nbsp;&nbsp;&nbsp;&nbsp;&nbsp;&nbsp;&nbsp;&nbsp;&nbsp;&nbsp;&nbsp;&nbsp;&nbsp;&nbsp;&nbsp;&nbsp;&nbsp;&nbsp;&nbsp;&nbsp;&nbsp;&nbsp;&nbsp;&nbsp;&nbsp;&nbsp;&nbsp;&nbsp;&nbsp;&nbsp;&nbsp;&nbsp;&nbsp;&nbsp;&nbsp;&nbsp;&nbsp;&nbsp;&nbsp;&nbsp;&nbsp;&nbsp;&nbsp;&nbsp;&nbsp;&nbsp;<\/p>\n\n\n\n<p><a href=\"https:\/\/forms.gle\/v3TuGgx8xnPpYaaF9\" target=\"_blank\" rel=\"noopener\"><strong>VKL klientu apmierin\u0101t\u012bbas anketu iesp\u0113jams aizpild\u012bt \u0161eit.<\/strong><\/a><\/p>\n\n\n\n<p><\/p>\n","protected":false},"excerpt":{"rendered":"<p>Vides kontroles laboratorija (VKL) ir Grindeks strukt\u016brvien\u012bba, kas akredit\u0113ta Latvijas Nacion\u0101l\u0101 akredit\u0101cijas biroj\u0101 (LATAK) k\u0101 test\u0113\u0161anas laboratorija no 2012.gada. Vides kontroles laboratorij\u0101 ir ieviesta un&#8230;<\/p>\n","protected":false},"author":6,"featured_media":6601,"parent":8588,"menu_order":0,"comment_status":"closed","ping_status":"closed","template":"","meta":{"_acf_changed":false,"footnotes":""},"class_list":["post-10149","page","type-page","status-publish","has-post-thumbnail","hentry"],"acf":[],"_links":{"self":[{"href":"https:\/\/grindeks.com\/lv\/wp-json\/wp\/v2\/pages\/10149","targetHints":{"allow":["GET"]}}],"collection":[{"href":"https:\/\/grindeks.com\/lv\/wp-json\/wp\/v2\/pages"}],"about":[{"href":"https:\/\/grindeks.com\/lv\/wp-json\/wp\/v2\/types\/page"}],"author":[{"embeddable":true,"href":"https:\/\/grindeks.com\/lv\/wp-json\/wp\/v2\/users\/6"}],"replies":[{"embeddable":true,"href":"https:\/\/grindeks.com\/lv\/wp-json\/wp\/v2\/comments?post=10149"}],"version-history":[{"count":12,"href":"https:\/\/grindeks.com\/lv\/wp-json\/wp\/v2\/pages\/10149\/revisions"}],"predecessor-version":[{"id":12183,"href":"https:\/\/grindeks.com\/lv\/wp-json\/wp\/v2\/pages\/10149\/revisions\/12183"}],"up":[{"embeddable":true,"href":"https:\/\/grindeks.com\/lv\/wp-json\/wp\/v2\/pages\/8588"}],"wp:featuredmedia":[{"embeddable":true,"href":"https:\/\/grindeks.com\/lv\/wp-json\/wp\/v2\/media\/6601"}],"wp:attachment":[{"href":"https:\/\/grindeks.com\/lv\/wp-json\/wp\/v2\/media?parent=10149"}],"curies":[{"name":"wp","href":"https:\/\/api.w.org\/{rel}","templated":true}]}}