{"id":10015,"date":"2023-05-24T13:13:36","date_gmt":"2023-05-24T10:13:36","guid":{"rendered":"https:\/\/staging.grindeks.eu\/?page_id=10015"},"modified":"2023-05-24T13:27:16","modified_gmt":"2023-05-24T10:27:16","slug":"grindeks-senioru-diena","status":"publish","type":"page","link":"https:\/\/grindeks.com\/lv\/ilgtspeja\/grindeks-senioru-diena\/","title":{"rendered":"Grindeks senioru diena"},"content":{"rendered":"\n<p>15. maij\u0101, pirmo reizi norisin\u0101j\u0101s Grindeks starptautisk\u0101 labdar\u012bbas diena, kur\u0101 60 seniori no tr\u012bs Latvijas novadiem dev\u0101s uz\u0146\u0113muma organiz\u0113t\u0101, izzino\u0161\u0101 un vesel\u012bg\u0101 ce\u013cojum\u0101 R\u012bgas Zoolo\u0123iskaj\u0101 d\u0101rz\u0101. Pas\u0101kuma dal\u012bbnieki tik\u0101s ar fizioterapeiti, stiprinot zin\u0101\u0161anas par vesel\u012bgu un kust\u012bgu dz\u012bvesveidu.<\/p>\n\n\n\n<p>Grindeks starptautisk\u0101 labdar\u012bbas diena norisin\u0101j\u0101s ne tikai Latvij\u0101, bet ar\u012b uz\u0146\u0113muma p\u0101rst\u0101vniec\u012bb\u0101s \u2013 Moldov\u0101, Lietuv\u0101, Igaunij\u0101, Kirgizst\u0101n\u0101, Kazahst\u0101n\u0101 un Gruzij\u0101. Grindeks darbinieki organiz\u0113ja koncertus un uzvedumus viet\u0113jo veco \u013cau\u017eu pansion\u0101tos, apmekl\u0113ja vientu\u013cus seniorus, sniedzot atbalstu m\u0101jas sol\u012b vai nodro\u0161inot p\u0101rtikas paku ar visnepiecie\u0161am\u0101ko.<\/p>\n\n\n\n<h3 class=\"wp-block-heading\"><strong>K\u0101p\u0113c m\u0113s to dar\u0101m? <\/strong><\/h3>\n\n\n\n<blockquote class=\"wp-block-quote is-layout-flow wp-block-quote-is-layout-flow\">\n<p>K\u0101 vado\u0161ais z\u0101\u013cu ra\u017eot\u0101js Baltij\u0101 lielu uzman\u012bbu v\u0113r\u0161am \u0137\u012bmijas un farm\u0101cijas nozares stiprin\u0101\u0161anai, iesaistoties da\u017e\u0101dos izgl\u012btojo\u0161os un uz att\u012bst\u012bbu v\u0113rstos projektos. M\u016bsu darba pan\u0101kumi ir cie\u0161i saist\u012bti ar ieg\u016bto pieredzi, zin\u0101\u0161an\u0101m un p\u0113ctec\u012bbu. Grindeks starptautisk\u0101 labdar\u012bbas diena ir uz\u0146\u0113muma korporat\u012bv\u0101s soci\u0101l\u0101s atbild\u012bbas lo\u0123isks att\u012bst\u012bbas solis, kur\u0101 v\u0113lamies v\u0113rst starptautisk\u0101s sabiedr\u012bbas uzman\u012bbu uz senioru labkl\u0101j\u012bbu un stiprin\u0101t senioru izpratni par vesel\u012bgu dz\u012bvesstilu,\u201d uzsver <strong>Grindeks valdes priek\u0161s\u0113d\u0113t\u0101js Juris Hme\u013c\u0146ickis.<\/strong><\/p>\n<\/blockquote>\n\n\n\n<h3 class=\"wp-block-heading\"><strong>Grindeks senioru diena 2023<\/strong><\/h3>\n\n\n\n<figure class=\"wp-block-embed is-type-video is-provider-youtube wp-block-embed-youtube wp-embed-aspect-16-9 wp-has-aspect-ratio\"><div class=\"wp-block-embed__wrapper\">\n<iframe title=\"Grindeks senioru diena\" width=\"500\" height=\"281\" src=\"https:\/\/www.youtube.com\/embed\/STbIFB-I_rM?feature=oembed\" frameborder=\"0\" allow=\"accelerometer; autoplay; clipboard-write; encrypted-media; gyroscope; picture-in-picture; web-share\" referrerpolicy=\"strict-origin-when-cross-origin\" allowfullscreen><\/iframe>\n<\/div><\/figure>\n\n\n\n<figure class=\"wp-block-image size-large\"><img decoding=\"async\" width=\"1024\" height=\"682\" src=\"https:\/\/grindeks.com\/wp-content\/uploads\/2023\/05\/image-1024x682.png\" alt=\"\" class=\"wp-image-10023\" title=\"\" srcset=\"https:\/\/grindeks.com\/wp-content\/uploads\/2023\/05\/image-1024x682.png 1024w, https:\/\/grindeks.com\/wp-content\/uploads\/2023\/05\/image-300x200.png 300w, https:\/\/grindeks.com\/wp-content\/uploads\/2023\/05\/image-150x100.png 150w, https:\/\/grindeks.com\/wp-content\/uploads\/2023\/05\/image-768x511.png 768w, https:\/\/grindeks.com\/wp-content\/uploads\/2023\/05\/image-480x320.png 480w, https:\/\/grindeks.com\/wp-content\/uploads\/2023\/05\/image-640x426.png 640w, https:\/\/grindeks.com\/wp-content\/uploads\/2023\/05\/image-720x480.png 720w, https:\/\/grindeks.com\/wp-content\/uploads\/2023\/05\/image-960x639.png 960w, https:\/\/grindeks.com\/wp-content\/uploads\/2023\/05\/image-1168x778.png 1168w, https:\/\/grindeks.com\/wp-content\/uploads\/2023\/05\/image-1440x959.png 1440w, https:\/\/grindeks.com\/wp-content\/uploads\/2023\/05\/image.png 1500w\" sizes=\"(max-width: 1024px) 100vw, 1024px\" \/><\/figure>\n","protected":false},"excerpt":{"rendered":"<p>15. maij\u0101, pirmo reizi norisin\u0101j\u0101s Grindeks starptautisk\u0101 labdar\u012bbas diena, kur\u0101 60 seniori no tr\u012bs Latvijas novadiem dev\u0101s uz\u0146\u0113muma organiz\u0113t\u0101, izzino\u0161\u0101 un vesel\u012bg\u0101 ce\u013cojum\u0101 R\u012bgas Zoolo\u0123iskaj\u0101&#8230;<\/p>\n","protected":false},"author":6,"featured_media":6601,"parent":4641,"menu_order":0,"comment_status":"closed","ping_status":"closed","template":"","meta":{"_acf_changed":false,"footnotes":""},"class_list":["post-10015","page","type-page","status-publish","has-post-thumbnail","hentry"],"acf":[],"_links":{"self":[{"href":"https:\/\/grindeks.com\/lv\/wp-json\/wp\/v2\/pages\/10015","targetHints":{"allow":["GET"]}}],"collection":[{"href":"https:\/\/grindeks.com\/lv\/wp-json\/wp\/v2\/pages"}],"about":[{"href":"https:\/\/grindeks.com\/lv\/wp-json\/wp\/v2\/types\/page"}],"author":[{"embeddable":true,"href":"https:\/\/grindeks.com\/lv\/wp-json\/wp\/v2\/users\/6"}],"replies":[{"embeddable":true,"href":"https:\/\/grindeks.com\/lv\/wp-json\/wp\/v2\/comments?post=10015"}],"version-history":[{"count":0,"href":"https:\/\/grindeks.com\/lv\/wp-json\/wp\/v2\/pages\/10015\/revisions"}],"up":[{"embeddable":true,"href":"https:\/\/grindeks.com\/lv\/wp-json\/wp\/v2\/pages\/4641"}],"wp:featuredmedia":[{"embeddable":true,"href":"https:\/\/grindeks.com\/lv\/wp-json\/wp\/v2\/media\/6601"}],"wp:attachment":[{"href":"https:\/\/grindeks.com\/lv\/wp-json\/wp\/v2\/media?parent=10015"}],"curies":[{"name":"wp","href":"https:\/\/api.w.org\/{rel}","templated":true}]}}