{"id":8593,"date":"2022-09-14T11:07:17","date_gmt":"2022-09-14T08:07:17","guid":{"rendered":"http:\/\/staging.grindeks.eu\/sustentabilidad\/hazte-ecologico-vamos-grindeks\/"},"modified":"2025-08-28T09:28:14","modified_gmt":"2025-08-28T06:28:14","slug":"hazte-ecologico-vamos-grindeks","status":"publish","type":"page","link":"https:\/\/grindeks.com\/es\/sustentabilidad\/hazte-ecologico-vamos-grindeks\/","title":{"rendered":"Hazte ecol\u00f3gico. Vamos Grindeks"},"content":{"rendered":"\n<p><strong>El progreso es imposible sin un cambio de mentalidad: cada uno es responsable de evaluar el uso de los recursos de trabajo necesarios y de clasificar los residuos. Todos nos comprometemos activamente con las cuestiones medioambientales; asumimos por igual la responsabilidad del consumo de energ\u00eda en el d\u00eda a d\u00eda.<\/strong><\/p>\n\n\n\n<p>Como uno de los fabricantes de productos farmac\u00e9uticos m\u00e1s potentes de la regi\u00f3n del B\u00e1ltico, Grindeks es consciente de que la salud de sus pacientes tambi\u00e9n depende en gran medida de un aire fresco y no contaminado, de unas buenas condiciones de vida y de la disponibilidad de recursos naturales. La actitud cuidadosa y responsable hacia la naturaleza y el medio ambiente es otra forma en que Grindeks promueve la salud p\u00fablica y el bienestar.<\/p>\n\n\n\n<p>Aseguramos y controlamos todo el ciclo de vida del producto, desde la investigaci\u00f3n en el laboratorio hasta la entrega de las formas farmac\u00e9uticas finales a los clientes (farmacias, hospitales). El uso sostenible de los recursos, un sistema eficiente de gesti\u00f3n de residuos, un control cuidadoso del ciclo de vida del producto y la transparencia son requisitos obligatorios para el \u00e9xito de las operaciones de Grindeks. Revisamos peri\u00f3dicamente nuestros procesos empresariales internos para identificar posibilidades de mejora e integrar nuevas soluciones innovadoras para una protecci\u00f3n medioambiental m\u00e1s eficaz, de acuerdo con las normas establecidas por la propia &#8220;Grindeks&#8221; y los requisitos de la legislaci\u00f3n internacional.<\/p>\n\n\n\n<p><strong>Alcance de la protecci\u00f3n del medio ambiente<\/strong><\/p>\n\n\n\n<ul class=\"wp-block-list\">\n<li><strong>Consumo de energ\u00eda<\/strong><\/li>\n\n\n\n<li><strong>Consumo de agua<\/strong><\/li>\n\n\n\n<li><strong>Cantidad de residuos<\/strong><\/li>\n\n\n\n<li><strong>Emisi\u00f3n de aire<\/strong><\/li>\n\n\n\n<li><strong>El impacto medioambiental del producto mediante la mejora de su proceso de fabricaci\u00f3n e innovaci\u00f3n<\/strong><\/li>\n<\/ul>\n\n\n\n<p>Nos adherimos a m\u00e1s de 70 actos legislativos vinculantes y requisitos de protecci\u00f3n del medio ambiente; adem\u00e1s, la empresa cuenta con un permiso de categor\u00eda &#8220;A&#8221; para actividades contaminantes expedido por el Servicio Estatal de Medio Ambiente.<\/p>\n\n\n\n<p>El Sistema de Gesti\u00f3n Medioambiental de la empresa est\u00e1 establecido de acuerdo con la Norma LVS EN ISO 14001, mientras que el Sistema de Gesti\u00f3n Energ\u00e9tica se adhiere a la Norma LVS EN ISO 50001. El desarrollo de tecnolog\u00edas respetuosas con el medio ambiente se lleva a cabo de acuerdo con las recomendaciones de la Comisi\u00f3n Europea, que incluyen las mejores soluciones t\u00e9cnicas y tecnol\u00f3gicas disponibles para la aplicaci\u00f3n de procesos de s\u00edntesis org\u00e1nica fina, as\u00ed como la reducci\u00f3n y el reciclaje de las emisiones y los residuos.<\/p>\n\n\n\n<p>Grindeks sigue las directrices de la Comisi\u00f3n Europea sobre las mejores t\u00e9cnicas disponibles y los sectores complementarios de fabricaci\u00f3n de productos farmac\u00e9uticos an\u00e1logos. La empresa tiene un concepto de tratamiento de aguas residuales industriales respetuoso con el medio ambiente con una moderna planta de tratamiento biol\u00f3gico de aguas residuales industriales cerrada. Dentro de la planta de tratamiento funciona un moderno laboratorio en el que se realizan an\u00e1lisis de las aguas residuales y se controla su rendimiento, as\u00ed como la investigaci\u00f3n sobre las mismas.<\/p>\n\n\n\n<figure class=\"wp-block-image size-large\"><img decoding=\"async\" width=\"1024\" height=\"300\" src=\"http:\/\/grindeks.com\/wp-content\/uploads\/2022\/09\/Go-green-1024x300.jpg\" alt=\"\" class=\"wp-image-7450\" title=\"\" srcset=\"https:\/\/grindeks.com\/wp-content\/uploads\/2022\/09\/Go-green-1024x300.jpg 1024w, https:\/\/grindeks.com\/wp-content\/uploads\/2022\/09\/Go-green-300x88.jpg 300w, https:\/\/grindeks.com\/wp-content\/uploads\/2022\/09\/Go-green-150x44.jpg 150w, https:\/\/grindeks.com\/wp-content\/uploads\/2022\/09\/Go-green-768x225.jpg 768w, https:\/\/grindeks.com\/wp-content\/uploads\/2022\/09\/Go-green-480x140.jpg 480w, https:\/\/grindeks.com\/wp-content\/uploads\/2022\/09\/Go-green-640x187.jpg 640w, https:\/\/grindeks.com\/wp-content\/uploads\/2022\/09\/Go-green-720x211.jpg 720w, https:\/\/grindeks.com\/wp-content\/uploads\/2022\/09\/Go-green-960x281.jpg 960w, https:\/\/grindeks.com\/wp-content\/uploads\/2022\/09\/Go-green-1168x342.jpg 1168w, https:\/\/grindeks.com\/wp-content\/uploads\/2022\/09\/Go-green-1440x421.jpg 1440w, https:\/\/grindeks.com\/wp-content\/uploads\/2022\/09\/Go-green.jpg 1500w\" sizes=\"(max-width: 1024px) 100vw, 1024px\" \/><\/figure>\n\n\n\n<p>Desde 2021, Grindeks se centra fuertemente en la digitalizaci\u00f3n. La transformaci\u00f3n digital incluye una revisi\u00f3n de todos los procesos empresariales existentes, desde los procesos internos y las relaciones entre las estructuras empresariales, hasta las relaciones con los clientes, la planificaci\u00f3n empresarial y la investigaci\u00f3n y el desarrollo de nuevos productos.<\/p>\n\n\n\n<p>Las tecnolog\u00edas y las soluciones digitales nos permiten ser m\u00e1s sistem\u00e1ticos y precisos, lo que nos permite ser m\u00e1s eficientes en el cumplimiento de nuestra tarea principal de proporcionar a nuestros pacientes los medicamentos necesarios.<\/p>\n\n\n\n<p><\/p>\n","protected":false},"excerpt":{"rendered":"<p>El progreso es imposible sin un cambio de mentalidad: cada uno es responsable de evaluar el uso de los recursos de trabajo necesarios y de&#8230;<\/p>\n","protected":false},"author":1,"featured_media":6601,"parent":8329,"menu_order":0,"comment_status":"closed","ping_status":"closed","template":"","meta":{"_acf_changed":false,"footnotes":""},"class_list":["post-8593","page","type-page","status-publish","has-post-thumbnail","hentry"],"acf":[],"_links":{"self":[{"href":"https:\/\/grindeks.com\/es\/wp-json\/wp\/v2\/pages\/8593","targetHints":{"allow":["GET"]}}],"collection":[{"href":"https:\/\/grindeks.com\/es\/wp-json\/wp\/v2\/pages"}],"about":[{"href":"https:\/\/grindeks.com\/es\/wp-json\/wp\/v2\/types\/page"}],"author":[{"embeddable":true,"href":"https:\/\/grindeks.com\/es\/wp-json\/wp\/v2\/users\/1"}],"replies":[{"embeddable":true,"href":"https:\/\/grindeks.com\/es\/wp-json\/wp\/v2\/comments?post=8593"}],"version-history":[{"count":1,"href":"https:\/\/grindeks.com\/es\/wp-json\/wp\/v2\/pages\/8593\/revisions"}],"predecessor-version":[{"id":11496,"href":"https:\/\/grindeks.com\/es\/wp-json\/wp\/v2\/pages\/8593\/revisions\/11496"}],"up":[{"embeddable":true,"href":"https:\/\/grindeks.com\/es\/wp-json\/wp\/v2\/pages\/8329"}],"wp:featuredmedia":[{"embeddable":true,"href":"https:\/\/grindeks.com\/es\/wp-json\/wp\/v2\/media\/6601"}],"wp:attachment":[{"href":"https:\/\/grindeks.com\/es\/wp-json\/wp\/v2\/media?parent=8593"}],"curies":[{"name":"wp","href":"https:\/\/api.w.org\/{rel}","templated":true}]}}