{"id":8560,"date":"2022-09-14T09:56:11","date_gmt":"2022-09-14T09:56:11","guid":{"rendered":"http:\/\/staging.grindeks.eu\/sustentabilidad\/derechos-humanos\/"},"modified":"2022-09-14T10:06:43","modified_gmt":"2022-09-14T10:06:43","slug":"derechos-humanos","status":"publish","type":"page","link":"https:\/\/grindeks.com\/es\/sustentabilidad\/derechos-humanos\/","title":{"rendered":"Derechos humanos"},"content":{"rendered":"\n<p><\/p>\n\n<h4 class=\"wp-block-heading\">Respeto de las normas internacionales y de los derechos humanos<\/h4>\n\n<p>Nuestra observancia de las normas internacionales y los derechos humanos se basa en los diez principios del Pacto Mundial de las Naciones Unidas. Abarcan los derechos humanos, la legislaci\u00f3n laboral, la protecci\u00f3n del medio ambiente y las cuestiones de corrupci\u00f3n empresarial. Con estos 10 principios, hemos aplicado con \u00e9xito pr\u00e1cticas de comportamiento socialmente responsable durante muchos a\u00f1os, promoviendo los principios de la \u00e9tica empresarial superior en Letonia y en el extranjero.<\/p>\n\n<p>Ponemos en pr\u00e1ctica principios socialmente responsables en nuestro trabajo, e instamos a otros a seguir estos principios, al tiempo que garantizamos el desarrollo continuo de la sociedad.<\/p>\n\n<p>1. Las empresas deben apoyar y respetar la protecci\u00f3n de los derechos humanos proclamados internacionalmente<\/p>\n\n<p>2. Asegurarse de que no son c\u00f3mplices de violaciones de los derechos humanos<\/p>\n\n<p>3. Las empresas deben defender la libertad de asociaci\u00f3n y el reconocimiento efectivo del derecho a la negociaci\u00f3n colectiva<\/p>\n\n<p>4. La eliminaci\u00f3n de todas las formas de trabajo forzoso y obligatorio<\/p>\n\n<p>5. La abolici\u00f3n efectiva del trabajo infantil<\/p>\n\n<p>6. La eliminaci\u00f3n de la discriminaci\u00f3n en materia de empleo y ocupaci\u00f3n.<\/p>\n\n<p>7. Las empresas deben apoyar un enfoque preventivo ante los retos medioambientales<\/p>\n\n<p>8. Emprender iniciativas para promover una mayor responsabilidad medioambiental<\/p>\n\n<p>9. Fomentar el desarrollo y la difusi\u00f3n de tecnolog\u00edas respetuosas con el medio ambiente<\/p>\n\n<p>10. Las empresas deben trabajar contra la corrupci\u00f3n en todas sus formas, incluidas la extorsi\u00f3n y el soborno<\/p>\n\n<h4 class=\"wp-block-heading\">Igualdad<\/h4>\n\n<p><strong>Igualdad de g\u00e9nero y de edad<\/strong>. La experiencia y los conocimientos son las cualidades de los hombres y mujeres que componen nuestro equipo, y el talento y el trabajo duro son inherentes a nuestros empleados de todas las edades. Nuestros empleados nos inspiran demostrando, con su propio ejemplo, que ni el g\u00e9nero ni la edad juegan un papel decisivo en el puesto que ocupa una persona y en el correcto desempe\u00f1o de sus funciones.<\/p>\n\n<p><strong>Igualdad entre nosotros y los pacientes<\/strong>. La responsabilidad que asumiremos, comprometi\u00e9ndonos en la producci\u00f3n de medicamentos para las personas que los necesitan, compone la apertura, la sencillez y la accesibilidad de la informaci\u00f3n. Somos conscientes de la importancia de la igualdad entre un fabricante y un consumidor de los medicamentos, por lo que estamos abiertos al di\u00e1logo sobre la informaci\u00f3n multilateral de inter\u00e9s para el paciente, reforzando la confianza en la industria farmac\u00e9utica que se ha desarrollado hist\u00f3ricamente para asegurar la disponibilidad de los medicamentos necesarios a todas las personas del mundo.<\/p>\n\n<h4 class=\"wp-block-heading\">C\u00f3digo \u00e9tico<\/h4>\n\n<p>La \u00e9tica desempe\u00f1a un papel fundamental en nuestra sostenibilidad, ya que ayuda a encontrar y definir los principios de nuestro trabajo para que los conocimientos, la experiencia y nuestro \u00e9xito en la farmacia se transmitan a las generaciones futuras, teniendo en cuenta los valores morales de los distintos grupos de personas.<\/p>\n\n<div class=\"wp-block-file\"><a id=\"wp-block-file--media-b774f703-e042-43d7-9bca-dff5f0c2f45c\" href=\"http:\/\/grindeks.com\/wp-content\/uploads\/2022\/09\/2Etikas-standarts-Grindeks-2021-EN.pdf\">C\u00f3digo \u00e9tico de Grindeks<\/a><a href=\"http:\/\/grindeks.com\/wp-content\/uploads\/2022\/09\/2Etikas-standarts-Grindeks-2021-EN.pdf\" class=\"wp-block-file__button\" download=\"\" aria-describedby=\"wp-block-file--media-b774f703-e042-43d7-9bca-dff5f0c2f45c\">Descargar<\/a><\/div>\n","protected":false},"excerpt":{"rendered":"<p>Respeto de las normas internacionales y de los derechos humanos Nuestra observancia de las normas internacionales y los derechos humanos se basa en los diez&#8230;<\/p>\n","protected":false},"author":1,"featured_media":6601,"parent":8329,"menu_order":0,"comment_status":"closed","ping_status":"closed","template":"","meta":{"_acf_changed":false,"footnotes":""},"class_list":["post-8560","page","type-page","status-publish","has-post-thumbnail","hentry"],"acf":[],"_links":{"self":[{"href":"https:\/\/grindeks.com\/es\/wp-json\/wp\/v2\/pages\/8560","targetHints":{"allow":["GET"]}}],"collection":[{"href":"https:\/\/grindeks.com\/es\/wp-json\/wp\/v2\/pages"}],"about":[{"href":"https:\/\/grindeks.com\/es\/wp-json\/wp\/v2\/types\/page"}],"author":[{"embeddable":true,"href":"https:\/\/grindeks.com\/es\/wp-json\/wp\/v2\/users\/1"}],"replies":[{"embeddable":true,"href":"https:\/\/grindeks.com\/es\/wp-json\/wp\/v2\/comments?post=8560"}],"version-history":[{"count":0,"href":"https:\/\/grindeks.com\/es\/wp-json\/wp\/v2\/pages\/8560\/revisions"}],"up":[{"embeddable":true,"href":"https:\/\/grindeks.com\/es\/wp-json\/wp\/v2\/pages\/8329"}],"wp:featuredmedia":[{"embeddable":true,"href":"https:\/\/grindeks.com\/es\/wp-json\/wp\/v2\/media\/6601"}],"wp:attachment":[{"href":"https:\/\/grindeks.com\/es\/wp-json\/wp\/v2\/media?parent=8560"}],"curies":[{"name":"wp","href":"https:\/\/api.w.org\/{rel}","templated":true}]}}