{"id":8515,"date":"2022-08-04T07:43:34","date_gmt":"2022-08-04T07:43:34","guid":{"rendered":"http:\/\/staging.grindeks.eu\/carrera\/bienestar-de-los-empleados\/"},"modified":"2022-09-13T15:40:37","modified_gmt":"2022-09-13T15:40:37","slug":"bienestar-de-los-empleados","status":"publish","type":"page","link":"https:\/\/grindeks.com\/es\/carrera\/bienestar-de-los-empleados\/","title":{"rendered":"Bienestar de los empleados"},"content":{"rendered":"\n<p>M\u0113s apzin\u0101mies, ka vesel\u012bbai ir j\u0101b\u016bt ikviena cilv\u0113ka dz\u012bvesstilam. R\u016bp\u0113joties par darbinieku vesel\u012bbu un labb\u016bt\u012bbu, m\u0113s nodro\u0161in\u0101m vi\u0146iem vesel\u012bbas apr\u016bpes programmu gan vesel\u012bbas profilaksei, gan efekt\u012bvai \u0101rstniec\u012bbai slim\u012bbas gad\u012bjumos. Ar g\u0101d\u012bgu un saudz\u012bgu attieksmi pret darbiniekiem, m\u0113s stiprin\u0101m prasmes r\u016bp\u0113ties par glob\u0101lo sabiedr\u012bbu.<\/p>\n\n<h5 class=\"wp-block-heading\">Filosof\u00eda de la vida cotidiana<\/h5>\n\n<p>M\u016bsu darba rezult\u0101ti tiek sasniegti, pateicoties darbinieku zin\u0101\u0161an\u0101m, pieredzei, entuziasmam un v\u0113lmei pilnveidot vesel\u012bbas apr\u016bpes iesp\u0113jas un pieejam\u012bbu. Kopdarbs ir ne tikai v\u0101rds un nepiecie\u0161am\u012bba, t\u0101 ir m\u016bsu filosofija, kas sak\u0146ojas dzi\u013ci m\u016bsu izpratn\u0113 par savstarp\u0113jo cie\u0146u, str\u0101d\u0101jot kop\u012bgi un vienojot m\u016bs visos amatu un pien\u0101kumu l\u012bme\u0146os. M\u0113s veidojam m\u016bsu darbiniekiem cien\u012bgu darba vidi, defin\u0113jot savstarp\u0113jo cie\u0146u un ikkatra cilv\u0113ka noz\u012bm\u012bgumu k\u0101 ikdienas pamatu.<\/p>\n","protected":false},"excerpt":{"rendered":"<p>M\u0113s apzin\u0101mies, ka vesel\u012bbai ir j\u0101b\u016bt ikviena cilv\u0113ka dz\u012bvesstilam. R\u016bp\u0113joties par darbinieku vesel\u012bbu un labb\u016bt\u012bbu, m\u0113s nodro\u0161in\u0101m vi\u0146iem vesel\u012bbas apr\u016bpes programmu gan vesel\u012bbas profilaksei, gan&#8230;<\/p>\n","protected":false},"author":3,"featured_media":6601,"parent":8311,"menu_order":0,"comment_status":"closed","ping_status":"closed","template":"","meta":{"_acf_changed":false,"footnotes":""},"class_list":["post-8515","page","type-page","status-publish","has-post-thumbnail","hentry"],"acf":[],"_links":{"self":[{"href":"https:\/\/grindeks.com\/es\/wp-json\/wp\/v2\/pages\/8515","targetHints":{"allow":["GET"]}}],"collection":[{"href":"https:\/\/grindeks.com\/es\/wp-json\/wp\/v2\/pages"}],"about":[{"href":"https:\/\/grindeks.com\/es\/wp-json\/wp\/v2\/types\/page"}],"author":[{"embeddable":true,"href":"https:\/\/grindeks.com\/es\/wp-json\/wp\/v2\/users\/3"}],"replies":[{"embeddable":true,"href":"https:\/\/grindeks.com\/es\/wp-json\/wp\/v2\/comments?post=8515"}],"version-history":[{"count":0,"href":"https:\/\/grindeks.com\/es\/wp-json\/wp\/v2\/pages\/8515\/revisions"}],"up":[{"embeddable":true,"href":"https:\/\/grindeks.com\/es\/wp-json\/wp\/v2\/pages\/8311"}],"wp:featuredmedia":[{"embeddable":true,"href":"https:\/\/grindeks.com\/es\/wp-json\/wp\/v2\/media\/6601"}],"wp:attachment":[{"href":"https:\/\/grindeks.com\/es\/wp-json\/wp\/v2\/media?parent=8515"}],"curies":[{"name":"wp","href":"https:\/\/api.w.org\/{rel}","templated":true}]}}