{"id":8456,"date":"2022-07-20T11:21:43","date_gmt":"2022-07-20T11:21:43","guid":{"rendered":"http:\/\/staging.grindeks.eu\/productos\/presente-su-idea\/"},"modified":"2022-09-12T20:28:30","modified_gmt":"2022-09-12T20:28:30","slug":"presente-su-idea","status":"publish","type":"page","link":"https:\/\/grindeks.com\/es\/productos\/presente-su-idea\/","title":{"rendered":"\u00a1Presente su idea!"},"content":{"rendered":"\n<p>Sus ideas son importantes para nosotros y ser\u00e1n revisadas por el equipo de JSC Grindeks. Rellene el siguiente formulario.<\/p>\n\n<p>Este formulario est\u00e1 hecho para que usted presente sus ideas de asociaci\u00f3n y de desarrollo de negocios. Por favor, no comparta su CV y otros datos aqu\u00ed. Para esos fines hay otras partes de la p\u00e1gina web de Grindeks.<\/p>\n<form action=\"https:\/\/grindeks.com\/es\/wp-json\/ws-form\/v1\/submit\" class=\"wsf-form wsf-form-canvas\" id=\"ws-form-1\" data-id=\"14\" method=\"POST\" data-instance-id=\"1\" data-wsf-style-id=\"1\"><\/form>\n","protected":false},"excerpt":{"rendered":"<p>Sus ideas son importantes para nosotros y ser\u00e1n revisadas por el equipo de JSC Grindeks. Rellene el siguiente formulario. Este formulario est\u00e1 hecho para que&#8230;<\/p>\n","protected":false},"author":3,"featured_media":6601,"parent":7872,"menu_order":0,"comment_status":"closed","ping_status":"closed","template":"","meta":{"_acf_changed":false,"footnotes":""},"class_list":["post-8456","page","type-page","status-publish","has-post-thumbnail","hentry"],"acf":[],"_links":{"self":[{"href":"https:\/\/grindeks.com\/es\/wp-json\/wp\/v2\/pages\/8456","targetHints":{"allow":["GET"]}}],"collection":[{"href":"https:\/\/grindeks.com\/es\/wp-json\/wp\/v2\/pages"}],"about":[{"href":"https:\/\/grindeks.com\/es\/wp-json\/wp\/v2\/types\/page"}],"author":[{"embeddable":true,"href":"https:\/\/grindeks.com\/es\/wp-json\/wp\/v2\/users\/3"}],"replies":[{"embeddable":true,"href":"https:\/\/grindeks.com\/es\/wp-json\/wp\/v2\/comments?post=8456"}],"version-history":[{"count":0,"href":"https:\/\/grindeks.com\/es\/wp-json\/wp\/v2\/pages\/8456\/revisions"}],"up":[{"embeddable":true,"href":"https:\/\/grindeks.com\/es\/wp-json\/wp\/v2\/pages\/7872"}],"wp:featuredmedia":[{"embeddable":true,"href":"https:\/\/grindeks.com\/es\/wp-json\/wp\/v2\/media\/6601"}],"wp:attachment":[{"href":"https:\/\/grindeks.com\/es\/wp-json\/wp\/v2\/media?parent=8456"}],"curies":[{"name":"wp","href":"https:\/\/api.w.org\/{rel}","templated":true}]}}