{"id":8446,"date":"2022-07-20T08:54:56","date_gmt":"2022-07-20T08:54:56","guid":{"rendered":"http:\/\/staging.grindeks.eu\/about-us\/historia\/"},"modified":"2022-11-23T08:34:33","modified_gmt":"2022-11-23T08:34:33","slug":"historia","status":"publish","type":"page","link":"https:\/\/grindeks.com\/es\/sobre-nosotros\/historia\/","title":{"rendered":"Historia"},"content":{"rendered":"\n<p>La historia de Grindeks comenz\u00f3 en 1946 en la Planta de Vitaminas y Hormonas, que con los a\u00f1os se convirti\u00f3 en una empresa farmac\u00e9utica integrada verticalmente<\/p>\n\n\n\n<figure class=\"wp-block-embed is-type-video is-provider-youtube wp-block-embed-youtube wp-embed-aspect-16-9 wp-has-aspect-ratio\"><div class=\"wp-block-embed__wrapper\">\n<iframe title=\"Grindeks 75 att\u012bst\u012bbas so\u013ci\" width=\"500\" height=\"281\" src=\"https:\/\/www.youtube.com\/embed\/2m_TRZRQtXY?feature=oembed\" frameborder=\"0\" allow=\"accelerometer; autoplay; clipboard-write; encrypted-media; gyroscope; picture-in-picture; web-share\" referrerpolicy=\"strict-origin-when-cross-origin\" allowfullscreen><\/iframe>\n<\/div><figcaption>Baltijas valstu vado\u0161ais z\u0101\u013cu ra\u017eot\u0101js Grindeks 2021. gada 21. decembr\u012b, atz\u012bm\u0113ja savu 75 gadu jubileju. \u0160o 75 gadu laik\u0101 Grindeks ir k\u013cuvis par glob\u0101lu farm\u0101cijas industrijas uz\u0146\u0113mumu un pal\u012bdz\u0113jis miljoniem pacientu vis\u0101 pasaul\u0113. \u0160is video att\u0113lo m\u016bsu ce\u013cu \u0161o gadu laik\u0101.<\/figcaption><\/figure>\n","protected":false},"excerpt":{"rendered":"<p>La historia de Grindeks comenz\u00f3 en 1946 en la Planta de Vitaminas y Hormonas, que con los a\u00f1os se convirti\u00f3 en una empresa farmac\u00e9utica integrada&#8230;<\/p>\n","protected":false},"author":3,"featured_media":6601,"parent":7639,"menu_order":0,"comment_status":"closed","ping_status":"closed","template":"","meta":{"_acf_changed":false,"footnotes":""},"class_list":["post-8446","page","type-page","status-publish","has-post-thumbnail","hentry"],"acf":[],"_links":{"self":[{"href":"https:\/\/grindeks.com\/es\/wp-json\/wp\/v2\/pages\/8446","targetHints":{"allow":["GET"]}}],"collection":[{"href":"https:\/\/grindeks.com\/es\/wp-json\/wp\/v2\/pages"}],"about":[{"href":"https:\/\/grindeks.com\/es\/wp-json\/wp\/v2\/types\/page"}],"author":[{"embeddable":true,"href":"https:\/\/grindeks.com\/es\/wp-json\/wp\/v2\/users\/3"}],"replies":[{"embeddable":true,"href":"https:\/\/grindeks.com\/es\/wp-json\/wp\/v2\/comments?post=8446"}],"version-history":[{"count":0,"href":"https:\/\/grindeks.com\/es\/wp-json\/wp\/v2\/pages\/8446\/revisions"}],"up":[{"embeddable":true,"href":"https:\/\/grindeks.com\/es\/wp-json\/wp\/v2\/pages\/7639"}],"wp:featuredmedia":[{"embeddable":true,"href":"https:\/\/grindeks.com\/es\/wp-json\/wp\/v2\/media\/6601"}],"wp:attachment":[{"href":"https:\/\/grindeks.com\/es\/wp-json\/wp\/v2\/media?parent=8446"}],"curies":[{"name":"wp","href":"https:\/\/api.w.org\/{rel}","templated":true}]}}