{"id":8439,"date":"2022-07-20T08:37:32","date_gmt":"2022-07-20T05:37:32","guid":{"rendered":"http:\/\/staging.grindeks.eu\/about-us\/gestion\/junta\/"},"modified":"2025-09-09T12:11:31","modified_gmt":"2025-09-09T09:11:31","slug":"junta","status":"publish","type":"page","link":"https:\/\/grindeks.com\/es\/sobre-nosotros\/gestion\/junta\/","title":{"rendered":"Junta"},"content":{"rendered":"\n<p>El Consejo de Administraci\u00f3n de Grindeks est\u00e1 compuesto por profesionales de la empresa con experiencia y expertos del sector, y representa y gestiona las operaciones diarias de la empresa.<\/p>\n\n\n\n<div class=\"wp-block-columns is-layout-flex wp-container-core-columns-is-layout-9d6595d7 wp-block-columns-is-layout-flex\">\n<div class=\"wp-block-column is-layout-flow wp-block-column-is-layout-flow\" style=\"flex-basis:33.33%\">\n<figure class=\"wp-block-image size-large is-style-rounded\"><img decoding=\"async\" width=\"1024\" height=\"1024\" src=\"https:\/\/grindeks.com\/wp-content\/uploads\/2025\/08\/majaslapa-1024x1024.png\" alt=\"\" class=\"wp-image-11393\" title=\"\" srcset=\"https:\/\/grindeks.com\/wp-content\/uploads\/2025\/08\/majaslapa-1024x1024.png 1024w, https:\/\/grindeks.com\/wp-content\/uploads\/2025\/08\/majaslapa-300x300.png 300w, https:\/\/grindeks.com\/wp-content\/uploads\/2025\/08\/majaslapa-150x150.png 150w, https:\/\/grindeks.com\/wp-content\/uploads\/2025\/08\/majaslapa-768x768.png 768w, https:\/\/grindeks.com\/wp-content\/uploads\/2025\/08\/majaslapa-480x480.png 480w, https:\/\/grindeks.com\/wp-content\/uploads\/2025\/08\/majaslapa-640x640.png 640w, https:\/\/grindeks.com\/wp-content\/uploads\/2025\/08\/majaslapa-720x720.png 720w, https:\/\/grindeks.com\/wp-content\/uploads\/2025\/08\/majaslapa-960x960.png 960w, https:\/\/grindeks.com\/wp-content\/uploads\/2025\/08\/majaslapa.png 1080w\" sizes=\"(max-width: 1024px) 100vw, 1024px\" \/><\/figure>\n<\/div>\n\n\n\n<div class=\"wp-block-column is-layout-flow wp-block-column-is-layout-flow\" style=\"flex-basis:66.66%\">\n<h4 class=\"wp-block-heading\">Janis Romanovskis, Presidente del Consejo de Administraci\u00f3n<\/h4>\n\n\n\n<p>Nacido en 1960, se gradu\u00f3 en el Instituto de Ense\u00f1anza Secundaria n\u00ba 1 de Riga, en la Facultad de Econom\u00eda de la Universidad de Letonia y en la Escuela Internacional de Econom\u00eda y Administraci\u00f3n de Empresas de Riga. Janis Romanovskis tambi\u00e9n hab\u00eda trabajado anteriormente en Grindeks como Presidente del Consejo y Director Financiero y Administrativo. A lo largo de su carrera, Romanovskis ha sido Presidente del Consejo de Administraci\u00f3n de las empresas farmac\u00e9uticas Recipe plus y Sentor Farm aptiekas, as\u00ed como Director Financiero de Komerccentrs DATI grupa Ltd. y Jefe de la Unidad de Gesti\u00f3n Financiera de JSC Dati.<\/p>\n<\/div>\n<\/div>\n\n\n\n<div class=\"wp-block-columns is-layout-flex wp-container-core-columns-is-layout-9d6595d7 wp-block-columns-is-layout-flex\">\n<div class=\"wp-block-column is-layout-flow wp-block-column-is-layout-flow\" style=\"flex-basis:33.33%\"><\/div>\n<\/div>\n\n\n\n<p><em>Los miembros del consejo de administraci\u00f3n no poseen acciones de AS Grindeks.<\/em><\/p>\n","protected":false},"excerpt":{"rendered":"<p>El Consejo de Administraci\u00f3n de Grindeks est\u00e1 compuesto por profesionales de la empresa con experiencia y expertos del sector, y representa y gestiona las operaciones&#8230;<\/p>\n","protected":false},"author":3,"featured_media":6601,"parent":8434,"menu_order":0,"comment_status":"closed","ping_status":"closed","template":"","meta":{"_acf_changed":false,"footnotes":""},"class_list":["post-8439","page","type-page","status-publish","has-post-thumbnail","hentry"],"acf":[],"_links":{"self":[{"href":"https:\/\/grindeks.com\/es\/wp-json\/wp\/v2\/pages\/8439","targetHints":{"allow":["GET"]}}],"collection":[{"href":"https:\/\/grindeks.com\/es\/wp-json\/wp\/v2\/pages"}],"about":[{"href":"https:\/\/grindeks.com\/es\/wp-json\/wp\/v2\/types\/page"}],"author":[{"embeddable":true,"href":"https:\/\/grindeks.com\/es\/wp-json\/wp\/v2\/users\/3"}],"replies":[{"embeddable":true,"href":"https:\/\/grindeks.com\/es\/wp-json\/wp\/v2\/comments?post=8439"}],"version-history":[{"count":3,"href":"https:\/\/grindeks.com\/es\/wp-json\/wp\/v2\/pages\/8439\/revisions"}],"predecessor-version":[{"id":11521,"href":"https:\/\/grindeks.com\/es\/wp-json\/wp\/v2\/pages\/8439\/revisions\/11521"}],"up":[{"embeddable":true,"href":"https:\/\/grindeks.com\/es\/wp-json\/wp\/v2\/pages\/8434"}],"wp:featuredmedia":[{"embeddable":true,"href":"https:\/\/grindeks.com\/es\/wp-json\/wp\/v2\/media\/6601"}],"wp:attachment":[{"href":"https:\/\/grindeks.com\/es\/wp-json\/wp\/v2\/media?parent=8439"}],"curies":[{"name":"wp","href":"https:\/\/api.w.org\/{rel}","templated":true}]}}