{"id":8437,"date":"2022-07-20T08:35:52","date_gmt":"2022-07-20T05:35:52","guid":{"rendered":"http:\/\/staging.grindeks.eu\/about-us\/gestion\/consejo-de-supervision\/"},"modified":"2025-09-03T13:21:47","modified_gmt":"2025-09-03T10:21:47","slug":"consejo-de-supervision","status":"publish","type":"page","link":"https:\/\/grindeks.com\/es\/sobre-nosotros\/gestion\/consejo-de-supervision\/","title":{"rendered":"Consejo de Supervisi\u00f3n"},"content":{"rendered":"\n<p>El Consejo de Supervisi\u00f3n de Grindeks re\u00fane a profesionales de los negocios con una importante experiencia en el entorno empresarial internacional y representa los intereses de los accionistas y, dentro del orden establecido en los estatutos de la empresa, supervisa las medidas adoptadas y planificadas por el Consejo con el inter\u00e9s del desarrollo futuro de la empresa.<\/p>\n\n\n\n<div class=\"wp-block-columns is-layout-flex wp-container-core-columns-is-layout-9d6595d7 wp-block-columns-is-layout-flex\">\n<div class=\"wp-block-column is-layout-flow wp-block-column-is-layout-flow\" style=\"flex-basis:33.33%\">\n<div class=\"wp-block-group\"><div class=\"wp-block-group__inner-container is-layout-flow wp-block-group-is-layout-flow\">\n<div class=\"wp-block-columns is-layout-flex wp-container-core-columns-is-layout-9d6595d7 wp-block-columns-is-layout-flex\">\n<div class=\"wp-block-column is-layout-flow wp-block-column-is-layout-flow\" style=\"flex-basis:100%\">\n<figure class=\"wp-block-image size-full is-style-rounded\"><img decoding=\"async\" width=\"300\" height=\"300\" src=\"http:\/\/grindeks.com\/wp-content\/uploads\/2022\/08\/kirovs-lipmans-padome-akcionars_300x300_acf_cropped-1.jpeg\" alt=\"\" class=\"wp-image-7262\" title=\"\" srcset=\"https:\/\/grindeks.com\/wp-content\/uploads\/2022\/08\/kirovs-lipmans-padome-akcionars_300x300_acf_cropped-1.jpeg 300w, https:\/\/grindeks.com\/wp-content\/uploads\/2022\/08\/kirovs-lipmans-padome-akcionars_300x300_acf_cropped-1-150x150.jpeg 150w\" sizes=\"(max-width: 300px) 100vw, 300px\" \/><\/figure>\n<\/div>\n<\/div>\n<\/div><\/div>\n<\/div>\n\n\n\n<div class=\"wp-block-column is-layout-flow wp-block-column-is-layout-flow\" style=\"flex-basis:66.66%\">\n<h4 class=\"wp-block-heading\">Kirovs Lipmans, Presidente del Consejo<\/h4>\n\n\n\n<p>Naci\u00f3 en 1940. Kirovs Lipmans es presidente del Consejo de Grindeks desde 2003. Simult\u00e1neamente, K. Lipmans es tambi\u00e9n miembro del Comit\u00e9 Ejecutivo del Comit\u00e9 Ol\u00edmpico de Letonia, presidente del Consejo de JSC Kalceks y de la planta farmac\u00e9utica de JSC Tallinn, y presidente del Consejo de Ltd. Liplat Holding, principal accionista de JSC Grindeks. K. Lipmans se gradu\u00f3 en el Instituto de Ingenier\u00eda Ferroviaria y de Transportes de Leningrado y en la Facultad de Econ\u00f3micas de la Universidad de Letonia, obteniendo el t\u00edtulo de Ingeniero-Economista.<\/p>\n<\/div>\n<\/div>\n\n\n\n<div class=\"wp-block-columns is-layout-flex wp-container-core-columns-is-layout-9d6595d7 wp-block-columns-is-layout-flex\">\n<div class=\"wp-block-column is-layout-flow wp-block-column-is-layout-flow\" style=\"flex-basis:33.33%\">\n<div class=\"wp-block-columns is-layout-flex wp-container-core-columns-is-layout-9d6595d7 wp-block-columns-is-layout-flex\">\n<div class=\"wp-block-column is-layout-flow wp-block-column-is-layout-flow\" style=\"flex-basis:100%\">\n<figure class=\"wp-block-image size-full is-style-rounded\"><img decoding=\"async\" width=\"300\" height=\"300\" src=\"http:\/\/grindeks.com\/wp-content\/uploads\/2022\/08\/Anna_Lipmane_300x300_acf_cropped-1.jpeg\" alt=\"\" class=\"wp-image-7263\" title=\"\" srcset=\"https:\/\/grindeks.com\/wp-content\/uploads\/2022\/08\/Anna_Lipmane_300x300_acf_cropped-1.jpeg 300w, https:\/\/grindeks.com\/wp-content\/uploads\/2022\/08\/Anna_Lipmane_300x300_acf_cropped-1-150x150.jpeg 150w\" sizes=\"(max-width: 300px) 100vw, 300px\" \/><\/figure>\n<\/div>\n<\/div>\n<\/div>\n\n\n\n<div class=\"wp-block-column is-layout-flow wp-block-column-is-layout-flow\" style=\"flex-basis:66.66%\">\n<h4 class=\"wp-block-heading\">Anna Lipmane, miembro del Consejo<\/h4>\n\n\n\n<p>Naci\u00f3 en 1948. Anna Lipmane es miembro del Consejo de JSC Grindeks desde 2008. A. Lipmane es m\u00e9dico neur\u00f3logo titulado y miembro de la Asociaci\u00f3n M\u00e9dica de Letonia, la Asociaci\u00f3n Letona de Internistas, la Sociedad Letona de Cardiolog\u00eda y la Asociaci\u00f3n Letona de Neur\u00f3logos. Al mismo tiempo, A. Lipmane es miembro del Consejo de JSC Tallinn Pharmaceutical Plant y miembro del Consejo de Ltd. Liplat Holding, principal accionista de JSC Grindeks.<\/p>\n<\/div>\n<\/div>\n\n\n\n<div class=\"wp-block-columns is-layout-flex wp-container-core-columns-is-layout-9d6595d7 wp-block-columns-is-layout-flex\">\n<div class=\"wp-block-column is-layout-flow wp-block-column-is-layout-flow\" style=\"flex-basis:33.33%\">\n<figure class=\"wp-block-image size-full is-style-rounded\"><img decoding=\"async\" width=\"300\" height=\"300\" src=\"http:\/\/grindeks.com\/wp-content\/uploads\/2022\/08\/Filips-Lipmans_300x300_acf_cropped-1.jpeg\" alt=\"\" class=\"wp-image-7264\" title=\"\" srcset=\"https:\/\/grindeks.com\/wp-content\/uploads\/2022\/08\/Filips-Lipmans_300x300_acf_cropped-1.jpeg 300w, https:\/\/grindeks.com\/wp-content\/uploads\/2022\/08\/Filips-Lipmans_300x300_acf_cropped-1-150x150.jpeg 150w\" sizes=\"(max-width: 300px) 100vw, 300px\" \/><\/figure>\n<\/div>\n\n\n\n<div class=\"wp-block-column is-layout-flow wp-block-column-is-layout-flow\" style=\"flex-basis:66.66%\">\n<h4 class=\"wp-block-heading\">Filips Lipmans, Vicepresident del Consejo<\/h4>\n\n\n\n<p>Naci\u00f3 en 1978. Se gradu\u00f3 en la Facultad de Econom\u00eda y Gesti\u00f3n de la Universidad de Letonia, obteniendo un m\u00e1ster en Ciencias de la Gesti\u00f3n. F. Lipmans es asesor del Presidente del Consejo de Administraci\u00f3n de JSC Grindeks desde 2004. Al mismo tiempo, el Sr. Lipmans es tambi\u00e9n miembro del Consejo de JSC Kalceks y de JSC Tallinn Pharmaceutical Plant, as\u00ed como miembro del Consejo de Ltd. Namu apsaimnieko\u0161anas projekti y Ltd. Liplat Holding, principal accionista de JSC Grindeks.<\/p>\n<\/div>\n<\/div>\n\n\n\n<p>Los miembros del consejo de supervisi\u00f3n no poseen acciones de JSC Grindeks.<\/p>\n","protected":false},"excerpt":{"rendered":"<p>El Consejo de Supervisi\u00f3n de Grindeks re\u00fane a profesionales de los negocios con una importante experiencia en el entorno empresarial internacional y representa los intereses&#8230;<\/p>\n","protected":false},"author":3,"featured_media":6601,"parent":8434,"menu_order":0,"comment_status":"closed","ping_status":"closed","template":"","meta":{"_acf_changed":false,"footnotes":""},"class_list":["post-8437","page","type-page","status-publish","has-post-thumbnail","hentry"],"acf":[],"_links":{"self":[{"href":"https:\/\/grindeks.com\/es\/wp-json\/wp\/v2\/pages\/8437","targetHints":{"allow":["GET"]}}],"collection":[{"href":"https:\/\/grindeks.com\/es\/wp-json\/wp\/v2\/pages"}],"about":[{"href":"https:\/\/grindeks.com\/es\/wp-json\/wp\/v2\/types\/page"}],"author":[{"embeddable":true,"href":"https:\/\/grindeks.com\/es\/wp-json\/wp\/v2\/users\/3"}],"replies":[{"embeddable":true,"href":"https:\/\/grindeks.com\/es\/wp-json\/wp\/v2\/comments?post=8437"}],"version-history":[{"count":1,"href":"https:\/\/grindeks.com\/es\/wp-json\/wp\/v2\/pages\/8437\/revisions"}],"predecessor-version":[{"id":11505,"href":"https:\/\/grindeks.com\/es\/wp-json\/wp\/v2\/pages\/8437\/revisions\/11505"}],"up":[{"embeddable":true,"href":"https:\/\/grindeks.com\/es\/wp-json\/wp\/v2\/pages\/8434"}],"wp:featuredmedia":[{"embeddable":true,"href":"https:\/\/grindeks.com\/es\/wp-json\/wp\/v2\/media\/6601"}],"wp:attachment":[{"href":"https:\/\/grindeks.com\/es\/wp-json\/wp\/v2\/media?parent=8437"}],"curies":[{"name":"wp","href":"https:\/\/api.w.org\/{rel}","templated":true}]}}