{"id":8434,"date":"2022-07-20T08:28:44","date_gmt":"2022-07-20T05:28:44","guid":{"rendered":"http:\/\/staging.grindeks.eu\/about-us\/gestion\/"},"modified":"2025-08-13T15:36:36","modified_gmt":"2025-08-13T12:36:36","slug":"gestion","status":"publish","type":"page","link":"https:\/\/grindeks.com\/es\/sobre-nosotros\/gestion\/","title":{"rendered":"Gesti\u00f3n"},"content":{"rendered":"\n<p>Para asegurar y aumentar la comprensi\u00f3n de los socios de cooperaci\u00f3n, los clientes y la sociedad sobre la empresa, sus actividades, la gobernanza de Grindeks se lleva a cabo en el marco de las normas pertinentes para la gesti\u00f3n empresarial.<\/p>\n\n\n\n<p>Fomenta la transparencia de la gobernanza y aumenta la calidad de la empresa y su atractivo a los ojos de la sociedad.<\/p>\n\n\n\n<h3 class=\"wp-block-heading has-text-align-center\">Nuestros l\u00edderes  <\/h3>\n\n\n\n<p><\/p>\n\n\n\n<div class=\"wp-block-columns is-layout-flex wp-container-core-columns-is-layout-9d6595d7 wp-block-columns-is-layout-flex\">\n<div class=\"wp-block-column is-layout-flow wp-block-column-is-layout-flow\">\n<h4 class=\"wp-block-heading has-text-align-center\">Consejo de Supervisi\u00f3n<\/h4>\n<\/div>\n\n\n\n<div class=\"wp-block-column is-layout-flow wp-block-column-is-layout-flow\">\n<h4 class=\"wp-block-heading has-text-align-center\">Junta<\/h4>\n<\/div>\n<\/div>\n\n\n\n<div class=\"wp-block-columns is-layout-flex wp-container-core-columns-is-layout-9d6595d7 wp-block-columns-is-layout-flex\">\n<div class=\"wp-block-column is-layout-flow wp-block-column-is-layout-flow\" style=\"flex-basis:100%\">\n<div class=\"wp-block-columns is-layout-flex wp-container-core-columns-is-layout-9d6595d7 wp-block-columns-is-layout-flex\">\n<div class=\"wp-block-column is-layout-flow wp-block-column-is-layout-flow\" style=\"flex-basis:100%\">\n<div class=\"wp-block-columns is-layout-flex wp-container-core-columns-is-layout-9d6595d7 wp-block-columns-is-layout-flex\">\n<div class=\"wp-block-column is-layout-flow wp-block-column-is-layout-flow\">\n<figure class=\"wp-block-image size-large is-style-rounded\"><a href=\"http:\/\/grindeks.com\/en\/about-us\/management\/supervisory-council\/\"><img decoding=\"async\" width=\"1024\" height=\"1024\" src=\"http:\/\/grindeks.com\/wp-content\/uploads\/2022\/08\/kl_homepage-1024x1024.png\" alt=\"\" class=\"wp-image-7310\" title=\"\" srcset=\"https:\/\/grindeks.com\/wp-content\/uploads\/2022\/08\/kl_homepage-1024x1024.png 1024w, https:\/\/grindeks.com\/wp-content\/uploads\/2022\/08\/kl_homepage-300x300.png 300w, https:\/\/grindeks.com\/wp-content\/uploads\/2022\/08\/kl_homepage-150x150.png 150w, https:\/\/grindeks.com\/wp-content\/uploads\/2022\/08\/kl_homepage-768x768.png 768w, https:\/\/grindeks.com\/wp-content\/uploads\/2022\/08\/kl_homepage-480x480.png 480w, https:\/\/grindeks.com\/wp-content\/uploads\/2022\/08\/kl_homepage-640x640.png 640w, https:\/\/grindeks.com\/wp-content\/uploads\/2022\/08\/kl_homepage-720x720.png 720w, https:\/\/grindeks.com\/wp-content\/uploads\/2022\/08\/kl_homepage-960x960.png 960w, https:\/\/grindeks.com\/wp-content\/uploads\/2022\/08\/kl_homepage.png 1080w\" sizes=\"(max-width: 1024px) 100vw, 1024px\" \/><\/a><\/figure>\n<\/div>\n\n\n\n<div class=\"wp-block-column is-layout-flow wp-block-column-is-layout-flow\">\n<figure class=\"wp-block-image alignfull size-large is-style-rounded\"><img decoding=\"async\" width=\"1024\" height=\"1024\" src=\"https:\/\/grindeks.com\/wp-content\/uploads\/2025\/08\/majaslapa-1024x1024.png\" alt=\"\" class=\"wp-image-11393\" title=\"\" srcset=\"https:\/\/grindeks.com\/wp-content\/uploads\/2025\/08\/majaslapa-1024x1024.png 1024w, https:\/\/grindeks.com\/wp-content\/uploads\/2025\/08\/majaslapa-300x300.png 300w, https:\/\/grindeks.com\/wp-content\/uploads\/2025\/08\/majaslapa-150x150.png 150w, https:\/\/grindeks.com\/wp-content\/uploads\/2025\/08\/majaslapa-768x768.png 768w, https:\/\/grindeks.com\/wp-content\/uploads\/2025\/08\/majaslapa-480x480.png 480w, https:\/\/grindeks.com\/wp-content\/uploads\/2025\/08\/majaslapa-640x640.png 640w, https:\/\/grindeks.com\/wp-content\/uploads\/2025\/08\/majaslapa-720x720.png 720w, https:\/\/grindeks.com\/wp-content\/uploads\/2025\/08\/majaslapa-960x960.png 960w, https:\/\/grindeks.com\/wp-content\/uploads\/2025\/08\/majaslapa.png 1080w\" sizes=\"(max-width: 1024px) 100vw, 1024px\" \/><\/figure>\n<\/div>\n<\/div>\n<\/div>\n<\/div>\n<\/div>\n<\/div>\n\n\n\n<h4 class=\"wp-block-heading\"><strong>La estrategia del Grupo Grindeks<\/strong><\/h4>\n\n\n\n<p>La estrategia del Grupo Grindeks hasta el a\u00f1o 2025 tiene 6 grandes direcciones de desarrollo.<\/p>\n\n\n\n<ol class=\"wp-block-list\">\n<li>Aumento de la gama de los ingredientes farmac\u00e9uticos activos y de las formas farmac\u00e9uticas finales.<\/li>\n\n\n\n<li>Expansi\u00f3n en los nuevos mercados: pa\u00edses de la Uni\u00f3n Europea, Estados Unidos, Jap\u00f3n, Corea del Sur, Australia, Nueva Zelanda y Canad\u00e1.<\/li>\n\n\n\n<li>Ampliaci\u00f3n de la infraestructura de fabricaci\u00f3n en Letonia, Eslovaquia y Estonia.<\/li>\n\n\n\n<li>Desarrollo de la filial JSC Kalceks.<\/li>\n\n\n\n<li>Digitalizaci\u00f3n mediante la reconversi\u00f3n de los procesos empresariales para utilizar tecnolog\u00edas digitales y dejar de utilizar el papel de aqu\u00ed a 2025.<\/li>\n\n\n\n<li>Centrarse en la conciencia medioambiental y la sostenibilidad.<\/li>\n<\/ol>\n","protected":false},"excerpt":{"rendered":"<p>Para asegurar y aumentar la comprensi\u00f3n de los socios de cooperaci\u00f3n, los clientes y la sociedad sobre la empresa, sus actividades, la gobernanza de Grindeks&#8230;<\/p>\n","protected":false},"author":3,"featured_media":7101,"parent":7639,"menu_order":0,"comment_status":"closed","ping_status":"closed","template":"","meta":{"_acf_changed":false,"footnotes":""},"class_list":["post-8434","page","type-page","status-publish","has-post-thumbnail","hentry"],"acf":[],"_links":{"self":[{"href":"https:\/\/grindeks.com\/es\/wp-json\/wp\/v2\/pages\/8434","targetHints":{"allow":["GET"]}}],"collection":[{"href":"https:\/\/grindeks.com\/es\/wp-json\/wp\/v2\/pages"}],"about":[{"href":"https:\/\/grindeks.com\/es\/wp-json\/wp\/v2\/types\/page"}],"author":[{"embeddable":true,"href":"https:\/\/grindeks.com\/es\/wp-json\/wp\/v2\/users\/3"}],"replies":[{"embeddable":true,"href":"https:\/\/grindeks.com\/es\/wp-json\/wp\/v2\/comments?post=8434"}],"version-history":[{"count":1,"href":"https:\/\/grindeks.com\/es\/wp-json\/wp\/v2\/pages\/8434\/revisions"}],"predecessor-version":[{"id":11450,"href":"https:\/\/grindeks.com\/es\/wp-json\/wp\/v2\/pages\/8434\/revisions\/11450"}],"up":[{"embeddable":true,"href":"https:\/\/grindeks.com\/es\/wp-json\/wp\/v2\/pages\/7639"}],"wp:featuredmedia":[{"embeddable":true,"href":"https:\/\/grindeks.com\/es\/wp-json\/wp\/v2\/media\/7101"}],"wp:attachment":[{"href":"https:\/\/grindeks.com\/es\/wp-json\/wp\/v2\/media?parent=8434"}],"curies":[{"name":"wp","href":"https:\/\/api.w.org\/{rel}","templated":true}]}}