{"id":8414,"date":"2022-07-20T11:16:14","date_gmt":"2022-07-20T08:16:14","guid":{"rendered":"http:\/\/staging.grindeks.eu\/productos\/farmacovigilancia\/"},"modified":"2025-10-28T17:03:51","modified_gmt":"2025-10-28T14:03:51","slug":"farmacovigilancia","status":"publish","type":"page","link":"https:\/\/grindeks.com\/es\/productos\/farmacovigilancia\/","title":{"rendered":"Farmacovigilancia"},"content":{"rendered":"\n<p>Como responsable de la seguridad de los medicamentos y de los pacientes, Grindeks desarrolla la vigilancia de las reacciones adversas a los medicamentos (farmacovigilancia) en todos los pa\u00edses en los que est\u00e1n disponibles nuestros medicamentos.<\/p>\n\n\n\n<figure class=\"wp-block-image size-large\"><img decoding=\"async\" src=\"http:\/\/grindeks.com\/wp-content\/uploads\/2022\/07\/Pharmacovigilance-1-1024x560.jpeg\" alt=\"FarmacovigilanciaImg1\" class=\"wp-image-4012\" title=\"\"><\/figure>\n\n\n\n<p>Grindeks y su filial Kalceks mantienen un sistema \u00fanico de farmacovigilancia.<\/p>\n\n\n\n<p>La tarea de la divisi\u00f3n de farmacovigilancia es la eliminaci\u00f3n del riesgo para el paciente y la detecci\u00f3n de nuevos efectos, tanto positivos como negativos.<\/p>\n\n\n\n<p>La Divisi\u00f3n se rige por las buenas pr\u00e1cticas de farmacovigilancia y la legislaci\u00f3n nacional. La informaci\u00f3n recibida se verifica, se eval\u00faa y se comunica cuando es necesario.<\/p>\n\n\n\n<h5 class=\"wp-block-heading\">Si al usar o administrar nuestros medicamentos nota alg\u00fan efecto secundario, falta de eficacia u otra reacci\u00f3n inusual, por favor inf\u00f3rmelo de la manera m\u00e1s conveniente para usted<\/h5>\n\n\n\n<ul class=\"wp-block-list\">\n<li>utilizando el formulario en l\u00ednea disponible m\u00e1s adelante<\/li>\n\n\n\n<li>por correo electr\u00f3nico: <a href=\"mailto:vigilance@grindeks.lv\">vigilance@grindeks.lv<\/a> o <a href=\"mailto:marija.briede@grindeks.lv\">marija.briede@grindeks.lv<\/a><\/li>\n\n\n\n<li>por correo: Divisi\u00f3n de farmacovigilancia, JSC Grindeks, calle Krustpils 53, LV-1057, Riga, Letonia<\/li>\n\n\n\n<li>por tel\u00e9fono: +371 67083644 (horario comercial) o +371 28655389 (fuera de horario comercial)<\/li>\n<\/ul>\n\n\n\n<p>Garantizamos la total confidencialidad de sus datos.<\/p>\n\n\n\n<p>\u00a1Tambi\u00e9n invitamos a denunciar los casos de consumo inadecuado de drogas!<\/p>\n\n\n\n<p>Si desea informar sobre los efectos secundarios de los medicamentos Kalceks, le aconsejamos que utilice las opciones mencionadas anteriormente. Puede obtener m\u00e1s informaci\u00f3n sobre los productos Kalceks <a href=\"http:\/\/www.kalceks.lv\/index.php\/en\/products-eng\" target=\"_blank\" rel=\"noopener\">aqu\u00ed<\/a>.<\/p>\n\n\n\n<p><strong>Arina Bobrovi\u010da <\/strong><br>Persona cualificada para la farmacovigilancia<br>N\u00famero de tel\u00e9fono directo: +37126066263<\/p>\n\n\n<form action=\"https:\/\/grindeks.com\/es\/wp-json\/ws-form\/v1\/submit\" class=\"wsf-form wsf-form-canvas\" id=\"ws-form-1\" data-id=\"26\" method=\"POST\" data-instance-id=\"1\" data-wsf-style-id=\"1\"><\/form>\n","protected":false},"excerpt":{"rendered":"<p>Como responsable de la seguridad de los medicamentos y de los pacientes, Grindeks desarrolla la vigilancia de las reacciones adversas a los medicamentos (farmacovigilancia) en&#8230;<\/p>\n","protected":false},"author":3,"featured_media":6601,"parent":7872,"menu_order":0,"comment_status":"closed","ping_status":"closed","template":"","meta":{"_acf_changed":false,"footnotes":""},"class_list":["post-8414","page","type-page","status-publish","has-post-thumbnail","hentry"],"acf":[],"_links":{"self":[{"href":"https:\/\/grindeks.com\/es\/wp-json\/wp\/v2\/pages\/8414","targetHints":{"allow":["GET"]}}],"collection":[{"href":"https:\/\/grindeks.com\/es\/wp-json\/wp\/v2\/pages"}],"about":[{"href":"https:\/\/grindeks.com\/es\/wp-json\/wp\/v2\/types\/page"}],"author":[{"embeddable":true,"href":"https:\/\/grindeks.com\/es\/wp-json\/wp\/v2\/users\/3"}],"replies":[{"embeddable":true,"href":"https:\/\/grindeks.com\/es\/wp-json\/wp\/v2\/comments?post=8414"}],"version-history":[{"count":2,"href":"https:\/\/grindeks.com\/es\/wp-json\/wp\/v2\/pages\/8414\/revisions"}],"predecessor-version":[{"id":11773,"href":"https:\/\/grindeks.com\/es\/wp-json\/wp\/v2\/pages\/8414\/revisions\/11773"}],"up":[{"embeddable":true,"href":"https:\/\/grindeks.com\/es\/wp-json\/wp\/v2\/pages\/7872"}],"wp:featuredmedia":[{"embeddable":true,"href":"https:\/\/grindeks.com\/es\/wp-json\/wp\/v2\/media\/6601"}],"wp:attachment":[{"href":"https:\/\/grindeks.com\/es\/wp-json\/wp\/v2\/media?parent=8414"}],"curies":[{"name":"wp","href":"https:\/\/api.w.org\/{rel}","templated":true}]}}