{"id":8311,"date":"2022-07-14T13:58:25","date_gmt":"2022-07-14T13:58:25","guid":{"rendered":"http:\/\/staging.grindeks.eu\/carrera\/"},"modified":"2023-04-11T07:22:51","modified_gmt":"2023-04-11T07:22:51","slug":"carrera","status":"publish","type":"page","link":"https:\/\/grindeks.com\/es\/carrera\/","title":{"rendered":"Carrera"},"content":{"rendered":"\n<div class=\"wp-block-columns is-layout-flex wp-container-core-columns-is-layout-9d6595d7 wp-block-columns-is-layout-flex\">\n<div class=\"wp-block-column is-layout-flow wp-block-column-is-layout-flow\">\n<p>El trabajo en Grindeks no es s\u00f3lo un trabajo. Ofrecemos un trabajo apasionante y muy significativo en el que su contribuci\u00f3n mejorar\u00e1 la salud y la calidad de vida de las personas en todo el mundo. Contratamos a personas con talento que comparten nuestros valores, complementan nuestra diversa experiencia y nos ayudan a convertirnos en una de las 100 principales empresas farmac\u00e9uticas del mundo.<\/p>\n\n\n\n<p><\/p>\n<\/div>\n\n\n\n<div class=\"wp-block-column is-layout-flow wp-block-column-is-layout-flow\">\n<p>Una carrera en Grindeks significa un lugar de trabajo din\u00e1mico y contempor\u00e1neo, un equipo orientado a los resultados, oportunidades de desarrollo profesional internacional, as\u00ed como un amplio programa de motivaci\u00f3n y fidelizaci\u00f3n.<\/p>\n<\/div>\n<\/div>\n","protected":false},"excerpt":{"rendered":"<p>El trabajo en Grindeks no es s\u00f3lo un trabajo. Ofrecemos un trabajo apasionante y muy significativo en el que su contribuci\u00f3n mejorar\u00e1 la salud y&#8230;<\/p>\n","protected":false},"author":1,"featured_media":6601,"parent":0,"menu_order":0,"comment_status":"closed","ping_status":"closed","template":"","meta":{"_acf_changed":false,"footnotes":""},"class_list":["post-8311","page","type-page","status-publish","has-post-thumbnail","hentry"],"acf":[],"_links":{"self":[{"href":"https:\/\/grindeks.com\/es\/wp-json\/wp\/v2\/pages\/8311","targetHints":{"allow":["GET"]}}],"collection":[{"href":"https:\/\/grindeks.com\/es\/wp-json\/wp\/v2\/pages"}],"about":[{"href":"https:\/\/grindeks.com\/es\/wp-json\/wp\/v2\/types\/page"}],"author":[{"embeddable":true,"href":"https:\/\/grindeks.com\/es\/wp-json\/wp\/v2\/users\/1"}],"replies":[{"embeddable":true,"href":"https:\/\/grindeks.com\/es\/wp-json\/wp\/v2\/comments?post=8311"}],"version-history":[{"count":0,"href":"https:\/\/grindeks.com\/es\/wp-json\/wp\/v2\/pages\/8311\/revisions"}],"wp:featuredmedia":[{"embeddable":true,"href":"https:\/\/grindeks.com\/es\/wp-json\/wp\/v2\/media\/6601"}],"wp:attachment":[{"href":"https:\/\/grindeks.com\/es\/wp-json\/wp\/v2\/media?parent=8311"}],"curies":[{"name":"wp","href":"https:\/\/api.w.org\/{rel}","templated":true}]}}